{"id":2916,"date":"2013-04-15T01:06:28","date_gmt":"2013-04-14T23:06:28","guid":{"rendered":"http:\/\/klubmamgdynia.pl\/index.php\/produkt\/icom-tor-z-podwojna-petla\/"},"modified":"2026-04-12T15:03:39","modified_gmt":"2026-04-12T13:03:39","slug":"icom-tor-z-podwojna-petla","status":"publish","type":"product","link":"http:\/\/klubmamgdynia.pl\/index.php\/produkt\/icom-tor-z-podwojna-petla\/","title":{"rendered":"Icom Tor Z Podw\u00f3jn\u0105 P\u0119tl\u0105"},"content":{"rendered":"<p>&#8211; najszybsza wysy\u0142ka!<\/p>\n<h2>Icom Tor Z Podw\u00f3jn\u0105 P\u0119tl\u0105 Icom<\/h2>\n<p>praktyczny prezent dla rocznego dziecka, quiz zemsta, kolorowanki pikachu, kamila, gad\u017cety dla nastolatk\u00f3w 2021, smerfy kolorowanka, zawiedziona przyja\u017a\u0144 cytaty, elzbieta imie, spiderman do druku, ziemia wyspa zielona tekst, quiz o \u015bwi\u0119tach bo\u017cego narodzenia<\/p>\n<p>yyyyy<\/p>\n<p>&nbsp;<\/p>\n","protected":false},"excerpt":{"rendered":"<p>&#8211; najszybsza wysy\u0142ka! Icom Tor Z Podw\u00f3jn\u0105 P\u0119tl\u0105 Icom praktyczny prezent dla rocznego dziecka, quiz zemsta, kolorowanki pikachu, kamila, gad\u017cety dla nastolatk\u00f3w 2021, smerfy kolorowanka, zawiedziona przyja\u017a\u0144 cytaty, elzbieta imie, spiderman do druku, ziemia wyspa zielona tekst, quiz o \u015bwi\u0119tach bo\u017cego narodzenia yyyyy &nbsp;<\/p>\n","protected":false},"featured_media":2917,"comment_status":"closed","ping_status":"open","template":"","meta":[],"product_cat":[102,141],"product_tag":[654,787,713,634],"class_list":["post-2916","product","type-product","status-publish","has-post-thumbnail","hentry","product_cat-icom","product_cat-parkingi-garaze-i-tory-wyscigowe","product_tag-krotkie-bajki-dla-dzieci-do-czytania","product_tag-nauka-pisania-wyrazow-dla-dzieci-do-druku-pdf","product_tag-zagadki-logiczne-z-odpowiedziami","product_tag-zagadki-wielkanocne-dla-dzieci"],"_links":{"self":[{"href":"http:\/\/klubmamgdynia.pl\/index.php\/wp-json\/wp\/v2\/product\/2916","targetHints":{"allow":["GET"]}}],"collection":[{"href":"http:\/\/klubmamgdynia.pl\/index.php\/wp-json\/wp\/v2\/product"}],"about":[{"href":"http:\/\/klubmamgdynia.pl\/index.php\/wp-json\/wp\/v2\/types\/product"}],"replies":[{"embeddable":true,"href":"http:\/\/klubmamgdynia.pl\/index.php\/wp-json\/wp\/v2\/comments?post=2916"}],"wp:featuredmedia":[{"embeddable":true,"href":"http:\/\/klubmamgdynia.pl\/index.php\/wp-json\/wp\/v2\/media\/2917"}],"wp:attachment":[{"href":"http:\/\/klubmamgdynia.pl\/index.php\/wp-json\/wp\/v2\/media?parent=2916"}],"wp:term":[{"taxonomy":"product_cat","embeddable":true,"href":"http:\/\/klubmamgdynia.pl\/index.php\/wp-json\/wp\/v2\/product_cat?post=2916"},{"taxonomy":"product_tag","embeddable":true,"href":"http:\/\/klubmamgdynia.pl\/index.php\/wp-json\/wp\/v2\/product_tag?post=2916"}],"curies":[{"name":"wp","href":"https:\/\/api.w.org\/{rel}","templated":true}]}}