{"id":2918,"date":"2012-06-21T17:13:18","date_gmt":"2012-06-21T15:13:18","guid":{"rendered":"http:\/\/klubmamgdynia.pl\/index.php\/produkt\/icom-zestaw-do-produkcji-makaronu-z-plastoliny-dc9f1109b\/"},"modified":"2026-04-04T05:28:19","modified_gmt":"2026-04-04T03:28:19","slug":"icom-zestaw-do-produkcji-makaronu-z-plastoliny-dc9f1109b","status":"publish","type":"product","link":"http:\/\/klubmamgdynia.pl\/index.php\/produkt\/icom-zestaw-do-produkcji-makaronu-z-plastoliny-dc9f1109b\/","title":{"rendered":"Icom Zestaw Do Produkcji Makaronu Z Plastoliny Dc9F1109B"},"content":{"rendered":"<p>ZESTAW DO PRODUKCJI MAKARONU Z PLASTOLINY Icom Poland ZESTAW DO PRODUKCJI MAKARONU Z PLASTOLINYSzeroko\u015b\u0107: 26Wysoko\u015b\u0107: 20G\u0142\u0119boko\u015b\u0107: 9<\/p>\n<h2>Icom Zestaw Do Produkcji Makaronu Z Plastoliny Dc9F1109B Icom<\/h2>\n<p>bajki na dobranoc psi patrol, kanapki dla dzieci, piosenka dla mamy tekst, maska dinozaura, znaki drogowe test, uk\u0142ad s\u0142oneczny do druku, quiz minecraft, konkurencje sportowe dla dzieci, opis rodzina, transformers kolorowanka<\/p>\n<p>yyyyy<\/p>\n<p>&nbsp;<\/p>\n","protected":false},"excerpt":{"rendered":"<p>ZESTAW DO PRODUKCJI MAKARONU Z PLASTOLINY Icom Poland ZESTAW DO PRODUKCJI MAKARONU Z PLASTOLINYSzeroko\u015b\u0107: 26Wysoko\u015b\u0107: 20G\u0142\u0119boko\u015b\u0107: 9 Icom Zestaw Do Produkcji Makaronu Z Plastoliny Dc9F1109B Icom bajki na dobranoc psi patrol, kanapki dla dzieci, piosenka dla mamy tekst, maska dinozaura, znaki drogowe test, uk\u0142ad s\u0142oneczny do druku, quiz minecraft, konkurencje sportowe dla dzieci, opis rodzina, [&hellip;]<\/p>\n","protected":false},"featured_media":2919,"comment_status":"closed","ping_status":"open","template":"","meta":[],"product_cat":[102,21],"product_tag":[619,683,742,846,623],"class_list":["post-2918","product","type-product","status-publish","has-post-thumbnail","hentry","product_cat-icom","product_cat-zabawki-plastyczne","product_tag-iwo-imie","product_tag-karaluchy-pod-poduchy","product_tag-piosenki-dla-dzieci-tekst","product_tag-rysowanki","product_tag-zagadki-logiczne-smieszne"],"_links":{"self":[{"href":"http:\/\/klubmamgdynia.pl\/index.php\/wp-json\/wp\/v2\/product\/2918","targetHints":{"allow":["GET"]}}],"collection":[{"href":"http:\/\/klubmamgdynia.pl\/index.php\/wp-json\/wp\/v2\/product"}],"about":[{"href":"http:\/\/klubmamgdynia.pl\/index.php\/wp-json\/wp\/v2\/types\/product"}],"replies":[{"embeddable":true,"href":"http:\/\/klubmamgdynia.pl\/index.php\/wp-json\/wp\/v2\/comments?post=2918"}],"wp:featuredmedia":[{"embeddable":true,"href":"http:\/\/klubmamgdynia.pl\/index.php\/wp-json\/wp\/v2\/media\/2919"}],"wp:attachment":[{"href":"http:\/\/klubmamgdynia.pl\/index.php\/wp-json\/wp\/v2\/media?parent=2918"}],"wp:term":[{"taxonomy":"product_cat","embeddable":true,"href":"http:\/\/klubmamgdynia.pl\/index.php\/wp-json\/wp\/v2\/product_cat?post=2918"},{"taxonomy":"product_tag","embeddable":true,"href":"http:\/\/klubmamgdynia.pl\/index.php\/wp-json\/wp\/v2\/product_tag?post=2918"}],"curies":[{"name":"wp","href":"https:\/\/api.w.org\/{rel}","templated":true}]}}