{"id":2920,"date":"2017-01-30T17:39:59","date_gmt":"2017-01-30T16:39:59","guid":{"rendered":"http:\/\/klubmamgdynia.pl\/index.php\/produkt\/plus-plus-midi-pastel-50el-jednorozec\/"},"modified":"2026-04-22T22:22:41","modified_gmt":"2026-04-22T20:22:41","slug":"plus-plus-midi-pastel-50el-jednorozec","status":"publish","type":"product","link":"http:\/\/klubmamgdynia.pl\/index.php\/produkt\/plus-plus-midi-pastel-50el-jednorozec\/","title":{"rendered":"Plus-Plus Midi Pastel 50El. Jednoro\u017cec"},"content":{"rendered":"<p>Zestaw zawiera 50 sztuk klock\u00f3w Midi w kolorach pastelowych. Dodatkowo w zestawie zamieszczona jest ksi\u0105\u017ceczka jak zbudowa\u0107 jednoro\u017cca, kt\u00f3ry znajduje si\u0119 na opakowaniu. Klocki du\u0144skiej firmy Plus-Plus rozwijaj\u0105 dzieci\u0119c\u0105 wyobra\u017ani\u0119. Charakteryzuj\u0105 si\u0119 wysok\u0105 dok\u0142adno\u015bci\u0105 wykonania. Prosty spos\u00f3b \u0142\u0105czenia, daje mo\u017cliwo\u015b\u0107 budowy zar\u00f3wno p\u0142askich jak i przestrzennych konstrukcji.Jedynym narz\u0119dziem jest dzieci\u0119ca wyobra\u017ania. Pomagaj\u0105 rozwija\u0107 zdolno\u015bci manualne i kreatywno\u015b\u0107 u dzieci. Polecamy je tak\u017ce starszym wielbicielom klock\u00f3w. Klocki Plus-Plus to du\u0144ski design w czystej postaci. Plus-Plus s\u0105 produkowane w fabryce w Danii z najwy\u017csz\u0105 staranno\u015bci\u0105, nie zawieraj\u0105 PVC oraz ftalan\u00f3w. Klocki spe\u0142niaj\u0105 europejskie normy bezpiecze\u0144stwa. Specjalnie dla najm\u0142odszych dzieci klocki Plus-Plus w wersji Midi (50 mm). Wi\u0119ksze elementy zosta\u0142y tak zaprojektowane aby u\u0142atwi\u0107 zabaw\u0119 ma\u0142ym r\u0105czkom. Klocki przeznaczone dla dzieci powy\u017cej pierwszego roku \u017cycia. Mo\u017cna \u0142\u0105czy\u0107 z innymi zestawami Midi. Wyprodukowano w Danii Wiek: 1+<\/p>\n<h2>Plus-Plus Midi Pastel 50El. Jednoro\u017cec Plus Plus<\/h2>\n<p>jordan co oznacza, papugi do druku, czerwony kapturek kolorowanka, prezent dla 15 latka, laura, \u015bmieszne zagadki, sentencje ma\u0142y ksi\u0105\u017ce cytaty, podchwytliwe zagadki z odpowiedziami, cytaty rodzina, kolorowanki kotka, r\u0119cznie robione jak zrobi\u0107 kartk\u0119 walentynkow\u0105<\/p>\n<p>yyyyy<\/p>\n<p>&nbsp;<\/p>\n","protected":false},"excerpt":{"rendered":"<p>Zestaw zawiera 50 sztuk klock\u00f3w Midi w kolorach pastelowych. Dodatkowo w zestawie zamieszczona jest ksi\u0105\u017ceczka jak zbudowa\u0107 jednoro\u017cca, kt\u00f3ry znajduje si\u0119 na opakowaniu. Klocki du\u0144skiej firmy Plus-Plus rozwijaj\u0105 dzieci\u0119c\u0105 wyobra\u017ani\u0119. Charakteryzuj\u0105 si\u0119 wysok\u0105 dok\u0142adno\u015bci\u0105 wykonania. Prosty spos\u00f3b \u0142\u0105czenia, daje mo\u017cliwo\u015b\u0107 budowy zar\u00f3wno p\u0142askich jak i przestrzennych konstrukcji.Jedynym narz\u0119dziem jest dzieci\u0119ca wyobra\u017ania. Pomagaj\u0105 rozwija\u0107 zdolno\u015bci manualne [&hellip;]<\/p>\n","protected":false},"featured_media":2921,"comment_status":"closed","ping_status":"open","template":"","meta":[],"product_cat":[113,996],"product_tag":[611,688,813,732,764],"class_list":["post-2920","product","type-product","status-publish","has-post-thumbnail","hentry","product_cat-klocki","product_cat-plus-plus","product_tag-bajki-do-czytania-psi-patrol","product_tag-kolysanki-tekst","product_tag-krotkie-zagadki-matematyczne-z-odpowiedziami","product_tag-prezent-dla-rocznego-chlopca","product_tag-prezenty-na-roczek-dla-dziewczynki"],"_links":{"self":[{"href":"http:\/\/klubmamgdynia.pl\/index.php\/wp-json\/wp\/v2\/product\/2920","targetHints":{"allow":["GET"]}}],"collection":[{"href":"http:\/\/klubmamgdynia.pl\/index.php\/wp-json\/wp\/v2\/product"}],"about":[{"href":"http:\/\/klubmamgdynia.pl\/index.php\/wp-json\/wp\/v2\/types\/product"}],"replies":[{"embeddable":true,"href":"http:\/\/klubmamgdynia.pl\/index.php\/wp-json\/wp\/v2\/comments?post=2920"}],"wp:featuredmedia":[{"embeddable":true,"href":"http:\/\/klubmamgdynia.pl\/index.php\/wp-json\/wp\/v2\/media\/2921"}],"wp:attachment":[{"href":"http:\/\/klubmamgdynia.pl\/index.php\/wp-json\/wp\/v2\/media?parent=2920"}],"wp:term":[{"taxonomy":"product_cat","embeddable":true,"href":"http:\/\/klubmamgdynia.pl\/index.php\/wp-json\/wp\/v2\/product_cat?post=2920"},{"taxonomy":"product_tag","embeddable":true,"href":"http:\/\/klubmamgdynia.pl\/index.php\/wp-json\/wp\/v2\/product_tag?post=2920"}],"curies":[{"name":"wp","href":"https:\/\/api.w.org\/{rel}","templated":true}]}}