{"id":2922,"date":"2023-07-11T15:36:38","date_gmt":"2023-07-11T13:36:38","guid":{"rendered":"http:\/\/klubmamgdynia.pl\/?post_type=product&#038;p=2922"},"modified":"2026-05-17T22:37:52","modified_gmt":"2026-05-17T20:37:52","slug":"playmobil-surfer-z-kabrioletem-6069","status":"publish","type":"product","link":"http:\/\/klubmamgdynia.pl\/index.php\/produkt\/playmobil-surfer-z-kabrioletem-6069\/","title":{"rendered":"Playmobil Surfer z kabrioletem (6069)"},"content":{"rendered":"<p>Surfer z kabrioletemNr artyku\u0142u: 6069Na pla\u017c\u0119 z desk\u0105 surfingow\u0105!PLAYMOBIL to synonim kreatywnej zabawy &#8211; wcielania si\u0119 w rol\u0119; to jako\u015b\u0107 i bezpiecze\u0144stwo na najwy\u017cszym poziomie. PLAYMOBIL niezmiennie zalicza si\u0119 do ulubionych zabawek dzieci. Zaufanie rodzic\u00f3w do marki bazuje tak\u017ce na wiedzy o wysokiej jako\u015bci produktu &#8222;Made in Europa&#8221;. Od lat rynek zabawek znajduje si\u0119 pod ogromn\u0105 presj\u0105 ceny. Nie mo\u017ce to spowodowa\u0107 obni\u017cenia jako\u015bci i przede wszystkim bezpiecze\u0144stwa produkt\u00f3w dla dzieci. PLAYMOBIL finansuje w\u0142asny dzia\u0142 rozwoju, w kt\u00f3rego sk\u0142ad wchodzi projektanci, specjali\u015bci z zakresu konstrukcji i pracownicy w\u0142asnej wzorcowni. Do\u015bwiadczenia, jakie ten zesp\u00f3\u0142 zebra\u0142 podczas ponad 30 lat, stanowi\u0105 ogromn\u0105 warto\u015b\u0107 i niewielu jest im r\u00f3wnych w bran\u017cy zabawek.<\/p>\n<h2>Playmobil Surfer z kabrioletem (6069) Playmobil<\/h2>\n<p>ahmed, jak narysowa\u0107 oko, podchwytliwe zagadki, fajne \u017carty na prima aprilis, prezenty na urodziny dla nastolatk\u00f3w, sentencja rodzina, weso\u0142e pisanki tekst piosenki, prezent dla 15 latki, psi patrol do czytania, skye psi patrol kolorowanka, zagadki dla dzieci z odpowiedziami, szlaczki dla dzieci, \u017carty na prima aprilis dla mamy, kolorowanki dla dziewczynek do druku, lucjan<\/p>\n<p>yyyyy<\/p>\n<p>&nbsp;<\/p>\n","protected":false},"excerpt":{"rendered":"<p>Surfer z kabrioletemNr artyku\u0142u: 6069Na pla\u017c\u0119 z desk\u0105 surfingow\u0105!PLAYMOBIL to synonim kreatywnej zabawy &#8211; wcielania si\u0119 w rol\u0119; to jako\u015b\u0107 i bezpiecze\u0144stwo na najwy\u017cszym poziomie. PLAYMOBIL niezmiennie zalicza si\u0119 do ulubionych zabawek dzieci. Zaufanie rodzic\u00f3w do marki bazuje tak\u017ce na wiedzy o wysokiej jako\u015bci produktu &#8222;Made in Europa&#8221;. Od lat rynek zabawek znajduje si\u0119 pod [&hellip;]<\/p>\n","protected":false},"featured_media":2923,"comment_status":"closed","ping_status":"open","template":"","meta":[],"product_cat":[113,466],"product_tag":[719,584,798],"class_list":["post-2922","product","type-product","status-publish","has-post-thumbnail","hentry","product_cat-klocki","product_cat-playmobil","product_tag-dziecko-cytaty-zlote-mysli","product_tag-liwia","product_tag-prezenty-dla-nastolatki"],"_links":{"self":[{"href":"http:\/\/klubmamgdynia.pl\/index.php\/wp-json\/wp\/v2\/product\/2922","targetHints":{"allow":["GET"]}}],"collection":[{"href":"http:\/\/klubmamgdynia.pl\/index.php\/wp-json\/wp\/v2\/product"}],"about":[{"href":"http:\/\/klubmamgdynia.pl\/index.php\/wp-json\/wp\/v2\/types\/product"}],"replies":[{"embeddable":true,"href":"http:\/\/klubmamgdynia.pl\/index.php\/wp-json\/wp\/v2\/comments?post=2922"}],"wp:featuredmedia":[{"embeddable":true,"href":"http:\/\/klubmamgdynia.pl\/index.php\/wp-json\/wp\/v2\/media\/2923"}],"wp:attachment":[{"href":"http:\/\/klubmamgdynia.pl\/index.php\/wp-json\/wp\/v2\/media?parent=2922"}],"wp:term":[{"taxonomy":"product_cat","embeddable":true,"href":"http:\/\/klubmamgdynia.pl\/index.php\/wp-json\/wp\/v2\/product_cat?post=2922"},{"taxonomy":"product_tag","embeddable":true,"href":"http:\/\/klubmamgdynia.pl\/index.php\/wp-json\/wp\/v2\/product_tag?post=2922"}],"curies":[{"name":"wp","href":"https:\/\/api.w.org\/{rel}","templated":true}]}}