{"id":2926,"date":"2023-03-29T23:15:39","date_gmt":"2023-03-29T21:15:39","guid":{"rendered":"http:\/\/klubmamgdynia.pl\/?post_type=product&#038;p=2926"},"modified":"2026-04-30T16:14:08","modified_gmt":"2026-04-30T14:14:08","slug":"bumbo-stol-step-stool-hemlock-green-stol-step-stool","status":"publish","type":"product","link":"http:\/\/klubmamgdynia.pl\/index.php\/produkt\/bumbo-stol-step-stool-hemlock-green-stol-step-stool\/","title":{"rendered":"Bumbo St\u00f3\u0142 Step Stool Hemlock Green St\u00f3\u0142 Step Stool"},"content":{"rendered":"<p>Bumbo Step Stool to pierwszy krok w kierunku niezale\u017cno\u015bci Twojego dziecka. Idealny do \u0142azienki, ale tak\u017ce og\u00f3lnie do domu. Wysokiej jako\u015bci materia\u0142y i powierzchnia u\u0142atwiaj\u0105 czyszczenie. Dalsze szczeg\u00f3\u0142y dotycz\u0105ce produktu: Praktyczny Wiek: od 8 do 36 miesi\u0119cy Wymiary: szeroko\u015b\u0107 x wysoko\u015b\u0107 x g\u0142\u0119boko\u015b\u0107 38,5 x 16,5 x 28,5 cm Idealny do domu Elegancki, lekki materia\u0142 Wysoka jako\u015b\u0107 wykonania Design : Hemlock Green<\/p>\n<h2>Bumbo St\u00f3\u0142 Step Stool Hemlock Green St\u00f3\u0142 Step Stool Bumbo<\/h2>\n<p>karty pracy dla dzieci z ukrainy do druku, kiekrz, dzie\u0144 nauczyciela cytaty, prezent na roczek nie zabawka, przyjed\u017a do nas miko\u0142aju tekst, super zings do druku, a \u015bpij kochanie, zagadki dla 9 latk\u00f3w, imi\u0119 mira, litera y do druku, szlaczki literopodobne, kubu\u015b puchatek cytaty, oliwier, test z lektury opowie\u015bci z narnii lew czarownica i stara szafa, przeczytaj mi wiersz, flagi \u015bwiata quiz<\/p>\n<p>yyyyy<\/p>\n<p>&nbsp;<\/p>\n","protected":false},"excerpt":{"rendered":"<p>Bumbo Step Stool to pierwszy krok w kierunku niezale\u017cno\u015bci Twojego dziecka. Idealny do \u0142azienki, ale tak\u017ce og\u00f3lnie do domu. Wysokiej jako\u015bci materia\u0142y i powierzchnia u\u0142atwiaj\u0105 czyszczenie. Dalsze szczeg\u00f3\u0142y dotycz\u0105ce produktu: Praktyczny Wiek: od 8 do 36 miesi\u0119cy Wymiary: szeroko\u015b\u0107 x wysoko\u015b\u0107 x g\u0142\u0119boko\u015b\u0107 38,5 x 16,5 x 28,5 cm Idealny do domu Elegancki, lekki materia\u0142 [&hellip;]<\/p>\n","protected":false},"featured_media":2927,"comment_status":"closed","ping_status":"open","template":"","meta":[],"product_cat":[998,354],"product_tag":[668,700,667,749,623,701],"class_list":["post-2926","product","type-product","status-publish","has-post-thumbnail","hentry","product_cat-bumbo","product_cat-nocniki-nakladki-na-wc-i-podesty","product_tag-atrakcje-dla-dzieci-wroclaw","product_tag-bajki-do-czytania-dla-dzieci","product_tag-kolorowanka-lol","product_tag-najlepsze-zarty-na-prima-aprilis","product_tag-zagadki-logiczne-smieszne","product_tag-zgadywanki-dla-dzieci"],"_links":{"self":[{"href":"http:\/\/klubmamgdynia.pl\/index.php\/wp-json\/wp\/v2\/product\/2926","targetHints":{"allow":["GET"]}}],"collection":[{"href":"http:\/\/klubmamgdynia.pl\/index.php\/wp-json\/wp\/v2\/product"}],"about":[{"href":"http:\/\/klubmamgdynia.pl\/index.php\/wp-json\/wp\/v2\/types\/product"}],"replies":[{"embeddable":true,"href":"http:\/\/klubmamgdynia.pl\/index.php\/wp-json\/wp\/v2\/comments?post=2926"}],"wp:featuredmedia":[{"embeddable":true,"href":"http:\/\/klubmamgdynia.pl\/index.php\/wp-json\/wp\/v2\/media\/2927"}],"wp:attachment":[{"href":"http:\/\/klubmamgdynia.pl\/index.php\/wp-json\/wp\/v2\/media?parent=2926"}],"wp:term":[{"taxonomy":"product_cat","embeddable":true,"href":"http:\/\/klubmamgdynia.pl\/index.php\/wp-json\/wp\/v2\/product_cat?post=2926"},{"taxonomy":"product_tag","embeddable":true,"href":"http:\/\/klubmamgdynia.pl\/index.php\/wp-json\/wp\/v2\/product_tag?post=2926"}],"curies":[{"name":"wp","href":"https:\/\/api.w.org\/{rel}","templated":true}]}}