{"id":2928,"date":"2010-12-14T02:36:25","date_gmt":"2010-12-14T01:36:25","guid":{"rendered":"http:\/\/klubmamgdynia.pl\/index.php\/produkt\/sluban-klocki-205el-girls-dream-lodziarnia\/"},"modified":"2026-04-24T17:08:15","modified_gmt":"2026-04-24T15:08:15","slug":"sluban-klocki-205el-girls-dream-lodziarnia","status":"publish","type":"product","link":"http:\/\/klubmamgdynia.pl\/index.php\/produkt\/sluban-klocki-205el-girls-dream-lodziarnia\/","title":{"rendered":"Sluban Klocki 205El. Girl&#8217;S Dream Lodziarnia"},"content":{"rendered":"<p>Klocki dla dziewczynki Lodziarnia 205<\/p>\n<h2>Sluban Klocki 205El. GirlS Dream Lodziarnia Sluban<\/h2>\n<p>znaki drogowe quiz, pomys\u0142y na pakowanie prezent\u00f3w, pytania o \u015bwi\u0119ta dla dzieci, prezent dla m\u0142odzie\u017cy, \u017carty na prima aprilis dla mamy, zagadki dla dzieci 6-7 lat, zagadki dla dziewczyny, kolorowanki lego ninjago, stare piosenki, quiz o \u015bwi\u0119tach bo\u017cego narodzenia, kolorowanki do druku dla dziewczyn, walentynka kolorowanka, alan imie, atrakcje dla dzieci pozna\u0144 2021, szablony papierowe lalki do ubierania do wydruku, pomysly na prima aprilis, \u015bmieszne zagadki dla dzieci 10 lat<\/p>\n<p>yyyyy<\/p>\n<p>&nbsp;<\/p>\n","protected":false},"excerpt":{"rendered":"<p>Klocki dla dziewczynki Lodziarnia 205 Sluban Klocki 205El. GirlS Dream Lodziarnia Sluban znaki drogowe quiz, pomys\u0142y na pakowanie prezent\u00f3w, pytania o \u015bwi\u0119ta dla dzieci, prezent dla m\u0142odzie\u017cy, \u017carty na prima aprilis dla mamy, zagadki dla dzieci 6-7 lat, zagadki dla dziewczyny, kolorowanki lego ninjago, stare piosenki, quiz o \u015bwi\u0119tach bo\u017cego narodzenia, kolorowanki do druku dla [&hellip;]<\/p>\n","protected":false},"featured_media":2929,"comment_status":"closed","ping_status":"open","template":"","meta":[],"product_cat":[113,513],"product_tag":[819,848,865,747],"class_list":["post-2928","product","type-product","status-publish","has-post-thumbnail","hentry","product_cat-klocki","product_cat-sluban","product_tag-co-kupic-nastolatce-na-swieta","product_tag-cytat-o-rodzinie","product_tag-cytaty-o-dzieciach","product_tag-malowanki-do-druku"],"_links":{"self":[{"href":"http:\/\/klubmamgdynia.pl\/index.php\/wp-json\/wp\/v2\/product\/2928","targetHints":{"allow":["GET"]}}],"collection":[{"href":"http:\/\/klubmamgdynia.pl\/index.php\/wp-json\/wp\/v2\/product"}],"about":[{"href":"http:\/\/klubmamgdynia.pl\/index.php\/wp-json\/wp\/v2\/types\/product"}],"replies":[{"embeddable":true,"href":"http:\/\/klubmamgdynia.pl\/index.php\/wp-json\/wp\/v2\/comments?post=2928"}],"wp:featuredmedia":[{"embeddable":true,"href":"http:\/\/klubmamgdynia.pl\/index.php\/wp-json\/wp\/v2\/media\/2929"}],"wp:attachment":[{"href":"http:\/\/klubmamgdynia.pl\/index.php\/wp-json\/wp\/v2\/media?parent=2928"}],"wp:term":[{"taxonomy":"product_cat","embeddable":true,"href":"http:\/\/klubmamgdynia.pl\/index.php\/wp-json\/wp\/v2\/product_cat?post=2928"},{"taxonomy":"product_tag","embeddable":true,"href":"http:\/\/klubmamgdynia.pl\/index.php\/wp-json\/wp\/v2\/product_tag?post=2928"}],"curies":[{"name":"wp","href":"https:\/\/api.w.org\/{rel}","templated":true}]}}