{"id":293,"date":"2021-07-26T08:56:36","date_gmt":"2021-07-26T06:56:36","guid":{"rendered":"http:\/\/klubmamgdynia.pl\/index.php\/produkt\/trefl-puzzle-1000el-bajkowe-santorini-10445\/"},"modified":"2026-04-03T18:25:04","modified_gmt":"2026-04-03T16:25:04","slug":"trefl-puzzle-1000el-bajkowe-santorini-10445","status":"publish","type":"product","link":"http:\/\/klubmamgdynia.pl\/index.php\/produkt\/trefl-puzzle-1000el-bajkowe-santorini-10445\/","title":{"rendered":"Trefl Puzzle 1000el. Bajkowe Santorini 10445"},"content":{"rendered":"<p>Trefl Puzzle 1000el. Bajkowe Santorini 10445Puzzle sk\u0142adaj\u0105ce si\u0119 z 1000 element\u00f3w przedstawiaj\u0105ce Santorini. Po u\u0142o\u017ceniu powstanie obrazek o wymiarach 683&#215;480 mm. Puzzle przeznaczone s\u0105 dla doros\u0142ych lub dzieci w wieku powy\u017cej 14 lat.                            <\/p>\n<p>Wiemy, jak wa\u017cne jest bezpiecze\u0144stwo Twojego dziecka. Dok\u0142adamy wszelkich stara\u0144, aby nasze puzzle by\u0142y nie tylko atrakcyjne i stymuluj\u0105ce rozw\u00f3j na ka\u017cdym etapie jego edukacji, lecz tak\u017ce spe\u0142nia\u0142y najwy\u017csze normy bezpiecze\u0144stwa.\u00a0                            <\/p>\n<p>Uk\u0142adanie puzzli niesie za sob\u0105 wiele korzy\u015bci. To skuteczny spos\u00f3b na \u0107wiczenie pami\u0119ci, koncentracji, a tak\u017ce logicznego my\u015blenia. Puzzle ucz\u0105 r\u00f3wnie\u017c cierpliwo\u015bci, rozwijaj\u0105c tym samym kreatywno\u015b\u0107 i wyobra\u017ani\u0119 przestrzenn\u0105. Wspieraj\u0105 dodatkowo rozw\u00f3j zdolno\u015bci manualnych dziecka. Uk\u0142adaj\u0105c poszczeg\u00f3lne elementy, trenuje precyzj\u0119 ruch\u00f3w i koordynacj\u0119 oko-r\u0119ka.\u00a0                            <\/p>\n<p>                    Sprawd\u017a inne puzzle Trefl:<\/p>\n<p>            Trefl Puzzle 1000el. Wiktoria\u0144ski Dom 10355<\/p>\n<p>                        od<br \/>\n                            18,44<br \/>\n                            z\u0142<\/p>\n<p>                    Zobacz<\/p>\n<p>            Trefl Puzzle 1000el. Uroczy Zak\u0105tek 10297<\/p>\n<p>                        od<br \/>\n                            19,06<br \/>\n                            z\u0142<\/p>\n<p>                    Zobacz<\/p>\n<p>            Trefl Puzzle 1000el. W Odleg\u0142ej Galaktyce 10625<\/p>\n<p>                        od<br \/>\n                            18,34<br \/>\n                            z\u0142<\/p>\n<p>                    Zobacz<\/p>\n<p>            Trefl Puzzle 1000el. Bajkowa Kraina 10496<\/p>\n<p>                        od<br \/>\n                            18,57<br \/>\n                            z\u0142<\/p>\n<p>                    Zobacz<\/p>\n<p>            Trefl Puzzle 1000el. Niebieski Bukiet 10466<\/p>\n<p>                        od<br \/>\n                            17,59<br \/>\n                            z\u0142<\/p>\n<p>                    Zobacz<\/p>\n<p>            Trefl Puzzle 1000el. Czas Prezent\u00f3w 10495<\/p>\n<p>                        od<br \/>\n                            19,99<br \/>\n                            z\u0142<\/p>\n<p>                    Zobacz<\/p>\n<p>            Trefl Puzzle drewniane 1000el. Antyczna mapa \u015bwiata 20144<\/p>\n<p>                        od<br \/>\n                            96,20<br \/>\n                            z\u0142<\/p>\n<p>                    Zobacz<\/p>\n<p>            Trefl Puzzle 1000el. Insygnia \u015amierci 10717<\/p>\n<p>                        od<br \/>\n                            19,84<br \/>\n                            z\u0142<\/p>\n<p>                    Zobacz<\/p>\n<p>            Trefl Puzzle 1000el. Stworzenie Adama 10590<\/p>\n<p>                        od<br \/>\n                            18,48<br \/>\n                            z\u0142<\/p>\n<p>                    Zobacz<\/p>\n<p>            Trefl Puzzle 1000el. Na tropie dinozaur\u00f3w Jurassic Park 10727<\/p>\n<p>                        od<br \/>\n                            18,60<br \/>\n                            z\u0142<\/p>\n<p>                    Zobacz<\/p>\n<p>            Trefl Puzzle 1000el. Titanic 10080<\/p>\n<p>                        od<br \/>\n                            18,59<br \/>\n                            z\u0142<\/p>\n<p>                    Zobacz<\/p>\n<p>            Trefl Puzzle Unlimited Fit Technology 1000el. Pa\u0142ac Most Rialto Wenecja W\u0142ochy 10692<\/p>\n<p>                        od<br \/>\n                            35,99<br \/>\n                            z\u0142<\/p>\n<p>                    Zobacz<\/p>\n<p>            Trefl Puzzle 1000el. Gwia\u017adzista Noc Van Gogh 10465<\/p>\n<p>                        od<br \/>\n                            19,67<br \/>\n                            z\u0142<\/p>\n<p>                    Zobacz<\/p>\n<p>            Trefl Puzzle Drewniane 1000el. Psia przyja\u017a\u0144 20149<\/p>\n<p>                        od<br \/>\n                            96,20<br \/>\n                            z\u0142<\/p>\n<p>                    Zobacz<\/p>\n<p>            Trefl Puzzle Unlimited Fit Technology 1000el. Pa\u0142ac Westminsterski Londyn Anglia 10705<\/p>\n<p>                        od<br \/>\n                            37,99<br \/>\n                            z\u0142<\/p>\n<p>                    Zobacz<\/p>\n<p>            Trefl Puzzle Drewniane 1000el. \u015awi\u0105teczna aleja 20151<\/p>\n<p>                        od<br \/>\n                            98,84<br \/>\n                            z\u0142<\/p>\n<p>                    Zobacz<\/p>\n<p>            Trefl Puzzle 1000el. Minionki 29049<\/p>\n<p>                        od<br \/>\n                            12,95<br \/>\n                            z\u0142<\/p>\n<p>                    Zobacz<\/p>\n<p>            Trefl Puzzle Drewniane 1000el. Kolorowe balony 20143<\/p>\n<p>                        od<br \/>\n                            96,20<br \/>\n                            z\u0142<\/p>\n<p>                    Zobacz<\/p>\n<p>            Trefl Puzzle drewniane 1000el. Kolorowy kot 20148<\/p>\n<p>                        od<br \/>\n                            100,36<br \/>\n                            z\u0142<\/p>\n<p>                    Zobacz<\/p>\n<p>            Trefl Puzzle 1000el. Dama z kotem 10663<\/p>\n<p>                        od<br \/>\n                            18,52<br \/>\n                            z\u0142<\/p>\n<p>                    Zobacz<\/p>\n<p>            Trefl Puzzle Spiralne 1040el. Magiczna Zatoka 40016<\/p>\n<p>                        od<br \/>\n                            18,52<br \/>\n                            z\u0142<\/p>\n<p>                    Zobacz<\/p>\n<p>            Trefl Puzzle Spiralne 1040el. Uk\u0142ad s\u0142oneczny 40013<\/p>\n<p>                        od<br \/>\n                            18,59<br \/>\n                            z\u0142<\/p>\n<p>                    Zobacz<\/p>\n<p>            Trefl Puzzle 1060el. Hidden Shapes Podwodne \u017cycie 10676<\/p>\n<p>                        od<br \/>\n                            18,58<br \/>\n                            z\u0142<\/p>\n<p>                    Zobacz<\/p>\n<p>            Trefl Puzzle 1000el. Gradient 10666<\/p>\n<p>                        od<br \/>\n                            18,59<br \/>\n                            z\u0142<\/p>\n<p>                    Zobacz<\/p>\n<p>            Trefl Puzzle 1000el. Londyn 10404<\/p>\n<p>                        od<br \/>\n                            19,07<br \/>\n                            z\u0142<\/p>\n<p>                    Zobacz<\/p>\n<p>            Trefl Puzzle 1000el. Bia\u0142e \u015awi\u0119ta 10602<\/p>\n<p>                        od<br \/>\n                            18,60<br \/>\n                            z\u0142<\/p>\n<p>                    Zobacz<\/p>\n<p>            Trefl Puzzle 1000el. Panorama Przygody Mandaloriana 29052<\/p>\n<p>                        od<br \/>\n                            17,47<br \/>\n                            z\u0142<\/p>\n<p>                    Zobacz<\/p>\n<p>            Trefl Puzzle 1000el. Dziewczyna Z Per\u0142\u0105 10522<\/p>\n<p>                        od<br \/>\n                            19,22<br \/>\n                            z\u0142<\/p>\n<p>                    Zobacz<\/p>\n<p>            Trefl Puzzle 1000el. Narodziny Wenus Sandro Botticelli 10589<\/p>\n<p>                        od<br \/>\n                            17,93<br \/>\n                            z\u0142<\/p>\n<p>                    Zobacz<\/p>\n<p>            Trefl Puzzle 1000el. Jesienna Bawaria w Niemczech 10623<\/p>\n<p>                        od<br \/>\n                            18,99<br \/>\n                            z\u0142<\/p>\n<p>                    Zobacz<\/p>\n<h2>Trefl Puzzle 1000el. Bajkowe Santorini 10445 Trefl<\/h2>\n<p>zagadki dla dzieci 7-8 lat online, jak narysowac kota, szopka do druku, znane misie z bajek, cytaty dzie\u0144 nauczyciela, dyplomy do druku, postacie z bajek kolorowanki do wydrukowania, wiersz o marzannie, proste dekoracje bo\u017conarodzeniowe dla dzieci, fajne \u017carty na prima aprilis, po\u0142\u0105cz kropki do wydruku pdf, test opowie\u015b\u0107 wigilijna<\/p>\n<p>yyyyy<\/p>\n<p>&nbsp;<\/p>\n","protected":false},"excerpt":{"rendered":"<p>Trefl Puzzle 1000el. Bajkowe Santorini 10445Puzzle sk\u0142adaj\u0105ce si\u0119 z 1000 element\u00f3w przedstawiaj\u0105ce Santorini. Po u\u0142o\u017ceniu powstanie obrazek o wymiarach 683&#215;480 mm. Puzzle przeznaczone s\u0105 dla doros\u0142ych lub dzieci w wieku powy\u017cej 14 lat. Wiemy, jak wa\u017cne jest bezpiecze\u0144stwo Twojego dziecka. Dok\u0142adamy wszelkich stara\u0144, aby nasze puzzle by\u0142y nie tylko atrakcyjne i stymuluj\u0105ce rozw\u00f3j na ka\u017cdym [&hellip;]<\/p>\n","protected":false},"featured_media":294,"comment_status":"closed","ping_status":"open","template":"","meta":[],"product_cat":[90,104],"product_tag":[613,748,596,800,577],"class_list":["post-293","product","type-product","status-publish","has-post-thumbnail","hentry","product_cat-puzzle","product_cat-trefl","product_tag-na-wyspach-bergamutach","product_tag-okolice-wroclawia-atrakcje","product_tag-pomysly-na-prima-aprilis","product_tag-zagadki-smieszne","product_tag-znaki-drogowe-test"],"_links":{"self":[{"href":"http:\/\/klubmamgdynia.pl\/index.php\/wp-json\/wp\/v2\/product\/293","targetHints":{"allow":["GET"]}}],"collection":[{"href":"http:\/\/klubmamgdynia.pl\/index.php\/wp-json\/wp\/v2\/product"}],"about":[{"href":"http:\/\/klubmamgdynia.pl\/index.php\/wp-json\/wp\/v2\/types\/product"}],"replies":[{"embeddable":true,"href":"http:\/\/klubmamgdynia.pl\/index.php\/wp-json\/wp\/v2\/comments?post=293"}],"wp:featuredmedia":[{"embeddable":true,"href":"http:\/\/klubmamgdynia.pl\/index.php\/wp-json\/wp\/v2\/media\/294"}],"wp:attachment":[{"href":"http:\/\/klubmamgdynia.pl\/index.php\/wp-json\/wp\/v2\/media?parent=293"}],"wp:term":[{"taxonomy":"product_cat","embeddable":true,"href":"http:\/\/klubmamgdynia.pl\/index.php\/wp-json\/wp\/v2\/product_cat?post=293"},{"taxonomy":"product_tag","embeddable":true,"href":"http:\/\/klubmamgdynia.pl\/index.php\/wp-json\/wp\/v2\/product_tag?post=293"}],"curies":[{"name":"wp","href":"https:\/\/api.w.org\/{rel}","templated":true}]}}