{"id":2930,"date":"2025-02-05T05:26:03","date_gmt":"2025-02-05T04:26:03","guid":{"rendered":"http:\/\/klubmamgdynia.pl\/?post_type=product&#038;p=2930"},"modified":"2026-04-29T16:08:34","modified_gmt":"2026-04-29T14:08:34","slug":"nici-sirup-unicorn-guzz-40430","status":"publish","type":"product","link":"http:\/\/klubmamgdynia.pl\/index.php\/produkt\/nici-sirup-unicorn-guzz-40430\/","title":{"rendered":"Nici Sirup Unicorn Guzz 40430"},"content":{"rendered":"<p>Brylok 9cm.<\/p>\n<h2>Nici Sirup Unicorn Guzz 40430 Nici<\/h2>\n<p>prezenty dla m\u0142odzie\u017cy, bal halloween dla dzieci 2021, pokemon kolorowanki, dobre zagadki logiczne, \u015bwinka peppa bajka do czytania, quiz bajki, zagadki wielkanocne dla dzieci<\/p>\n<p>yyyyy<\/p>\n<p>&nbsp;<\/p>\n","protected":false},"excerpt":{"rendered":"<p>Brylok 9cm. Nici Sirup Unicorn Guzz 40430 Nici prezenty dla m\u0142odzie\u017cy, bal halloween dla dzieci 2021, pokemon kolorowanki, dobre zagadki logiczne, \u015bwinka peppa bajka do czytania, quiz bajki, zagadki wielkanocne dla dzieci yyyyy &nbsp;<\/p>\n","protected":false},"featured_media":2931,"comment_status":"closed","ping_status":"open","template":"","meta":[],"product_cat":[42,961],"product_tag":[691,703,783,628,633,733],"class_list":["post-2930","product","type-product","status-publish","has-post-thumbnail","hentry","product_cat-maskotki","product_cat-nici","product_tag-gabriel","product_tag-prezent-dla-nastolatki","product_tag-prezenty-na-roczek-dla-chlopca","product_tag-zagadka","product_tag-zagadki-z-odpowiedziami","product_tag-zarty-na-prima-aprilis"],"_links":{"self":[{"href":"http:\/\/klubmamgdynia.pl\/index.php\/wp-json\/wp\/v2\/product\/2930","targetHints":{"allow":["GET"]}}],"collection":[{"href":"http:\/\/klubmamgdynia.pl\/index.php\/wp-json\/wp\/v2\/product"}],"about":[{"href":"http:\/\/klubmamgdynia.pl\/index.php\/wp-json\/wp\/v2\/types\/product"}],"replies":[{"embeddable":true,"href":"http:\/\/klubmamgdynia.pl\/index.php\/wp-json\/wp\/v2\/comments?post=2930"}],"wp:featuredmedia":[{"embeddable":true,"href":"http:\/\/klubmamgdynia.pl\/index.php\/wp-json\/wp\/v2\/media\/2931"}],"wp:attachment":[{"href":"http:\/\/klubmamgdynia.pl\/index.php\/wp-json\/wp\/v2\/media?parent=2930"}],"wp:term":[{"taxonomy":"product_cat","embeddable":true,"href":"http:\/\/klubmamgdynia.pl\/index.php\/wp-json\/wp\/v2\/product_cat?post=2930"},{"taxonomy":"product_tag","embeddable":true,"href":"http:\/\/klubmamgdynia.pl\/index.php\/wp-json\/wp\/v2\/product_tag?post=2930"}],"curies":[{"name":"wp","href":"https:\/\/api.w.org\/{rel}","templated":true}]}}