{"id":2932,"date":"2013-10-23T23:12:14","date_gmt":"2013-10-23T21:12:14","guid":{"rendered":"http:\/\/klubmamgdynia.pl\/index.php\/produkt\/tajemniczy-ogrod-mis-maskotka-handmade-brazowy-14cm-1737-uniw\/"},"modified":"2026-04-27T07:33:22","modified_gmt":"2026-04-27T05:33:22","slug":"tajemniczy-ogrod-mis-maskotka-handmade-brazowy-14cm-1737-uniw","status":"publish","type":"product","link":"http:\/\/klubmamgdynia.pl\/index.php\/produkt\/tajemniczy-ogrod-mis-maskotka-handmade-brazowy-14cm-1737-uniw\/","title":{"rendered":"Tajemniczy Ogr\u00f3d Mi\u015b Maskotka Handmade Br\u0105zowy 14Cm 1737 Uniw"},"content":{"rendered":"<p>\u2022 handmade\u2022 maskotka\u2022 ozdobaMi\u015b zosta\u0142 r\u0119cznie wykonany, wyko\u0144czony pi\u0119kn\u0105 nici\u0105, z ruchomymi \u0142apkami.Nasz mi\u015b stworzony jest z wysokiej jako\u015bci tkaniny w delikatnej kolorystyce.Wyj\u0105tkowy mi\u015b &#8211; wygl\u0105da jak wyci\u0105gni\u0119ty z babcinego kufra znalezionego na strychu.Ozdobi nie jedno wn\u0119trze lub pos\u0142u\u017cy jako ulubiona przytulanka.Dost\u0119pne s\u0105 3 kolory i 3 rozmiary.Uwaga! Wysoko\u015b\u0107 maskotki to wymiar misia w pozycji siedz\u0105cej<\/p>\n<h2>Tajemniczy Ogr\u00f3d Mi\u015b Maskotka Handmade Br\u0105zowy 14Cm 1737 Uniw Nici<\/h2>\n<p>kolorowanki wakacje, proste dekoracje bo\u017conarodzeniowe dla dzieci, tabliczka mno\u017cenia karty pracy do druku, borys imi\u0119, dobrej nocy i sza, miasto dzieci krak\u00f3w, prezenty dla 7 latki, trudne zadania matematyczne, atrakcje dla nastolatk\u00f3w warszawa, kolorowanka prezent, szlaczki, wierszyki na \u015bmigusa dyngusa, list do gwiazdora, kreatywne zabawy dla 10 latka, ale kino program, rozrywka dla dzieci, imi\u0119 alan, labirynt psi patrol, opis do zdj\u0119cia dziecka, jesienne zagadki, zagadki podchwytliwe<\/p>\n<p>yyyyy<\/p>\n<p>&nbsp;<\/p>\n","protected":false},"excerpt":{"rendered":"<p>\u2022 handmade\u2022 maskotka\u2022 ozdobaMi\u015b zosta\u0142 r\u0119cznie wykonany, wyko\u0144czony pi\u0119kn\u0105 nici\u0105, z ruchomymi \u0142apkami.Nasz mi\u015b stworzony jest z wysokiej jako\u015bci tkaniny w delikatnej kolorystyce.Wyj\u0105tkowy mi\u015b &#8211; wygl\u0105da jak wyci\u0105gni\u0119ty z babcinego kufra znalezionego na strychu.Ozdobi nie jedno wn\u0119trze lub pos\u0142u\u017cy jako ulubiona przytulanka.Dost\u0119pne s\u0105 3 kolory i 3 rozmiary.Uwaga! Wysoko\u015b\u0107 maskotki to wymiar misia w pozycji [&hellip;]<\/p>\n","protected":false},"featured_media":2933,"comment_status":"closed","ping_status":"open","template":"","meta":[],"product_cat":[42,961],"product_tag":[598,613,866,615],"class_list":["post-2932","product","type-product","status-publish","has-post-thumbnail","hentry","product_cat-maskotki","product_cat-nici","product_tag-co-na-roczek-dla-dziewczynki","product_tag-na-wyspach-bergamutach","product_tag-opis-do-zdjecia-dziecka-na-fb","product_tag-znane-misie-z-filmow-animowanych"],"_links":{"self":[{"href":"http:\/\/klubmamgdynia.pl\/index.php\/wp-json\/wp\/v2\/product\/2932","targetHints":{"allow":["GET"]}}],"collection":[{"href":"http:\/\/klubmamgdynia.pl\/index.php\/wp-json\/wp\/v2\/product"}],"about":[{"href":"http:\/\/klubmamgdynia.pl\/index.php\/wp-json\/wp\/v2\/types\/product"}],"replies":[{"embeddable":true,"href":"http:\/\/klubmamgdynia.pl\/index.php\/wp-json\/wp\/v2\/comments?post=2932"}],"wp:featuredmedia":[{"embeddable":true,"href":"http:\/\/klubmamgdynia.pl\/index.php\/wp-json\/wp\/v2\/media\/2933"}],"wp:attachment":[{"href":"http:\/\/klubmamgdynia.pl\/index.php\/wp-json\/wp\/v2\/media?parent=2932"}],"wp:term":[{"taxonomy":"product_cat","embeddable":true,"href":"http:\/\/klubmamgdynia.pl\/index.php\/wp-json\/wp\/v2\/product_cat?post=2932"},{"taxonomy":"product_tag","embeddable":true,"href":"http:\/\/klubmamgdynia.pl\/index.php\/wp-json\/wp\/v2\/product_tag?post=2932"}],"curies":[{"name":"wp","href":"https:\/\/api.w.org\/{rel}","templated":true}]}}