{"id":2934,"date":"2015-12-31T07:50:28","date_gmt":"2015-12-31T06:50:28","guid":{"rendered":"http:\/\/klubmamgdynia.pl\/index.php\/produkt\/nici-elmo-20cm-czerwony\/"},"modified":"2026-04-06T04:07:05","modified_gmt":"2026-04-06T02:07:05","slug":"nici-elmo-20cm-czerwony","status":"publish","type":"product","link":"http:\/\/klubmamgdynia.pl\/index.php\/produkt\/nici-elmo-20cm-czerwony\/","title":{"rendered":"Nici Elmo 20Cm Czerwony"},"content":{"rendered":"<p>Gdzie jest ulica Sezamkowa? Oczywi\u015bcie, w kolorowym \u015bwiecie NICI . Od ponad 40 lat Kr\u00fcmel monster , Ernie i Bert oraz wielu innych mieszka\u0144c\u00f3w znanego programu dla dzieci utrzymuje dzieci w dobrym nastroju. NICI Przynosi zabawn\u0105 podr\u00f3\u017c z ekranu telewizora do pokoju dzieci\u0119cego jako przytulne zabawki mi\u0119kkie i wspania\u0142e akcesoria. Monster Elmo z ulicy Sezamkowej ma czerwone pluszowe futro i pomara\u0144czowy ga\u0142kowy nos. Przytulanka NICI ma okr\u0105g\u0142e plastikowe oczy i \u017c\u00f3\u0142to-niebiesk\u0105 filcow\u0105 kulk\u0119 w d\u0142oni. dane Wymiary: 45 cm. Materia\u0142: 100 % poliester Piel\u0119gnacja: 30 \u00b0C Delikatne mycie Wiek: od 12 miesi\u0119cy szacunek Nie nadaje si\u0119 dla dzieci poni\u017cej 12 miesi\u0119cy. Ryzyko uduszenia z powodu d\u0142ugich w\u0142os\u00f3w.<\/p>\n<h2>Nici Elmo 20Cm Czerwony Nici<\/h2>\n<p>bycie mam\u0105 cytaty, test magiczne drzewo czerwone krzes\u0142o, fajne zagadki dla dzieci, cytaty o wychowaniu i nauczaniu, stare wiersze dla dzieci, o\u015brodki wczasowe nad morzem dla rodzin z dzie\u0107mi, na wyspach bergamutach tekst, quiz o bajkach, nowe quizy do rozwi\u0105zania, dzieci.pl, stolice europy quiz, starodawne \u017cyczenia bo\u017conarodzeniowe<\/p>\n<p>yyyyy<\/p>\n<p>&nbsp;<\/p>\n","protected":false},"excerpt":{"rendered":"<p>Gdzie jest ulica Sezamkowa? Oczywi\u015bcie, w kolorowym \u015bwiecie NICI . Od ponad 40 lat Kr\u00fcmel monster , Ernie i Bert oraz wielu innych mieszka\u0144c\u00f3w znanego programu dla dzieci utrzymuje dzieci w dobrym nastroju. NICI Przynosi zabawn\u0105 podr\u00f3\u017c z ekranu telewizora do pokoju dzieci\u0119cego jako przytulne zabawki mi\u0119kkie i wspania\u0142e akcesoria. Monster Elmo z ulicy Sezamkowej [&hellip;]<\/p>\n","protected":false},"featured_media":2935,"comment_status":"closed","ping_status":"open","template":"","meta":[],"product_cat":[42,961],"product_tag":[598,669,614,856,830,823,857],"class_list":["post-2934","product","type-product","status-publish","has-post-thumbnail","hentry","product_cat-maskotki","product_cat-nici","product_tag-co-na-roczek-dla-dziewczynki","product_tag-kolorowanki","product_tag-pia","product_tag-prezent-dla-16-latki","product_tag-rodzina-cytaty","product_tag-zagadki-dla-dzieci-7-lat","product_tag-zagadki-dla-dzieci-7-8-lat"],"_links":{"self":[{"href":"http:\/\/klubmamgdynia.pl\/index.php\/wp-json\/wp\/v2\/product\/2934","targetHints":{"allow":["GET"]}}],"collection":[{"href":"http:\/\/klubmamgdynia.pl\/index.php\/wp-json\/wp\/v2\/product"}],"about":[{"href":"http:\/\/klubmamgdynia.pl\/index.php\/wp-json\/wp\/v2\/types\/product"}],"replies":[{"embeddable":true,"href":"http:\/\/klubmamgdynia.pl\/index.php\/wp-json\/wp\/v2\/comments?post=2934"}],"wp:featuredmedia":[{"embeddable":true,"href":"http:\/\/klubmamgdynia.pl\/index.php\/wp-json\/wp\/v2\/media\/2935"}],"wp:attachment":[{"href":"http:\/\/klubmamgdynia.pl\/index.php\/wp-json\/wp\/v2\/media?parent=2934"}],"wp:term":[{"taxonomy":"product_cat","embeddable":true,"href":"http:\/\/klubmamgdynia.pl\/index.php\/wp-json\/wp\/v2\/product_cat?post=2934"},{"taxonomy":"product_tag","embeddable":true,"href":"http:\/\/klubmamgdynia.pl\/index.php\/wp-json\/wp\/v2\/product_tag?post=2934"}],"curies":[{"name":"wp","href":"https:\/\/api.w.org\/{rel}","templated":true}]}}