{"id":2938,"date":"2018-07-05T13:58:15","date_gmt":"2018-07-05T11:58:15","guid":{"rendered":"http:\/\/klubmamgdynia.pl\/index.php\/produkt\/hot-wheels-city-toxic-creatures-zmijowy-most-fnb05-gtt70\/"},"modified":"2026-04-05T19:37:57","modified_gmt":"2026-04-05T17:37:57","slug":"hot-wheels-city-toxic-creatures-zmijowy-most-fnb05-gtt70","status":"publish","type":"product","link":"http:\/\/klubmamgdynia.pl\/index.php\/produkt\/hot-wheels-city-toxic-creatures-zmijowy-most-fnb05-gtt70\/","title":{"rendered":"Hot Wheels City Toxic Creatures \u017bmijowy most FNB05\/GTT70"},"content":{"rendered":"<p>Hot Wheels City Zestaw \u017bmijowy Most<br \/>\nPotwory przejmuj\u0105 w\u0142adz\u0119 nad miastem Hot Wheels! Toksyczna \u017cmija w\u015blizn\u0119\u0142a si\u0119 na most, tworz\u0105c ekscytuj\u0105c\u0105 przeszkod\u0119 dla tych, kt\u00f3rzy odwa\u017c\u0105 si\u0119 przej\u015b\u0107. Dzieci b\u0119d\u0105 wje\u017cd\u017ca\u0107 samochodzikami Hot Wheels od strony ogona i przy odpowiedniej sile oraz niewielkiej pomocy grawitacji przejad\u0105 przez jego k\u0142y bez szwanku. Jednak je\u015bli pojazd jest zbyt wolny, utknie i b\u0119dzie musia\u0142 spr\u00f3bowa\u0107 ponownie.                            <\/p>\n<p>Zawarto\u015b\u0107 zestawu<br \/>\nW zestawie znajduje si\u0119 \u017bmijowy Most, samochodzik Hot Wheels oraz instrukcja.                            <\/p>\n<p>Mo\u017cliwo\u015b\u0107 \u0142\u0105czenia z innymi zestawami<br \/>\nZestaw Hot Wheels \u017bmijowy Most zawiera samochodzik Hot Wheels w skali 1:64. Zestaw \u0142\u0105czy si\u0119 tak\u017ce z innymi zestawami Hot Wheels City i jest kompatybilny z pomara\u0144czowym torem. Seria Hot Wheels City to \u015bwietne wprowadzenie do bardziej skomplikowanych zestaw\u00f3w Hot Wheels. Zestawy maj\u0105 du\u017ce elementy, s\u0105 proste w z\u0142o\u017ceniu i zabawie. Dodatkow\u0105 zalet\u0105 jest mo\u017cliwo\u015b\u0107 zbudowania toru w r\u00f3\u017cnych konfiguracjach.                            <\/p>\n<p>            Hot Wheels City Toxic Creatures \u017bmijowy most FNB05\/GTT70<\/p>\n<p>            Hot Wheels City Toxic Creatures Atak goryla FNB05\/GTT66<\/p>\n<p>            Hot Wheels City Toxic Creatures Atak aligatora FNB05\/GTT69<\/p>\n<h2>Hot Wheels City Toxic Creatures \u017bmijowy most FNB05\/GTT70 Hot Wheels<\/h2>\n<p>wzory zaprosze\u0144 zaproszenie na urodziny do druku pdf, wierszyki o wakacjach kr\u00f3tkie, bajka o piesku do czytania, prezent dla m\u0142odzie\u017cy, maski superbohater\u00f3w do wydrukowania, w uk\u0142adzie s\u0142onecznym tekst, cytaty o macierzy\u0144stwie, kolorowanka lato, opisy do zdj z dzieckiem, piosenki o wakacjach, zagadki logiczne na inteligencj\u0119, milan znaczenie imienia, zabawy ruchowe dla dzieci, jak narysowa\u0107 sanie miko\u0142aja, opowiadanie o miko\u0142aju dla przedszkolak\u00f3w, pomys\u0142 na prezent dla nastolatki, asiunia test z lektury, dynie pozna\u0144, policja kolorowanka, adriana znaczenie imienia<\/p>\n<p>yyyyy<\/p>\n<p>&nbsp;<\/p>\n","protected":false},"excerpt":{"rendered":"<p>Hot Wheels City Zestaw \u017bmijowy Most Potwory przejmuj\u0105 w\u0142adz\u0119 nad miastem Hot Wheels! Toksyczna \u017cmija w\u015blizn\u0119\u0142a si\u0119 na most, tworz\u0105c ekscytuj\u0105c\u0105 przeszkod\u0119 dla tych, kt\u00f3rzy odwa\u017c\u0105 si\u0119 przej\u015b\u0107. Dzieci b\u0119d\u0105 wje\u017cd\u017ca\u0107 samochodzikami Hot Wheels od strony ogona i przy odpowiedniej sile oraz niewielkiej pomocy grawitacji przejad\u0105 przez jego k\u0142y bez szwanku. Jednak je\u015bli pojazd jest [&hellip;]<\/p>\n","protected":false},"featured_media":2939,"comment_status":"closed","ping_status":"open","template":"","meta":[],"product_cat":[150,141],"product_tag":[839,876,726],"class_list":["post-2938","product","type-product","status-publish","has-post-thumbnail","hentry","product_cat-hot-wheels","product_cat-parkingi-garaze-i-tory-wyscigowe","product_tag-bajki-na-dobranoc-do-czytania","product_tag-przyjazn","product_tag-quiz-zemsta"],"_links":{"self":[{"href":"http:\/\/klubmamgdynia.pl\/index.php\/wp-json\/wp\/v2\/product\/2938","targetHints":{"allow":["GET"]}}],"collection":[{"href":"http:\/\/klubmamgdynia.pl\/index.php\/wp-json\/wp\/v2\/product"}],"about":[{"href":"http:\/\/klubmamgdynia.pl\/index.php\/wp-json\/wp\/v2\/types\/product"}],"replies":[{"embeddable":true,"href":"http:\/\/klubmamgdynia.pl\/index.php\/wp-json\/wp\/v2\/comments?post=2938"}],"wp:featuredmedia":[{"embeddable":true,"href":"http:\/\/klubmamgdynia.pl\/index.php\/wp-json\/wp\/v2\/media\/2939"}],"wp:attachment":[{"href":"http:\/\/klubmamgdynia.pl\/index.php\/wp-json\/wp\/v2\/media?parent=2938"}],"wp:term":[{"taxonomy":"product_cat","embeddable":true,"href":"http:\/\/klubmamgdynia.pl\/index.php\/wp-json\/wp\/v2\/product_cat?post=2938"},{"taxonomy":"product_tag","embeddable":true,"href":"http:\/\/klubmamgdynia.pl\/index.php\/wp-json\/wp\/v2\/product_tag?post=2938"}],"curies":[{"name":"wp","href":"https:\/\/api.w.org\/{rel}","templated":true}]}}