{"id":2942,"date":"2025-08-15T00:06:50","date_gmt":"2025-08-14T22:06:50","guid":{"rendered":"http:\/\/klubmamgdynia.pl\/?post_type=product&#038;p=2942"},"modified":"2026-04-04T06:49:33","modified_gmt":"2026-04-04T04:49:33","slug":"nici-q-oopsy-30cm","status":"publish","type":"product","link":"http:\/\/klubmamgdynia.pl\/index.php\/produkt\/nici-q-oopsy-30cm\/","title":{"rendered":"Nici Q Oopsy 30Cm"},"content":{"rendered":"<p>Sympatyczny may kosmita OopsyMikki, wietnej jakoci plusz marki NiciMaskotka 30cm<\/p>\n<h2>Nici Q Oopsy 30Cm Nici<\/h2>\n<p>kolorowanki harry potter, jak narysowa\u0107 kota, ozdoby choinkowe dla dzieci, warszawa atrakcje dla dzieci, quizy ma\u0142y ksi\u0105\u017c\u0119, audiobooki dla dzieci za darmo, \u015bwinka peppa kolorowanka, asiunia &#8211; test z lektury pdf, bajki dla dzieci od 7 do 10 lat, prezent dla nastolatek, gdzie na ferie zimowe 2022, tabliczka mno\u017cenia karty pracy do druku, zagatki matematyczne, kanapeczki na urodziny dziecka, filmy rodzinne na halloween, zaproszenie na urodziny do druku<\/p>\n<p>yyyyy<\/p>\n<p>&nbsp;<\/p>\n","protected":false},"excerpt":{"rendered":"<p>Sympatyczny may kosmita OopsyMikki, wietnej jakoci plusz marki NiciMaskotka 30cm Nici Q Oopsy 30Cm Nici kolorowanki harry potter, jak narysowa\u0107 kota, ozdoby choinkowe dla dzieci, warszawa atrakcje dla dzieci, quizy ma\u0142y ksi\u0105\u017c\u0119, audiobooki dla dzieci za darmo, \u015bwinka peppa kolorowanka, asiunia &#8211; test z lektury pdf, bajki dla dzieci od 7 do 10 lat, prezent [&hellip;]<\/p>\n","protected":false},"featured_media":2943,"comment_status":"closed","ping_status":"open","template":"","meta":[],"product_cat":[42,961],"product_tag":[678,693,714,793,577],"class_list":["post-2942","product","type-product","status-publish","has-post-thumbnail","hentry","product_cat-maskotki","product_cat-nici","product_tag-prezent-na-roczek-dla-dziewczynki","product_tag-zagadki-dla-doroslych","product_tag-zagadki-logiczne","product_tag-zagadki-smieszne-podchwytliwe","product_tag-znaki-drogowe-test"],"_links":{"self":[{"href":"http:\/\/klubmamgdynia.pl\/index.php\/wp-json\/wp\/v2\/product\/2942","targetHints":{"allow":["GET"]}}],"collection":[{"href":"http:\/\/klubmamgdynia.pl\/index.php\/wp-json\/wp\/v2\/product"}],"about":[{"href":"http:\/\/klubmamgdynia.pl\/index.php\/wp-json\/wp\/v2\/types\/product"}],"replies":[{"embeddable":true,"href":"http:\/\/klubmamgdynia.pl\/index.php\/wp-json\/wp\/v2\/comments?post=2942"}],"wp:featuredmedia":[{"embeddable":true,"href":"http:\/\/klubmamgdynia.pl\/index.php\/wp-json\/wp\/v2\/media\/2943"}],"wp:attachment":[{"href":"http:\/\/klubmamgdynia.pl\/index.php\/wp-json\/wp\/v2\/media?parent=2942"}],"wp:term":[{"taxonomy":"product_cat","embeddable":true,"href":"http:\/\/klubmamgdynia.pl\/index.php\/wp-json\/wp\/v2\/product_cat?post=2942"},{"taxonomy":"product_tag","embeddable":true,"href":"http:\/\/klubmamgdynia.pl\/index.php\/wp-json\/wp\/v2\/product_tag?post=2942"}],"curies":[{"name":"wp","href":"https:\/\/api.w.org\/{rel}","templated":true}]}}