{"id":2944,"date":"2016-07-08T20:55:30","date_gmt":"2016-07-08T18:55:30","guid":{"rendered":"http:\/\/klubmamgdynia.pl\/index.php\/produkt\/nici-nicidoos-nietoperz-pipp-maskotka-12-cm\/"},"modified":"2026-04-30T03:13:02","modified_gmt":"2026-04-30T01:13:02","slug":"nici-nicidoos-nietoperz-pipp-maskotka-12-cm","status":"publish","type":"product","link":"http:\/\/klubmamgdynia.pl\/index.php\/produkt\/nici-nicidoos-nietoperz-pipp-maskotka-12-cm\/","title":{"rendered":"Nici Nicidoos, Nietoperz Pipp, Maskotka, 12 Cm"},"content":{"rendered":"<p>Nietoperz Pipp ma du\u017ce b\u0142yszcz\u0105ce uszy i skrzyd\u0142a. Mi\u0119kka zabawka nale\u017cy do edycji NICI doos Bubble i ma wz\u00f3r z du\u017cymi ba\u0144kami na g\u0142owie.Bat Pipp ma du\u017ce b\u0142yszcz\u0105ce uszy i skrzyd\u0142a. Mi\u0119kka zabawka nale\u017cy do edycji NICI doos Bubble i ma wz\u00f3r z du\u017cymi ba\u0144kami na g\u0142owie. Dobrego humoru dostarczaj\u0105 NICI doos z NICI . Znajd\u017a swoich ulubie\u0144c\u00f3w w\u015br\u00f3d kolorowych przytulanek z du\u017cymi b\u0142yszcz\u0105cymi oczami lub oczami LED i szalonymi wzorami na g\u0142owach i zabierz je do domu. Szczeg\u00f3\u0142y produktu: Wymiary (d\u0142ugo\u015b\u0107 x szeroko\u015b\u0107 x wysoko\u015b\u0107): 17 x 10 x 10,5 cm. Materia\u0142: plusz\/poliester Czyszczenie: delikatne pranie w temperaturze 30\u00b0C. Wiek: od 0 miesi\u0119cy<\/p>\n<h2>Nici Nicidoos, Nietoperz Pipp, Maskotka, 12 Cm Nici<\/h2>\n<p>kolorowanki do pobrania, opowiadanie o jesieni dla dzieci, wierszyk o wakacjach, kolorowanki antystresowe, posz\u0142a ola na spacerek, co kupi\u0107 nastolatce na \u015bwi\u0119ta, kartka walentynkow\u0105 przedszkole<\/p>\n<p>yyyyy<\/p>\n<p>&nbsp;<\/p>\n","protected":false},"excerpt":{"rendered":"<p>Nietoperz Pipp ma du\u017ce b\u0142yszcz\u0105ce uszy i skrzyd\u0142a. Mi\u0119kka zabawka nale\u017cy do edycji NICI doos Bubble i ma wz\u00f3r z du\u017cymi ba\u0144kami na g\u0142owie.Bat Pipp ma du\u017ce b\u0142yszcz\u0105ce uszy i skrzyd\u0142a. Mi\u0119kka zabawka nale\u017cy do edycji NICI doos Bubble i ma wz\u00f3r z du\u017cymi ba\u0144kami na g\u0142owie. Dobrego humoru dostarczaj\u0105 NICI doos z NICI . [&hellip;]<\/p>\n","protected":false},"featured_media":2945,"comment_status":"closed","ping_status":"open","template":"","meta":[],"product_cat":[42,961],"product_tag":[753,583,654,850,601,782],"class_list":["post-2944","product","type-product","status-publish","has-post-thumbnail","hentry","product_cat-maskotki","product_cat-nici","product_tag-kamila","product_tag-kolysanki-dla-dzieci-tekst","product_tag-krotkie-bajki-dla-dzieci-do-czytania","product_tag-wroclaw-atrakcje-dla-dzieci","product_tag-zagadki-co-to-jest","product_tag-zagadki-dla-dzieci-z-odpowiedziami"],"_links":{"self":[{"href":"http:\/\/klubmamgdynia.pl\/index.php\/wp-json\/wp\/v2\/product\/2944","targetHints":{"allow":["GET"]}}],"collection":[{"href":"http:\/\/klubmamgdynia.pl\/index.php\/wp-json\/wp\/v2\/product"}],"about":[{"href":"http:\/\/klubmamgdynia.pl\/index.php\/wp-json\/wp\/v2\/types\/product"}],"replies":[{"embeddable":true,"href":"http:\/\/klubmamgdynia.pl\/index.php\/wp-json\/wp\/v2\/comments?post=2944"}],"wp:featuredmedia":[{"embeddable":true,"href":"http:\/\/klubmamgdynia.pl\/index.php\/wp-json\/wp\/v2\/media\/2945"}],"wp:attachment":[{"href":"http:\/\/klubmamgdynia.pl\/index.php\/wp-json\/wp\/v2\/media?parent=2944"}],"wp:term":[{"taxonomy":"product_cat","embeddable":true,"href":"http:\/\/klubmamgdynia.pl\/index.php\/wp-json\/wp\/v2\/product_cat?post=2944"},{"taxonomy":"product_tag","embeddable":true,"href":"http:\/\/klubmamgdynia.pl\/index.php\/wp-json\/wp\/v2\/product_tag?post=2944"}],"curies":[{"name":"wp","href":"https:\/\/api.w.org\/{rel}","templated":true}]}}