{"id":2948,"date":"2025-09-14T16:50:31","date_gmt":"2025-09-14T14:50:31","guid":{"rendered":"http:\/\/klubmamgdynia.pl\/?post_type=product&#038;p=2948"},"modified":"2026-04-07T19:12:06","modified_gmt":"2026-04-07T17:12:06","slug":"smily-play-mozaika-obrazkowa-zestaw-kreatywny-175-elementow","status":"publish","type":"product","link":"http:\/\/klubmamgdynia.pl\/index.php\/produkt\/smily-play-mozaika-obrazkowa-zestaw-kreatywny-175-elementow\/","title":{"rendered":"Smily Play Mozaika Obrazkowa Zestaw Kreatywny 175 Element\u00f3w"},"content":{"rendered":"<p>Zacznij kreatywn\u0105 zabaw\u0119! Wyjmij plastikowy pojemnik i otw\u00f3rz pokryw\u0119. Wyjmij kolorowe elementy mozaiki i umie\u015b\u0107 w przegr\u00f3dkach. Wybierz jedna z 20 dwustronnych kart pracy. Zamie\u015b\u0107 j\u0105 w otworze przykrywy i zacznij zabaw\u0119 umieszczaj\u0105c kwadratowe elementy w odpowiednie miejsca. Ka\u017cdy kolor przypisany jest do innej figury geometrycznej. Na jednej stronie karty pracy s\u0105 figury geometryczne przypisane w odpowiednie okienka, na drugiej stronie karty pracy jest obrazek jaki ostatecznie u\u0142o\u017cymy.Zabawka pomaga rozwija\u0107 ma\u0142\u0105 motoryk\u0119 i stymuluje zmys\u0142y. \u017bywe kolory przykuwaj\u0105 uwag\u0119 dziecka i zach\u0119ca je do zabawy.W pude\u0142ku znajduje si\u0119:Pojemnik z 8 przegr\u00f3dkami na elementyPrzykrywka b\u0119d\u0105ca podstaw\u0105 do uk\u0142adania mozaiki20 kart pracy175 element\u00f3w mozaikiG\u0142\u00f3wne cechy produktu:Producent Smily PlayDla dzieci od 3 roku \u017cyciaObrazkowa mozaika175 element\u00f3wZabawa rozwija wyobra\u017ani\u0119 i kreatywno\u015b\u0107Pomaga rozwija\u0107 zmys\u0142y dzieckaWymiary: 24 x 24 x 6 cmWysoka jako\u015b\u0107 wykonania<\/p>\n<h2>Smily Play Mozaika Obrazkowa Zestaw Kreatywny 175 Element\u00f3w Smily Play<\/h2>\n<p>prezent na roczek dla dziecka, jak narysowa\u0107 \u017cab\u0119, quiz flagi, quizy ortograficzne trudne, szybkie zagadki matematyczne, zagadki, jedzie poci\u0105g z daleka tekst, felix net i nika oraz gang niewidzialnych ludzi test z odpowiedziami, cytaty o mi\u0142o\u015bci do dziecka, rysowanie po \u015bladzie pdf, co kupi\u0107 dziewczynce na roczek, zaj\u0105czek z jajka ugotowanego<\/p>\n<p>yyyyy<\/p>\n<p>&nbsp;<\/p>\n","protected":false},"excerpt":{"rendered":"<p>Zacznij kreatywn\u0105 zabaw\u0119! Wyjmij plastikowy pojemnik i otw\u00f3rz pokryw\u0119. Wyjmij kolorowe elementy mozaiki i umie\u015b\u0107 w przegr\u00f3dkach. Wybierz jedna z 20 dwustronnych kart pracy. Zamie\u015b\u0107 j\u0105 w otworze przykrywy i zacznij zabaw\u0119 umieszczaj\u0105c kwadratowe elementy w odpowiednie miejsca. Ka\u017cdy kolor przypisany jest do innej figury geometrycznej. Na jednej stronie karty pracy s\u0105 figury geometryczne przypisane [&hellip;]<\/p>\n","protected":false},"featured_media":2949,"comment_status":"closed","ping_status":"open","template":"","meta":[],"product_cat":[62,21],"product_tag":[730,657,842,739,835],"class_list":["post-2948","product","type-product","status-publish","has-post-thumbnail","hentry","product_cat-smily-play","product_cat-zabawki-plastyczne","product_tag-karyna","product_tag-lol-kolorowanka","product_tag-plac-zabaw-poznan","product_tag-prima-aprilis-w-szkole","product_tag-radosc-dziecka-cytaty"],"_links":{"self":[{"href":"http:\/\/klubmamgdynia.pl\/index.php\/wp-json\/wp\/v2\/product\/2948","targetHints":{"allow":["GET"]}}],"collection":[{"href":"http:\/\/klubmamgdynia.pl\/index.php\/wp-json\/wp\/v2\/product"}],"about":[{"href":"http:\/\/klubmamgdynia.pl\/index.php\/wp-json\/wp\/v2\/types\/product"}],"replies":[{"embeddable":true,"href":"http:\/\/klubmamgdynia.pl\/index.php\/wp-json\/wp\/v2\/comments?post=2948"}],"wp:featuredmedia":[{"embeddable":true,"href":"http:\/\/klubmamgdynia.pl\/index.php\/wp-json\/wp\/v2\/media\/2949"}],"wp:attachment":[{"href":"http:\/\/klubmamgdynia.pl\/index.php\/wp-json\/wp\/v2\/media?parent=2948"}],"wp:term":[{"taxonomy":"product_cat","embeddable":true,"href":"http:\/\/klubmamgdynia.pl\/index.php\/wp-json\/wp\/v2\/product_cat?post=2948"},{"taxonomy":"product_tag","embeddable":true,"href":"http:\/\/klubmamgdynia.pl\/index.php\/wp-json\/wp\/v2\/product_tag?post=2948"}],"curies":[{"name":"wp","href":"https:\/\/api.w.org\/{rel}","templated":true}]}}