{"id":295,"date":"2013-02-20T22:40:50","date_gmt":"2013-02-20T21:40:50","guid":{"rendered":"http:\/\/klubmamgdynia.pl\/index.php\/produkt\/hasbro-gaming-simon-air-b6900\/"},"modified":"2026-04-05T17:17:53","modified_gmt":"2026-04-05T15:17:53","slug":"hasbro-gaming-simon-air-b6900","status":"publish","type":"product","link":"http:\/\/klubmamgdynia.pl\/index.php\/produkt\/hasbro-gaming-simon-air-b6900\/","title":{"rendered":"Hasbro Gaming Simon Air B6900"},"content":{"rendered":"<p>Czy powt\u00f3rzysz sekwencj\u0119?<\/p>\n<p>Przygotuj si\u0119 na weso\u0142\u0105 zabaw\u0119! Simon Air to nowa wersja popularnej gry Simon, kt\u00f3ra polega na ogl\u0105daniu, zapami\u0119tywaniu i powt\u00f3rzeniu ruch\u00f3w drugiego gracza. W grze zastosowano bezdotykow\u0105 technologi\u0119 touch-free, kt\u00f3ra rozpoznaje ka\u017cdy ruch zawodnik\u00f3w. Gra pozwala na zabaw\u0119 w pojedynk\u0119 lub gr\u0119 dla dw\u00f3ch graczy. Wi\u0119c usi\u0105d\u017a i na\u015bladuj \u015bwietlne sekwencje!                            <\/p>\n<p>            Jedna gra &#8211; wiele mo\u017cliwo\u015bci<\/p>\n<p>Simon Air posiada 3 tryby zabawy: klasyczny, solo lub dla dw\u00f3ch graczy. W grze w pojedynk\u0119, zawodnik stara si\u0119 pobi\u0107 rekord. Tryb klasyczny wy\u015bwietla proste, pojedyncze sekwencje \u015bwiate\u0142, dzi\u0119ki czemu gra jest idealna dla pocz\u0105tkuj\u0105cych. Nam\u00f3w przyjaciela i zagrajcie w wersj\u0119 na dwie osoby! Bez wzgl\u0119du na to, kt\u00f3ry tryb wybierzesz, gra Simon Air dostarczy mn\u00f3stwo emocji oraz rado\u015bci.                            <\/p>\n<p>            Dobra zabawa gwarantowana<\/p>\n<p>Chcesz pokona\u0107 Simon Air? Musisz pozna\u0107 wszystkie ruchy! Ta wersja gry wprowadza do rozgrywki ca\u0142kiem nowe ruchy oraz \u015bwietlne sekwencje. Zapami\u0119taj je, a zwyci\u0119stwo masz w kieszeni! Gra \u0107wiczy pami\u0119\u0107 i refleks.<\/p>\n<h2>Hasbro Gaming Simon Air B6900 Hasbro<\/h2>\n<p>sabina, kolorowe listki tekst, zagadki o bajkach, prezent dla dziewczynki 7 lat<\/p>\n<p>yyyyy<\/p>\n<p>&nbsp;<\/p>\n","protected":false},"excerpt":{"rendered":"<p>Czy powt\u00f3rzysz sekwencj\u0119? Przygotuj si\u0119 na weso\u0142\u0105 zabaw\u0119! Simon Air to nowa wersja popularnej gry Simon, kt\u00f3ra polega na ogl\u0105daniu, zapami\u0119tywaniu i powt\u00f3rzeniu ruch\u00f3w drugiego gracza. W grze zastosowano bezdotykow\u0105 technologi\u0119 touch-free, kt\u00f3ra rozpoznaje ka\u017cdy ruch zawodnik\u00f3w. Gra pozwala na zabaw\u0119 w pojedynk\u0119 lub gr\u0119 dla dw\u00f3ch graczy. Wi\u0119c usi\u0105d\u017a i na\u015bladuj \u015bwietlne sekwencje! Jedna [&hellip;]<\/p>\n","protected":false},"featured_media":296,"comment_status":"closed","ping_status":"open","template":"","meta":[],"product_cat":[130,129],"product_tag":[677,737,715],"class_list":["post-295","product","type-product","status-publish","has-post-thumbnail","hentry","product_cat-gry-dzieciece","product_cat-hasbro","product_tag-milosz-imie","product_tag-test-z-lektury-felix-net-i-nika-oraz-gang-niewidzialnych-ludzi","product_tag-zosia-samosia"],"_links":{"self":[{"href":"http:\/\/klubmamgdynia.pl\/index.php\/wp-json\/wp\/v2\/product\/295","targetHints":{"allow":["GET"]}}],"collection":[{"href":"http:\/\/klubmamgdynia.pl\/index.php\/wp-json\/wp\/v2\/product"}],"about":[{"href":"http:\/\/klubmamgdynia.pl\/index.php\/wp-json\/wp\/v2\/types\/product"}],"replies":[{"embeddable":true,"href":"http:\/\/klubmamgdynia.pl\/index.php\/wp-json\/wp\/v2\/comments?post=295"}],"wp:featuredmedia":[{"embeddable":true,"href":"http:\/\/klubmamgdynia.pl\/index.php\/wp-json\/wp\/v2\/media\/296"}],"wp:attachment":[{"href":"http:\/\/klubmamgdynia.pl\/index.php\/wp-json\/wp\/v2\/media?parent=295"}],"wp:term":[{"taxonomy":"product_cat","embeddable":true,"href":"http:\/\/klubmamgdynia.pl\/index.php\/wp-json\/wp\/v2\/product_cat?post=295"},{"taxonomy":"product_tag","embeddable":true,"href":"http:\/\/klubmamgdynia.pl\/index.php\/wp-json\/wp\/v2\/product_tag?post=295"}],"curies":[{"name":"wp","href":"https:\/\/api.w.org\/{rel}","templated":true}]}}