{"id":2950,"date":"2020-10-29T01:49:48","date_gmt":"2020-10-29T00:49:48","guid":{"rendered":"http:\/\/klubmamgdynia.pl\/index.php\/produkt\/wader-garaz-parking-wielopoziomowy-z-wiaduktem\/"},"modified":"2026-04-29T03:00:37","modified_gmt":"2026-04-29T01:00:37","slug":"wader-garaz-parking-wielopoziomowy-z-wiaduktem","status":"publish","type":"product","link":"http:\/\/klubmamgdynia.pl\/index.php\/produkt\/wader-garaz-parking-wielopoziomowy-z-wiaduktem\/","title":{"rendered":"Wader Gara\u017c parking wielopoziomowy z wiaduktem"},"content":{"rendered":"<p>Parking wielopoziomowy z serii Play Tracks Garage rozpali serce ka\u017cdego m\u0142odego fana motoryzacji. Nowoczesna, lekka i prosta w monta\u017cu konstrukcja pozwala na u\u0142o\u017cenie tras w r\u00f3\u017cne kszta\u0142ty i zapewni Twojemu dziecku wiele rado\u015bci i godzin wspania\u0142ej zabawy. Z r\u00f3\u017cnokolorowych element\u00f3w powstaje pi\u0119trowy system dr\u00f3g o \u0142\u0105cznej d\u0142ugo\u015bci 9,1 m i dwupoziomowa stacja parkingowa. Do zestawu do\u0142\u0105czone s\u0105 dekoracje, naklejki oraz 5 pojazd\u00f3w \u2013 jedno autko Kid Cars Sport oraz 2 samochody Kid Cars Sport z przyczepkami, na kt\u00f3rych znajduj\u0105 si\u0119 dodatkowe pojazdy. Zestaw pozwala na tworzenie wielu scenariuszy zabaw, pobudza wyobra\u017ani\u0119 naszych pociech i inspiruje do kreatywnego my\u015blenia. Zabawa z wykorzystaniem Parkingu wspiera rozw\u00f3j ruchowy najm\u0142odszych, zw\u0142aszcza ma\u0142ej motoryki, ich umiej\u0119tno\u015bci manualne, precyzj\u0119 ruch\u00f3w i koordynacj\u0119 wzrokowo-ruchow\u0105, uczy logicznego my\u015blenia i orientacji przestrzennej. R\u00f3\u017cnobarwne elementy pozwalaj\u0105 na poznanie i utrwalenie nazw podstawowych kolor\u00f3w. Podczas zabawy nasza pociecha poznaje zasady ruchu drogowego oraz uczy si\u0119 bezpiecznego przechodzenia przez jezdni\u0119. Wszystkie elementy wykonane s\u0105 z wysokiej jako\u015bci bezpiecznego dla dzieci i trwa\u0142ego tworzywa, dzi\u0119ki czemu wszystkie cz\u0119\u015bci trasy zachowuj\u0105 kszta\u0142t i kolor przez wiele lat. Komplet zapakowany jest w estetyczne pude\u0142ko, idealne na prezent.Opis techniczny:Zestaw sk\u0142ada si\u0119 z r\u00f3\u017cnokolorowych, \u0142atwych w monta\u017cu element\u00f3w, z kt\u00f3rych powstaje dwupoziomowa stacja parkingowa oraz pi\u0119trowy system dr\u00f3g o \u0142\u0105cznej d\u0142ugo\u015bci 9,1 m.W sk\u0142ad zestawu wchodzi r\u00f3wnie\u017c 5 pojazd\u00f3w Kid Cars, dekoracje (4 znaki) oraz naklejki urozmaicaj\u0105ce zabaw\u0119.Prosta w monta\u017cu konstrukcja.Zabawka daje mo\u017cliwo\u015b\u0107 tworzenia wielu scenariuszy zabaw.Ca\u0142o\u015b\u0107 wykonana z wysokiej jako\u015bci, bezpiecznego dla dzieci i trwa\u0142ego tworzywa.Odpowiednia dla dzieci 3+Komplet zapakowany w estetyczne pude\u0142ko, idealne na prezentWymiary 80 x 54 x 13,5 cm,&#8230;<\/p>\n<h2>Wader Gara\u017c parking wielopoziomowy z wiaduktem Wader<\/h2>\n<p>ko\u0142ysanki dla dzieci tekst, piosenka dla mamy tekst, prezent dla 17 latka, janusz, el\u017cbieta imie, jednorozec z dyni, zabawy dla 5-6 latk\u00f3w, zagadki na inteligencj\u0119, bajki do czytania dla ch\u0142opc\u00f3w, cytaty korczaka, s\u0142oneczko, quiz psi patrol, test z narnii lew czarownica i stara szafa, felix net i nika oraz gang niewidzialnych ludzi test z odpowiedziami, roczek dziewczynki, serce kolorowanka, mira imi\u0119, jakie prezenty na roczek, upominek dla nastolatk\u00f3w<\/p>\n<p>yyyyy<\/p>\n<p>&nbsp;<\/p>\n","protected":false},"excerpt":{"rendered":"<p>Parking wielopoziomowy z serii Play Tracks Garage rozpali serce ka\u017cdego m\u0142odego fana motoryzacji. Nowoczesna, lekka i prosta w monta\u017cu konstrukcja pozwala na u\u0142o\u017cenie tras w r\u00f3\u017cne kszta\u0142ty i zapewni Twojemu dziecku wiele rado\u015bci i godzin wspania\u0142ej zabawy. Z r\u00f3\u017cnokolorowych element\u00f3w powstaje pi\u0119trowy system dr\u00f3g o \u0142\u0105cznej d\u0142ugo\u015bci 9,1 m i dwupoziomowa stacja parkingowa. Do zestawu [&hellip;]<\/p>\n","protected":false},"featured_media":2951,"comment_status":"closed","ping_status":"open","template":"","meta":[],"product_cat":[141,514],"product_tag":[861,786,824,600],"class_list":["post-2950","product","type-product","status-publish","has-post-thumbnail","hentry","product_cat-parkingi-garaze-i-tory-wyscigowe","product_cat-wader","product_tag-jak-narysowac-psa","product_tag-prezent-na-1-urodziny","product_tag-warszawa-atrakcje-dla-dzieci","product_tag-zaproszenia-na-urodziny-do-druku"],"_links":{"self":[{"href":"http:\/\/klubmamgdynia.pl\/index.php\/wp-json\/wp\/v2\/product\/2950","targetHints":{"allow":["GET"]}}],"collection":[{"href":"http:\/\/klubmamgdynia.pl\/index.php\/wp-json\/wp\/v2\/product"}],"about":[{"href":"http:\/\/klubmamgdynia.pl\/index.php\/wp-json\/wp\/v2\/types\/product"}],"replies":[{"embeddable":true,"href":"http:\/\/klubmamgdynia.pl\/index.php\/wp-json\/wp\/v2\/comments?post=2950"}],"wp:featuredmedia":[{"embeddable":true,"href":"http:\/\/klubmamgdynia.pl\/index.php\/wp-json\/wp\/v2\/media\/2951"}],"wp:attachment":[{"href":"http:\/\/klubmamgdynia.pl\/index.php\/wp-json\/wp\/v2\/media?parent=2950"}],"wp:term":[{"taxonomy":"product_cat","embeddable":true,"href":"http:\/\/klubmamgdynia.pl\/index.php\/wp-json\/wp\/v2\/product_cat?post=2950"},{"taxonomy":"product_tag","embeddable":true,"href":"http:\/\/klubmamgdynia.pl\/index.php\/wp-json\/wp\/v2\/product_tag?post=2950"}],"curies":[{"name":"wp","href":"https:\/\/api.w.org\/{rel}","templated":true}]}}