{"id":2952,"date":"2020-07-19T17:43:00","date_gmt":"2020-07-19T15:43:00","guid":{"rendered":"http:\/\/klubmamgdynia.pl\/index.php\/produkt\/nici-czapki-nocne-czapki-nocne-cuddle-cloth-koala-kappy\/"},"modified":"2026-04-05T22:31:51","modified_gmt":"2026-04-05T20:31:51","slug":"nici-czapki-nocne-czapki-nocne-cuddle-cloth-koala-kappy","status":"publish","type":"product","link":"http:\/\/klubmamgdynia.pl\/index.php\/produkt\/nici-czapki-nocne-czapki-nocne-cuddle-cloth-koala-kappy\/","title":{"rendered":"NICI Czapki nocne Czapki nocne Cuddle cloth Koala Kappy"},"content":{"rendered":"<p>\u015aciereczka do przytulania Koala Kappy jest idealna dla ma\u0142ego, nowego cz\u0142onka rodziny. Sukienka do przytulania zachwyca wysok\u0105 jako\u015bci\u0105 i wykonaniem NICI i towarzyszy nowemu przyjacielowi w pierwszych latach jego \u017cycia. Chusteczka do przytulania mo\u017ce sta\u0107 si\u0119 sta\u0142ym towarzyszem dziecka i razem prze\u017cyj\u0105 wiele przyg\u00f3d. To idealny prezent na narodziny! szczeg\u00f3\u0142y dotycz\u0105ce produktu: Wymiary (d\u0142ugo\u015b\u0107 x szeroko\u015b\u0107): ok. 28 x 24 cm Materia\u0142: plusz\/poliester Czyszczenie: delikatny cykl mycia w temperaturze 30\u00b0C. Wiek: od 0 miesi\u0119cy<\/p>\n<h2>NICI Czapki nocne Czapki nocne Cuddle cloth Koala Kappy Nici<\/h2>\n<p>test z asiuni lektury, pi\u0119kne kr\u00f3tkie wiersze, nauka pisania wyraz\u00f3w dla dzieci do druku pdf, dobrej nocy i sza, prank na prima aprilis, prezent dla nastolatk\u00f3w 2021, wakacje kolorowanka, kiedy dzieci chodza na halloween, znajd\u017a r\u00f3\u017cnice do druku, zagadki \u015bwi\u0105teczne dla dzieci, aron, prezent dla nastolatki<\/p>\n<p>yyyyy<\/p>\n<p>&nbsp;<\/p>\n","protected":false},"excerpt":{"rendered":"<p>\u015aciereczka do przytulania Koala Kappy jest idealna dla ma\u0142ego, nowego cz\u0142onka rodziny. Sukienka do przytulania zachwyca wysok\u0105 jako\u015bci\u0105 i wykonaniem NICI i towarzyszy nowemu przyjacielowi w pierwszych latach jego \u017cycia. Chusteczka do przytulania mo\u017ce sta\u0107 si\u0119 sta\u0142ym towarzyszem dziecka i razem prze\u017cyj\u0105 wiele przyg\u00f3d. To idealny prezent na narodziny! szczeg\u00f3\u0142y dotycz\u0105ce produktu: Wymiary (d\u0142ugo\u015b\u0107 x [&hellip;]<\/p>\n","protected":false},"featured_media":2953,"comment_status":"closed","ping_status":"open","template":"","meta":[],"product_cat":[42,961],"product_tag":[868,588,601],"class_list":["post-2952","product","type-product","status-publish","has-post-thumbnail","hentry","product_cat-maskotki","product_cat-nici","product_tag-quizy-dla-dzieci","product_tag-wzruszajace-slowa-dla-przyjaciela","product_tag-zagadki-co-to-jest"],"_links":{"self":[{"href":"http:\/\/klubmamgdynia.pl\/index.php\/wp-json\/wp\/v2\/product\/2952","targetHints":{"allow":["GET"]}}],"collection":[{"href":"http:\/\/klubmamgdynia.pl\/index.php\/wp-json\/wp\/v2\/product"}],"about":[{"href":"http:\/\/klubmamgdynia.pl\/index.php\/wp-json\/wp\/v2\/types\/product"}],"replies":[{"embeddable":true,"href":"http:\/\/klubmamgdynia.pl\/index.php\/wp-json\/wp\/v2\/comments?post=2952"}],"wp:featuredmedia":[{"embeddable":true,"href":"http:\/\/klubmamgdynia.pl\/index.php\/wp-json\/wp\/v2\/media\/2953"}],"wp:attachment":[{"href":"http:\/\/klubmamgdynia.pl\/index.php\/wp-json\/wp\/v2\/media?parent=2952"}],"wp:term":[{"taxonomy":"product_cat","embeddable":true,"href":"http:\/\/klubmamgdynia.pl\/index.php\/wp-json\/wp\/v2\/product_cat?post=2952"},{"taxonomy":"product_tag","embeddable":true,"href":"http:\/\/klubmamgdynia.pl\/index.php\/wp-json\/wp\/v2\/product_tag?post=2952"}],"curies":[{"name":"wp","href":"https:\/\/api.w.org\/{rel}","templated":true}]}}