{"id":2956,"date":"2011-12-26T12:42:33","date_gmt":"2011-12-26T11:42:33","guid":{"rendered":"http:\/\/klubmamgdynia.pl\/index.php\/produkt\/leantoys-ciezarowka-dostawcza-zdalnie-sterowana-27-mhz-148-czarna\/"},"modified":"2026-04-05T23:59:38","modified_gmt":"2026-04-05T21:59:38","slug":"leantoys-ciezarowka-dostawcza-zdalnie-sterowana-27-mhz-148-czarna","status":"publish","type":"product","link":"http:\/\/klubmamgdynia.pl\/index.php\/produkt\/leantoys-ciezarowka-dostawcza-zdalnie-sterowana-27-mhz-148-czarna\/","title":{"rendered":"LeanToys Ci\u0119\u017car\u00f3wka Dostawcza Zdalnie Sterowana 27 Mhz 1:48 Czarna"},"content":{"rendered":"<p>Ci\u0119\u017car\u00f3wka Dostawcza Zdalnie Sterowana Czarna<\/p>\n<h2>LeanToys Ci\u0119\u017car\u00f3wka Dostawcza Zdalnie Sterowana 27 Mhz 1:48 Czarna Lean Toys<\/h2>\n<p>dynie pozna\u0144, ogr\u00f3d bajek, gry ruchowe dla dzieci, cytaty o dzieciach i rodzicach, podchwytliwe zagadki matematyczne, quiz spos\u00f3b na alcybiadesa, ozdoby na choink\u0119 dla dzieci z papieru, afryka\u0144skie imiona, ale kino program, na wyspach bergamuta, fajne zagadki, eksperyment dla dzieci wulkan<\/p>\n<p>yyyyy<\/p>\n<p>&nbsp;<\/p>\n","protected":false},"excerpt":{"rendered":"<p>Ci\u0119\u017car\u00f3wka Dostawcza Zdalnie Sterowana Czarna LeanToys Ci\u0119\u017car\u00f3wka Dostawcza Zdalnie Sterowana 27 Mhz 1:48 Czarna Lean Toys dynie pozna\u0144, ogr\u00f3d bajek, gry ruchowe dla dzieci, cytaty o dzieciach i rodzicach, podchwytliwe zagadki matematyczne, quiz spos\u00f3b na alcybiadesa, ozdoby na choink\u0119 dla dzieci z papieru, afryka\u0144skie imiona, ale kino program, na wyspach bergamuta, fajne zagadki, eksperyment dla [&hellip;]<\/p>\n","protected":false},"featured_media":2957,"comment_status":"closed","ping_status":"open","template":"","meta":[],"product_cat":[73,337],"product_tag":[598,865,734,629,812],"class_list":["post-2956","product","type-product","status-publish","has-post-thumbnail","hentry","product_cat-lean-toys","product_cat-zabawki-zdalnie-sterowane","product_tag-co-na-roczek-dla-dziewczynki","product_tag-cytaty-o-dzieciach","product_tag-milan-imie","product_tag-smieszne-zagadki-z-odpowiedziami","product_tag-zagadki-logiczne-na-inteligencje"],"_links":{"self":[{"href":"http:\/\/klubmamgdynia.pl\/index.php\/wp-json\/wp\/v2\/product\/2956","targetHints":{"allow":["GET"]}}],"collection":[{"href":"http:\/\/klubmamgdynia.pl\/index.php\/wp-json\/wp\/v2\/product"}],"about":[{"href":"http:\/\/klubmamgdynia.pl\/index.php\/wp-json\/wp\/v2\/types\/product"}],"replies":[{"embeddable":true,"href":"http:\/\/klubmamgdynia.pl\/index.php\/wp-json\/wp\/v2\/comments?post=2956"}],"wp:featuredmedia":[{"embeddable":true,"href":"http:\/\/klubmamgdynia.pl\/index.php\/wp-json\/wp\/v2\/media\/2957"}],"wp:attachment":[{"href":"http:\/\/klubmamgdynia.pl\/index.php\/wp-json\/wp\/v2\/media?parent=2956"}],"wp:term":[{"taxonomy":"product_cat","embeddable":true,"href":"http:\/\/klubmamgdynia.pl\/index.php\/wp-json\/wp\/v2\/product_cat?post=2956"},{"taxonomy":"product_tag","embeddable":true,"href":"http:\/\/klubmamgdynia.pl\/index.php\/wp-json\/wp\/v2\/product_tag?post=2956"}],"curies":[{"name":"wp","href":"https:\/\/api.w.org\/{rel}","templated":true}]}}