{"id":2958,"date":"2016-01-05T22:41:35","date_gmt":"2016-01-05T21:41:35","guid":{"rendered":"http:\/\/klubmamgdynia.pl\/index.php\/produkt\/nici-green-stojaca-pluszowa-zabawka-zyrafa-gina-50cm\/"},"modified":"2026-04-30T03:24:13","modified_gmt":"2026-04-30T01:24:13","slug":"nici-green-stojaca-pluszowa-zabawka-zyrafa-gina-50cm","status":"publish","type":"product","link":"http:\/\/klubmamgdynia.pl\/index.php\/produkt\/nici-green-stojaca-pluszowa-zabawka-zyrafa-gina-50cm\/","title":{"rendered":"Nici Green Stoj\u0105ca Pluszowa Zabawka \u017byrafa Gina 50Cm"},"content":{"rendered":"<p>Wybierz si\u0119 z Wild Friends z NICI na pe\u0142n\u0105 przyg\u00f3d wypraw\u0119 przez dzik\u0105 przyrod\u0119. Odkryj z nimi d\u017cungl\u0119, prze\u017cyj przygody na sawannie, przemierzaj Ameryk\u0119 Po\u0142udniow\u0105 i wiele innych egzotycznych zak\u0105tk\u00f3w \u015bwiata. Pozw\u00f3l, aby pluszowi przyjaciele i wiele pi\u0119knie zaprojektowanych akcesori\u00f3w zabra\u0142o Ci\u0119 w podr\u00f3\u017c do obcych \u015bwiat\u00f3w. Puszyste uszy, ogon z puszystym puchem i wzorzyste pluszowe futerko. Czym one mog\u0105 by\u0107? Taka w\u0142a\u015bnie jest Gina &#8211; pluszowa \u017cyrafa z kolekcji NICI Green . Jest nie tylko wspania\u0142ym przyjacielem do przytulania, ale tak\u017ce jest lepsza dla \u015brodowiska. Szczeg\u00f3\u0142y produktu Wymiary (d\u0142ugo\u015b\u0107 x szeroko\u015b\u0107 x wysoko\u015b\u0107): 37 x 21 x 50 cm Materia\u0142: plusz, poliester z recyklingu Materia\u0142 wype\u0142niaj\u0105cy: poliestrowa watolina z recyklingu piel\u0119gnacja: pranie delikatne w 30 \u00b0C Wiek: od 0 miesi\u0119cy<\/p>\n<h2>Nici Green Stoj\u0105ca Pluszowa Zabawka \u017byrafa Gina 50Cm Nici<\/h2>\n<p>w uk\u0142adzie s\u0142onecznym, prezenty dla nastolatkow, gabriela imie, warszawa dla dzieci, psi patrol do czytania, testy z lektury opowie\u015bci z narni lew czarownica i stara szafa, kolorowanka lato, platformy edukacyjne, prezenty dla m\u0142odzie\u017cy, flagi pa\u0144stw quiz, praktyczny prezent dla rocznego dziecka, malowanki piesek, mi\u015b z filmu animowanego<\/p>\n<p>yyyyy<\/p>\n<p>&nbsp;<\/p>\n","protected":false},"excerpt":{"rendered":"<p>Wybierz si\u0119 z Wild Friends z NICI na pe\u0142n\u0105 przyg\u00f3d wypraw\u0119 przez dzik\u0105 przyrod\u0119. Odkryj z nimi d\u017cungl\u0119, prze\u017cyj przygody na sawannie, przemierzaj Ameryk\u0119 Po\u0142udniow\u0105 i wiele innych egzotycznych zak\u0105tk\u00f3w \u015bwiata. Pozw\u00f3l, aby pluszowi przyjaciele i wiele pi\u0119knie zaprojektowanych akcesori\u00f3w zabra\u0142o Ci\u0119 w podr\u00f3\u017c do obcych \u015bwiat\u00f3w. Puszyste uszy, ogon z puszystym puchem i wzorzyste [&hellip;]<\/p>\n","protected":false},"featured_media":2959,"comment_status":"closed","ping_status":"open","template":"","meta":[],"product_cat":[42,961],"product_tag":[677,738,601,793],"class_list":["post-2958","product","type-product","status-publish","has-post-thumbnail","hentry","product_cat-maskotki","product_cat-nici","product_tag-milosz-imie","product_tag-wroclaw-dla-dzieci","product_tag-zagadki-co-to-jest","product_tag-zagadki-smieszne-podchwytliwe"],"_links":{"self":[{"href":"http:\/\/klubmamgdynia.pl\/index.php\/wp-json\/wp\/v2\/product\/2958","targetHints":{"allow":["GET"]}}],"collection":[{"href":"http:\/\/klubmamgdynia.pl\/index.php\/wp-json\/wp\/v2\/product"}],"about":[{"href":"http:\/\/klubmamgdynia.pl\/index.php\/wp-json\/wp\/v2\/types\/product"}],"replies":[{"embeddable":true,"href":"http:\/\/klubmamgdynia.pl\/index.php\/wp-json\/wp\/v2\/comments?post=2958"}],"wp:featuredmedia":[{"embeddable":true,"href":"http:\/\/klubmamgdynia.pl\/index.php\/wp-json\/wp\/v2\/media\/2959"}],"wp:attachment":[{"href":"http:\/\/klubmamgdynia.pl\/index.php\/wp-json\/wp\/v2\/media?parent=2958"}],"wp:term":[{"taxonomy":"product_cat","embeddable":true,"href":"http:\/\/klubmamgdynia.pl\/index.php\/wp-json\/wp\/v2\/product_cat?post=2958"},{"taxonomy":"product_tag","embeddable":true,"href":"http:\/\/klubmamgdynia.pl\/index.php\/wp-json\/wp\/v2\/product_tag?post=2958"}],"curies":[{"name":"wp","href":"https:\/\/api.w.org\/{rel}","templated":true}]}}