{"id":2960,"date":"2022-12-08T12:33:11","date_gmt":"2022-12-08T11:33:11","guid":{"rendered":"http:\/\/klubmamgdynia.pl\/?post_type=product&#038;p=2960"},"modified":"2026-04-14T22:30:41","modified_gmt":"2026-04-14T20:30:41","slug":"playmobil-6968-groomer-with-bloom-pony-playset","status":"publish","type":"product","link":"http:\/\/klubmamgdynia.pl\/index.php\/produkt\/playmobil-6968-groomer-with-bloom-pony-playset\/","title":{"rendered":"Playmobil 6968 Groomer With Bloom Pony Playset"},"content":{"rendered":"<p>Zabawki PLAYMOBIL stwarzaj\u0105 dzieciom wspania\u0142e mo\u017cliwo\u015bci odzwierciedlania i prze\u017cywania \u015bwiata w ma\u0142ym formacie!Playmobil &#8211; Kucyk z ozdob\u0105 Kwiatuszek 6968  &#8211; zestaw dla ma\u0142ych mi\u0142o\u015bnik\u00f3w koni&#8230; Teraz dost\u0119pny w \u015bwiecie Playmobil!Niezwykle szczeg\u00f3\u0142owe i realistycznie wygl\u0105daj\u0105ce detale inspiruj\u0105 Dzieci do budowania w\u0142asnego \u201emini \u015bwiata, w kt\u00f3rym odgrywaj\u0105 scenki i wchodz\u0105 w role poszczeg\u00f3lnych postaci. Dzi\u0119ki temu zabawki PLAYMOBIL wspieraj\u0105 dzieci\u0119cy rozw\u00f3j, pobudzaj\u0105 fantazj\u0119 i kreatywno\u015b\u0107 jednocze\u015bnie zach\u0119caj\u0105c do poznawania otaczaj\u0105cego \u015bwiata. Ogromna paleta produkt\u00f3w obejmuj\u0105ca: zoo, farm\u0119, stadnin\u0119, \u015bwiat rycerzy i pirat\u00f3w, domki z wyposa\u017ceniem, szko\u0142\u0119, szpital, tematyk\u0119 wakacyjn\u0105 czy \u015bwiat staro\u017cytny, sprawi\u0105 \u017ce ka\u017cde dziecko znajdzie tu co\u015b co szczeg\u00f3lnie je zainteresuje.Staranny proces produkcji, zaawansowane technologicznie linie produkcyjne wy\u0142\u0105cznie na terenie Europy, wysokiej jako\u015bci tworzywa o pi\u0119knej kolorystyce oraz bezpiecze\u0144stwo zabawek PLAYMOBIL to kolejne zalety produkt\u00f3w tej marki, sprawiaj\u0105ce \u017ce doro\u015bli darz\u0105 je ogromnym zaufaniem i cz\u0119sto po nie si\u0119gaj\u0105 wybieraj\u0105c zabawki dla swoich Dzieci. To w\u0142a\u015bnie dzi\u0119ki temu ju\u017c 2,1 miliarda figurek PLAYMOBIL mieszka w dzieci\u0119cych pokojach na ca\u0142ym \u015bwiecie.<\/p>\n<h2>Playmobil 6968 Groomer With Bloom Pony Playset Playmobil<\/h2>\n<p>asiunia pytania do lektury, peppa kolorowanka, zagadki dla dzieci, urodziny dziecka pomys\u0142y, czytanki na dobranoc, kartk\u00f3wki z zegara, laurka dla mamy rysunek, gry dla m\u0142odzie\u017cy, europa stolice quiz<\/p>\n<p>yyyyy<\/p>\n<p>&nbsp;<\/p>\n","protected":false},"excerpt":{"rendered":"<p>Zabawki PLAYMOBIL stwarzaj\u0105 dzieciom wspania\u0142e mo\u017cliwo\u015bci odzwierciedlania i prze\u017cywania \u015bwiata w ma\u0142ym formacie!Playmobil &#8211; Kucyk z ozdob\u0105 Kwiatuszek 6968 &#8211; zestaw dla ma\u0142ych mi\u0142o\u015bnik\u00f3w koni&#8230; Teraz dost\u0119pny w \u015bwiecie Playmobil!Niezwykle szczeg\u00f3\u0142owe i realistycznie wygl\u0105daj\u0105ce detale inspiruj\u0105 Dzieci do budowania w\u0142asnego \u201emini \u015bwiata, w kt\u00f3rym odgrywaj\u0105 scenki i wchodz\u0105 w role poszczeg\u00f3lnych postaci. Dzi\u0119ki temu zabawki [&hellip;]<\/p>\n","protected":false},"featured_media":2961,"comment_status":"closed","ping_status":"open","template":"","meta":[],"product_cat":[113,466],"product_tag":[871,619,667,720,816,708],"class_list":["post-2960","product","type-product","status-publish","has-post-thumbnail","hentry","product_cat-klocki","product_cat-playmobil","product_tag-bajka-o-smoku-wawelskim","product_tag-iwo-imie","product_tag-kolorowanka-lol","product_tag-malowanki","product_tag-place-zabaw-warszawa","product_tag-zabawy-ruchowe-dla-dzieci"],"_links":{"self":[{"href":"http:\/\/klubmamgdynia.pl\/index.php\/wp-json\/wp\/v2\/product\/2960","targetHints":{"allow":["GET"]}}],"collection":[{"href":"http:\/\/klubmamgdynia.pl\/index.php\/wp-json\/wp\/v2\/product"}],"about":[{"href":"http:\/\/klubmamgdynia.pl\/index.php\/wp-json\/wp\/v2\/types\/product"}],"replies":[{"embeddable":true,"href":"http:\/\/klubmamgdynia.pl\/index.php\/wp-json\/wp\/v2\/comments?post=2960"}],"wp:featuredmedia":[{"embeddable":true,"href":"http:\/\/klubmamgdynia.pl\/index.php\/wp-json\/wp\/v2\/media\/2961"}],"wp:attachment":[{"href":"http:\/\/klubmamgdynia.pl\/index.php\/wp-json\/wp\/v2\/media?parent=2960"}],"wp:term":[{"taxonomy":"product_cat","embeddable":true,"href":"http:\/\/klubmamgdynia.pl\/index.php\/wp-json\/wp\/v2\/product_cat?post=2960"},{"taxonomy":"product_tag","embeddable":true,"href":"http:\/\/klubmamgdynia.pl\/index.php\/wp-json\/wp\/v2\/product_tag?post=2960"}],"curies":[{"name":"wp","href":"https:\/\/api.w.org\/{rel}","templated":true}]}}