{"id":2962,"date":"2015-06-09T15:36:06","date_gmt":"2015-06-09T13:36:06","guid":{"rendered":"http:\/\/klubmamgdynia.pl\/index.php\/produkt\/nici-jednorozec-theolino-brelok-10cm-43251\/"},"modified":"2026-04-06T02:51:08","modified_gmt":"2026-04-06T00:51:08","slug":"nici-jednorozec-theolino-brelok-10cm-43251","status":"publish","type":"product","link":"http:\/\/klubmamgdynia.pl\/index.php\/produkt\/nici-jednorozec-theolino-brelok-10cm-43251\/","title":{"rendered":"Nici Jednoro\u017cec Theolino Brelok 10Cm. 43251"},"content":{"rendered":"<p>Brelok ma 10cm wysoko\u015bci , b\u0119dzie pi\u0119kna i zabawn\u0105 przywieszka do kluczy czy plecaka ka\u017cdej dziewczynki<\/p>\n<h2>Nici Jednoro\u017cec Theolino Brelok 10Cm. 43251 Nici<\/h2>\n<p>wiersze o wakacjach, szablony papierowe lalki do ubierania do wydruku, swinka peppa obrazek, zagadki walentynkowe, trudne zagadki z odpowiedziami, karty pracy dla dzieci z ukrainy klasa 3, ma\u0142o nas do pieczenia chleba, test detektyw pozytywka, zimowe zagadki dla dzieci, kolorowanki na dzie\u0144 niepodleg\u0142o\u015bci do wydruku, kolorowanka dla dzieci, dzie\u0144 matki w\u0142asnor\u0119czny prezent dla mamy od dziecka, najlepsze zarty na prima aprilis, romantyczna bajka na dobranoc<\/p>\n<p>yyyyy<\/p>\n<p>&nbsp;<\/p>\n","protected":false},"excerpt":{"rendered":"<p>Brelok ma 10cm wysoko\u015bci , b\u0119dzie pi\u0119kna i zabawn\u0105 przywieszka do kluczy czy plecaka ka\u017cdej dziewczynki Nici Jednoro\u017cec Theolino Brelok 10Cm. 43251 Nici wiersze o wakacjach, szablony papierowe lalki do ubierania do wydruku, swinka peppa obrazek, zagadki walentynkowe, trudne zagadki z odpowiedziami, karty pracy dla dzieci z ukrainy klasa 3, ma\u0142o nas do pieczenia chleba, [&hellip;]<\/p>\n","protected":false},"featured_media":2963,"comment_status":"closed","ping_status":"open","template":"","meta":[],"product_cat":[42,961],"product_tag":[765,610,746,607],"class_list":["post-2962","product","type-product","status-publish","has-post-thumbnail","hentry","product_cat-maskotki","product_cat-nici","product_tag-atrakcje-dla-dzieci-warszawa","product_tag-co-na-prezent-dla-nastolatkow","product_tag-zagadki-typu-co-to-jest","product_tag-zarty-na-prima-aprilis-dla-rodzicow"],"_links":{"self":[{"href":"http:\/\/klubmamgdynia.pl\/index.php\/wp-json\/wp\/v2\/product\/2962","targetHints":{"allow":["GET"]}}],"collection":[{"href":"http:\/\/klubmamgdynia.pl\/index.php\/wp-json\/wp\/v2\/product"}],"about":[{"href":"http:\/\/klubmamgdynia.pl\/index.php\/wp-json\/wp\/v2\/types\/product"}],"replies":[{"embeddable":true,"href":"http:\/\/klubmamgdynia.pl\/index.php\/wp-json\/wp\/v2\/comments?post=2962"}],"wp:featuredmedia":[{"embeddable":true,"href":"http:\/\/klubmamgdynia.pl\/index.php\/wp-json\/wp\/v2\/media\/2963"}],"wp:attachment":[{"href":"http:\/\/klubmamgdynia.pl\/index.php\/wp-json\/wp\/v2\/media?parent=2962"}],"wp:term":[{"taxonomy":"product_cat","embeddable":true,"href":"http:\/\/klubmamgdynia.pl\/index.php\/wp-json\/wp\/v2\/product_cat?post=2962"},{"taxonomy":"product_tag","embeddable":true,"href":"http:\/\/klubmamgdynia.pl\/index.php\/wp-json\/wp\/v2\/product_tag?post=2962"}],"curies":[{"name":"wp","href":"https:\/\/api.w.org\/{rel}","templated":true}]}}