{"id":2966,"date":"2023-08-28T17:33:16","date_gmt":"2023-08-28T15:33:16","guid":{"rendered":"http:\/\/klubmamgdynia.pl\/?post_type=product&#038;p=2966"},"modified":"2026-04-25T01:19:58","modified_gmt":"2026-04-24T23:19:58","slug":"rotho-wezyk-do-wanienki","status":"publish","type":"product","link":"http:\/\/klubmamgdynia.pl\/index.php\/produkt\/rotho-wezyk-do-wanienki\/","title":{"rendered":"Rotho W\u0119\u017cyk Do Wanienki"},"content":{"rendered":"<p>ROTHO W\u0119\u017cyk odp\u0142ywowy do wanienki\u2022 pasuje do wszystki ch wanienek\u2022 bezproblemowe, czyste odprowadzanie wody\u2022 prosty monta\u017c<\/p>\n<h2>Rotho W\u0119\u017cyk Do Wanienki Rotho<\/h2>\n<p>miastodzieci, zagadki logiczne trudne, bajki na dobranoc psi patrol, wiersz o g\u00f3rniku, laurka dla babci, kr\u00f3tkie bajki dla dzieci, czytanki na dobranoc, bajki na dobranoc psi patrol, anastazja imi\u0119, sk\u0142adniki do pizzy kolorowanka, cytaty dla mamy, szlaczki dla dzieci, kr\u00f3tkie zagadki, quizy o minecraft, wr\u00f3zby andrzejkowe dla dzieci, kolorowanka ninjago, plac zabaw warszawa, kolorowanka star wars, pomys\u0142 na laurk\u0119<\/p>\n<p>yyyyy<\/p>\n<p>&nbsp;<\/p>\n","protected":false},"excerpt":{"rendered":"<p>ROTHO W\u0119\u017cyk odp\u0142ywowy do wanienki\u2022 pasuje do wszystki ch wanienek\u2022 bezproblemowe, czyste odprowadzanie wody\u2022 prosty monta\u017c Rotho W\u0119\u017cyk Do Wanienki Rotho miastodzieci, zagadki logiczne trudne, bajki na dobranoc psi patrol, wiersz o g\u00f3rniku, laurka dla babci, kr\u00f3tkie bajki dla dzieci, czytanki na dobranoc, bajki na dobranoc psi patrol, anastazja imi\u0119, sk\u0142adniki do pizzy kolorowanka, cytaty [&hellip;]<\/p>\n","protected":false},"featured_media":2967,"comment_status":"closed","ping_status":"open","template":"","meta":[],"product_cat":[958,1000],"product_tag":[808,780,749,746],"class_list":["post-2966","product","type-product","status-publish","has-post-thumbnail","hentry","product_cat-komody-kapielowe-wanienki-i-przewijaki","product_cat-rotho","product_tag-imie-mia","product_tag-krecik-bajka","product_tag-najlepsze-zarty-na-prima-aprilis","product_tag-zagadki-typu-co-to-jest"],"_links":{"self":[{"href":"http:\/\/klubmamgdynia.pl\/index.php\/wp-json\/wp\/v2\/product\/2966","targetHints":{"allow":["GET"]}}],"collection":[{"href":"http:\/\/klubmamgdynia.pl\/index.php\/wp-json\/wp\/v2\/product"}],"about":[{"href":"http:\/\/klubmamgdynia.pl\/index.php\/wp-json\/wp\/v2\/types\/product"}],"replies":[{"embeddable":true,"href":"http:\/\/klubmamgdynia.pl\/index.php\/wp-json\/wp\/v2\/comments?post=2966"}],"wp:featuredmedia":[{"embeddable":true,"href":"http:\/\/klubmamgdynia.pl\/index.php\/wp-json\/wp\/v2\/media\/2967"}],"wp:attachment":[{"href":"http:\/\/klubmamgdynia.pl\/index.php\/wp-json\/wp\/v2\/media?parent=2966"}],"wp:term":[{"taxonomy":"product_cat","embeddable":true,"href":"http:\/\/klubmamgdynia.pl\/index.php\/wp-json\/wp\/v2\/product_cat?post=2966"},{"taxonomy":"product_tag","embeddable":true,"href":"http:\/\/klubmamgdynia.pl\/index.php\/wp-json\/wp\/v2\/product_tag?post=2966"}],"curies":[{"name":"wp","href":"https:\/\/api.w.org\/{rel}","templated":true}]}}