{"id":2968,"date":"2013-07-03T11:47:36","date_gmt":"2013-07-03T09:47:36","guid":{"rendered":"http:\/\/klubmamgdynia.pl\/index.php\/produkt\/nici-siurp-unicorn-blibbs38450\/"},"modified":"2026-04-06T02:35:42","modified_gmt":"2026-04-06T00:35:42","slug":"nici-siurp-unicorn-blibbs38450","status":"publish","type":"product","link":"http:\/\/klubmamgdynia.pl\/index.php\/produkt\/nici-siurp-unicorn-blibbs38450\/","title":{"rendered":"Nici Siurp Unicorn Blibbs38450"},"content":{"rendered":"<p>Maskotka 16cm.<\/p>\n<h2>Nici Siurp Unicorn Blibbs38450 Nici<\/h2>\n<p>malgorzata znaczenie imienia, wzory zaprosze\u0144 zaproszenie na urodziny szablon do druku, miasto dzieci.pl, tajemniczy ogr\u00f3d test z lektury, julian znaczenie imienia, podchwytliwe zagadki i odpowiedzi, platformy edukacyjne, pomys\u0142y na prezent dla nastolatk\u00f3w<\/p>\n<p>yyyyy<\/p>\n<p>&nbsp;<\/p>\n","protected":false},"excerpt":{"rendered":"<p>Maskotka 16cm. Nici Siurp Unicorn Blibbs38450 Nici malgorzata znaczenie imienia, wzory zaprosze\u0144 zaproszenie na urodziny szablon do druku, miasto dzieci.pl, tajemniczy ogr\u00f3d test z lektury, julian znaczenie imienia, podchwytliwe zagadki i odpowiedzi, platformy edukacyjne, pomys\u0142y na prezent dla nastolatk\u00f3w yyyyy &nbsp;<\/p>\n","protected":false},"featured_media":2969,"comment_status":"closed","ping_status":"open","template":"","meta":[],"product_cat":[42,961],"product_tag":[728,853,599,586],"class_list":["post-2968","product","type-product","status-publish","has-post-thumbnail","hentry","product_cat-maskotki","product_cat-nici","product_tag-bezwarunkowa-milosc-do-dziecka-cytaty","product_tag-kolorowanki-do-druku-dla-doroslych","product_tag-prezent-dla-nastolatkow-2021","product_tag-smieszne-zagadki"],"_links":{"self":[{"href":"http:\/\/klubmamgdynia.pl\/index.php\/wp-json\/wp\/v2\/product\/2968","targetHints":{"allow":["GET"]}}],"collection":[{"href":"http:\/\/klubmamgdynia.pl\/index.php\/wp-json\/wp\/v2\/product"}],"about":[{"href":"http:\/\/klubmamgdynia.pl\/index.php\/wp-json\/wp\/v2\/types\/product"}],"replies":[{"embeddable":true,"href":"http:\/\/klubmamgdynia.pl\/index.php\/wp-json\/wp\/v2\/comments?post=2968"}],"wp:featuredmedia":[{"embeddable":true,"href":"http:\/\/klubmamgdynia.pl\/index.php\/wp-json\/wp\/v2\/media\/2969"}],"wp:attachment":[{"href":"http:\/\/klubmamgdynia.pl\/index.php\/wp-json\/wp\/v2\/media?parent=2968"}],"wp:term":[{"taxonomy":"product_cat","embeddable":true,"href":"http:\/\/klubmamgdynia.pl\/index.php\/wp-json\/wp\/v2\/product_cat?post=2968"},{"taxonomy":"product_tag","embeddable":true,"href":"http:\/\/klubmamgdynia.pl\/index.php\/wp-json\/wp\/v2\/product_tag?post=2968"}],"curies":[{"name":"wp","href":"https:\/\/api.w.org\/{rel}","templated":true}]}}