{"id":297,"date":"2012-01-07T13:15:25","date_gmt":"2012-01-07T12:15:25","guid":{"rendered":"http:\/\/klubmamgdynia.pl\/index.php\/produkt\/jokomisiada-zdalnie-sterowany-waz-na-pilota-rc0189-po\/"},"modified":"2026-04-27T00:23:54","modified_gmt":"2026-04-26T22:23:54","slug":"jokomisiada-zdalnie-sterowany-waz-na-pilota-rc0189-po","status":"publish","type":"product","link":"http:\/\/klubmamgdynia.pl\/index.php\/produkt\/jokomisiada-zdalnie-sterowany-waz-na-pilota-rc0189-po\/","title":{"rendered":"Jokomisiada Zdalnie Sterowany W\u0105\u017c Na Pilota (Rc0189 Po)"},"content":{"rendered":"<p>Nowo\u015b\u0107, realistyczny, niesamowity, straszny, efektowny zdalnie sterowany w\u0105\u017c. W\u0105\u017c sterowany jest za pomoca pilota w kszta\u0142cie jajka. \u0141adowanie w\u0119\u017ca odbywa si\u0119 poprzez USB. Pilot zasilany jest 3 bateriami AG13. W\u0105\u017c porusza si\u0119 niezwykle realistycznie.Wi\u0119kszo\u015b\u0107 ludzi (a na pewno ja) nie przepada za w\u0119\u017cami. Mia\u0142am nie lada problem aby przem\u00f3c sw\u00f3j l\u0119k do tego p\u0142aza i go opisa\u0107. No ale\u017c czeg\u00f3\u017c to cz\u0142owiek nie robi dla szczytnych cel\u00f3w : ) Na ca\u0142e szcz\u0119\u015bcie z pomoc\u0105 dotar\u0142 syn, m\u00f3wi\u0105c mamusiu poka\u017c co to masz mog\u0119 &#8230; mog\u0119&#8230; mog\u0119&#8230;No i zacz\u0119\u0142a si\u0119 zabawa. W mig ogarn\u0105\u0142 zabawk\u0119, pokaza\u0142 co i jak dzia\u0142a, a ja mog\u0142am spokojnie obserwowa\u0107 zabaw\u0119, dzi\u0119ki czemu powsta\u0142dany opis. My\u015bl\u0119, \u017ce jest to niez\u0142a frajda dla dzieci lubi\u0105cych zabawki interaktywne, pomys\u0142owe i kreatywne. W\u0105\u017c jest niezwykle starannie i realistycznie wykonany.Na pewno mo\u017cna wymy\u015bli\u0107 niesamowite zabawy i kawa\u0142y dzi\u0119ki tej zabawce. Np. przestraszy\u0107 mamusie, lub kole\u017cank\u0119 ze szko\u0142y, pracy itp. Zabawka na pewno przeznaczona jest dla ma\u0142ych i du\u017cych ; ). Zestaw zawiera:- w\u0105\u017c- pilot w kszta\u0142cie jajka- kabel do \u0142adowaniaWymiar w\u0119\u017ca- d\u0142ugo\u015b\u0107 ok. 38cmCa\u0142o\u015b\u0107 zapakowana jest w estetyczny karton, kt\u00f3ry skutecznie zabezpieczy zabawk\u0119 podczas dostawy.Prosz\u0119 po zakupie o informacj\u0119 o wyborze koloru zabawki.<\/p>\n<h2>Jokomisiada Zdalnie Sterowany W\u0105\u017c Na Pilota (Rc0189 Po) Jokomisiada<\/h2>\n<p>quiz o polsce dla dzieci, najlepsze zarty na prima aprilis, ko\u0142ysanki teksty, zagadki dla dzieci 10-12 lat trudne, jak narysowa\u0107 sanie miko\u0142aja, ma\u0142y ksi\u0105\u017ce cytaty o przyja\u017ani, anastazja imi\u0119, bajka o piesku do czytania, znaczenie imiona monika, maski karnawa\u0142owe do druku, andrea, prezenty na roczek dla ch\u0142opca, zadania dla 7 latka do druku, alfabet kolorowanki, filmy rodzinne na halloween<\/p>\n<p>yyyyy<\/p>\n<p>&nbsp;<\/p>\n","protected":false},"excerpt":{"rendered":"<p>Nowo\u015b\u0107, realistyczny, niesamowity, straszny, efektowny zdalnie sterowany w\u0105\u017c. W\u0105\u017c sterowany jest za pomoca pilota w kszta\u0142cie jajka. \u0141adowanie w\u0119\u017ca odbywa si\u0119 poprzez USB. Pilot zasilany jest 3 bateriami AG13. W\u0105\u017c porusza si\u0119 niezwykle realistycznie.Wi\u0119kszo\u015b\u0107 ludzi (a na pewno ja) nie przepada za w\u0119\u017cami. Mia\u0142am nie lada problem aby przem\u00f3c sw\u00f3j l\u0119k do tego p\u0142aza i [&hellip;]<\/p>\n","protected":false},"featured_media":298,"comment_status":"closed","ping_status":"open","template":"","meta":[],"product_cat":[131,39],"product_tag":[828,730,699,644,793],"class_list":["post-297","product","type-product","status-publish","has-post-thumbnail","hentry","product_cat-jokomisiada","product_cat-zabawki-interaktywne","product_tag-filmy-wigilijne-dla-dzieci","product_tag-karyna","product_tag-kolorowanki-do-druku-dla-dziewczyn","product_tag-mia","product_tag-zagadki-smieszne-podchwytliwe"],"_links":{"self":[{"href":"http:\/\/klubmamgdynia.pl\/index.php\/wp-json\/wp\/v2\/product\/297","targetHints":{"allow":["GET"]}}],"collection":[{"href":"http:\/\/klubmamgdynia.pl\/index.php\/wp-json\/wp\/v2\/product"}],"about":[{"href":"http:\/\/klubmamgdynia.pl\/index.php\/wp-json\/wp\/v2\/types\/product"}],"replies":[{"embeddable":true,"href":"http:\/\/klubmamgdynia.pl\/index.php\/wp-json\/wp\/v2\/comments?post=297"}],"wp:featuredmedia":[{"embeddable":true,"href":"http:\/\/klubmamgdynia.pl\/index.php\/wp-json\/wp\/v2\/media\/298"}],"wp:attachment":[{"href":"http:\/\/klubmamgdynia.pl\/index.php\/wp-json\/wp\/v2\/media?parent=297"}],"wp:term":[{"taxonomy":"product_cat","embeddable":true,"href":"http:\/\/klubmamgdynia.pl\/index.php\/wp-json\/wp\/v2\/product_cat?post=297"},{"taxonomy":"product_tag","embeddable":true,"href":"http:\/\/klubmamgdynia.pl\/index.php\/wp-json\/wp\/v2\/product_tag?post=297"}],"curies":[{"name":"wp","href":"https:\/\/api.w.org\/{rel}","templated":true}]}}