{"id":2970,"date":"2017-07-23T01:31:04","date_gmt":"2017-07-22T23:31:04","guid":{"rendered":"http:\/\/klubmamgdynia.pl\/index.php\/produkt\/fotelik-samochodowy-maxi-cosi-rodi-xp-fix-basic-black-15-36kg\/"},"modified":"2026-04-06T17:22:04","modified_gmt":"2026-04-06T15:22:04","slug":"fotelik-samochodowy-maxi-cosi-rodi-xp-fix-basic-black-15-36kg","status":"publish","type":"product","link":"http:\/\/klubmamgdynia.pl\/index.php\/produkt\/fotelik-samochodowy-maxi-cosi-rodi-xp-fix-basic-black-15-36kg\/","title":{"rendered":"Fotelik samochodowy Maxi-Cosi Rodi XP Fix Basic Black 15-36Kg"},"content":{"rendered":"<p>_                            <\/p>\n<p>Rodi XP Fix____Proste i bezpieczne rozwi\u0105zanieOd ok. 3,5 do 12 roku \u017cycia15 &#8211; 36 kgColour Swatch Basic Black                            <\/p>\n<p>Dlaczego warto wybra\u0107 ten produkt?                            <\/p>\n<p>System Ochrony Bocznej________<br \/>\nSystem Ochrony Bocznej podczas bocznych uderze\u0144 to dodatkowa ochrona dla g\u0142owy, bioder i dolnej cz\u0119\u015bci plec\u00f3w (l\u0119d\u017awi) dziecka                            <\/p>\n<p>Ro\u015bnie wraz z dzieckiem________\u0141atwa regulacja zag\u0142\u00f3wka                            <\/p>\n<p>Lekki________Lekki, niek\u0142opotliwe przek\u0142adanie z samochodu do samochodu                            <\/p>\n<p>Instalacja ISOFIX________Wyposa\u017cony w zaczepy ISOFIX dla zwi\u0119kszenia poziomu bezpiecze\u0144stwa                            <\/p>\n<p>Opis produktuRodi XP FIX od Maxi-Cosi to nasz najl\u017cejszy fotelik samochodowy wykorzystuj\u0105cy do monta\u017cu z\u0142\u0105cza ISOFIX. Dzi\u0119ki temu fotelik \u0142atwo przenosi\u0107 pomi\u0119dzy samochodami. Je\u015bli Tw\u00f3j drugi samoch\u00f3d nie posiada z\u0142\u0105czy ISOFIX, Rodi XP FIX nadal b\u0119dzie pasowa\u0107!__________                            <\/p>\n<p>\u00a0                            <\/p>\n<p>Monta\u017cRodi XP FIX od Maxi-Cosi pasuje do wi\u0119kszo\u015bci samochod\u00f3w. Fotelik jest przypi\u0119ty pasem bezpiecze\u0144stwa Twojego samochodu oraz za pomoc\u0105 z\u0142\u0105czy ISOFIX. Co jednak, je\u015bli Tw\u00f3j samoch\u00f3d nie posiada ISOFIX? Nic straconego, poniewa\u017c Rodi XP FIX mo\u017cna u\u017cywa\u0107 r\u00f3wnie\u017c jedynie z pasem bezpiecze\u0144stwa. Umie\u015b\u0107 Rodi XP FIX na tylnej kanapie samochodu, podepnij fotelik do z\u0142\u0105czy ISOFIX (je\u015bli Tw\u00f3j samoch\u00f3d jest w nie wyposa\u017cony) i u\u017cyj pasa bezpiecze\u0144stwa do zapi\u0119cia Twojego dziecka. Nic prostszego!Czy wiesz, \u017ce po\u0142\u0105cznie ISOFIX dodatkowo stabilizuje fotelik samochodowy? Dzieje si\u0119 tak r\u00f3wnie\u017c, gdy dziecko w nim nie siedzi.Obecnie coraz wi\u0119cej samochod\u00f3w posiada system ISOFIX, w zwi\u0105zku z czym istnieje du\u017ce prawdopodobie\u0144stwo, \u017ce posiada go r\u00f3wnie\u017c Tw\u00f3j samoch\u00f3d. Je\u015bli nie masz pewno\u015bci, czy Tw\u00f3j samoch\u00f3d posiada ISOFIX, sprawd\u017a nasz\u0105 list\u0119, aby dowiedzie\u0107 si\u0119, czy Rodi XP FIX od Maxi-Cosi b\u0119dzie dla Ciebie odpowiednim wyborem. Je\u015bli nie, podpowiemy Ci r\u00f3wnie\u017c, kt\u00f3re foteliki b\u0119d\u0105 pasowa\u0107.                            <\/p>\n<p>\u00a0                            <\/p>\n<p>__________                            <\/p>\n<p>Bezpiecze\u0144stwoNaszym najwy\u017cszym priorytetem jest zawsze wygoda podr\u00f3\u017cowania Twojego male\u0144stwa. Z rado\u015bci\u0105 pomagamy rodzinom we wsp\u00f3lnych podr\u00f3\u017cach: od fotelik\u00f3w samochodowych dla noworodk\u00f3w po foteliki dla dwunastolatk\u00f3w.Dzi\u0119ki Systemowi ochrony bocznej nasz bezpieczny fotelik Rodi XP FIX zapewnia dodatkow\u0105 ochron\u0119 Twojemu dziecku w przypadku uderzenia bocznego. Gdy takie uderzenie nast\u0105pi, system poch\u0142ania jego si\u0142\u0119 i zmniejsza ryzyko urazu. Dzi\u0119ki temu Twoje dziecko jest dobrze chronione.                            <\/p>\n<p>__________                            <\/p>\n<p>\u00a0                            <\/p>\n<p>Proste i bezpieczne rozwi\u0105zanieFotelik Rodi XP FIX od Maxi-Cosi jest niesamowicie lekki, dlatego \u0142atwo b\u0119dzie go przepisa\u0107 pomi\u0119dzy samochodami. Stanowi proste i bezpieczne rozwi\u0105zanie w podr\u00f3\u017cy, poniewa\u017c korzysta ze z\u0142\u0105czy ISOFIX oraz samochodowego pasa bezpiecze\u0144stwa. Je\u015bli nie posiadasz w swoim samochodzie ISOFIX, fotelik Rodi XP FIX mo\u017cesz zainstalowa\u0107 u\u017cywaj\u0105c wy\u0142\u0105cznie pasa bezpiecze\u0144stwa. Kt\u00f3r\u0105kolwiek opcj\u0119 wybierzesz, fotelik zawsze b\u0119dzie \u0142atwo prze\u0142o\u017cy\u0107 do innego samochodu.Nasz fotelik b\u0119dzie r\u00f3s\u0142 razem z dzieckiem, poniewa\u017c Rodi XP FIX posiada regulowan\u0105 wysoko\u015b\u0107 zag\u0142\u00f3wka. Oznacza to, \u017ce fotelik pos\u0142u\u017cy Twojemu dziecku a\u017c do 12 roku \u017cycia!                            <\/p>\n<p>\u00a0                            <\/p>\n<p>__________                            <\/p>\n<p>Zdejmowany pokrowiecPoniewa\u017c fotelik mo\u017ce si\u0119 ubrudzi\u0107, zadbali\u015bmy o to, aby jego pokrowiec by\u0142 zdejmowany i nadawa\u0142 si\u0119 do prania w pralce.                            <\/p>\n<p>__________                            <\/p>\n<p>CECHY                            <\/p>\n<p>\u0141atwo\u015b\u0107 u\u017cytkowania________Aby zainstalowa\u0107 Fotelik samochodowy Rodi XP FIX, u\u017cyj punkt\u00f3w monta\u017cowych ISOFIX oraz pasa bezpiecze\u0144stwaLekka konstrukcja pozwala na \u0142atwe przenoszenie fotelika pomi\u0119dzy samochodamiPokrowiec mo\u017cna zdj\u0105\u0107Pokrowiec mo\u017cna pra\u0107 w pralce                            <\/p>\n<p>Wygoda________Dopasowanie wysoko\u015bci zag\u0142\u00f3wka do rosn\u0105cego dziecka                            <\/p>\n<p>Bezpiecze\u0144stwo________System ochrony bocznej chroni dziecko przed uderzeniem bocznym                            <\/p>\n<p>SPECYFIKACJA TECHNICZNA                            <\/p>\n<p>Product SKU________8756870110                            <\/p>\n<p>Wymiary________                            <\/p>\n<p>Produkty kompatybilne_______                            <\/p>\n<p>            Maxi-Cosi Easyfix Baza Isofix Do Fotelika Cabriofix<\/p>\n<p>\u00a0<\/p>\n<h2>Fotelik samochodowy Maxi-Cosi Rodi XP Fix Basic Black 15-36Kg Maxi-Cosi<\/h2>\n<p>prima aprilis pomys\u0142y, \u0142atwe laurki, pokemon kolorowanki, dinozaur bajka, mira imie, dinozaury kolorowanki, dawne ko\u0142ysanki teksty, milan imie, prezent dla nastolatk\u00f3w 2020, karty pracy do druku za darmo, god\u0142o polski do druku, kolorowanki antystresowe do druku, piosenka na dzie\u0144 nauczyciela przedszkole, flagi pa\u0144stw quiz, gabriel imie, magiczne drzewo czerwone krzes\u0142o test, kolorowanki lego ninjago<\/p>\n<p>yyyyy<\/p>\n<p>&nbsp;<\/p>\n","protected":false},"excerpt":{"rendered":"<p>_ Rodi XP Fix____Proste i bezpieczne rozwi\u0105zanieOd ok. 3,5 do 12 roku \u017cycia15 &#8211; 36 kgColour Swatch Basic Black Dlaczego warto wybra\u0107 ten produkt? System Ochrony Bocznej________ System Ochrony Bocznej podczas bocznych uderze\u0144 to dodatkowa ochrona dla g\u0142owy, bioder i dolnej cz\u0119\u015bci plec\u00f3w (l\u0119d\u017awi) dziecka Ro\u015bnie wraz z dzieckiem________\u0141atwa regulacja zag\u0142\u00f3wka Lekki________Lekki, niek\u0142opotliwe przek\u0142adanie z [&hellip;]<\/p>\n","protected":false},"featured_media":2971,"comment_status":"closed","ping_status":"open","template":"","meta":[],"product_cat":[32,995],"product_tag":[828,630,718,812],"class_list":["post-2970","product","type-product","status-publish","has-post-thumbnail","hentry","product_cat-foteliki-samochodowe","product_cat-maxi-cosi","product_tag-filmy-wigilijne-dla-dzieci","product_tag-podchwytliwe-zagadki-z-odpowiedziami","product_tag-prezent-na-roczek-dla-chrzesniaka","product_tag-zagadki-logiczne-na-inteligencje"],"_links":{"self":[{"href":"http:\/\/klubmamgdynia.pl\/index.php\/wp-json\/wp\/v2\/product\/2970","targetHints":{"allow":["GET"]}}],"collection":[{"href":"http:\/\/klubmamgdynia.pl\/index.php\/wp-json\/wp\/v2\/product"}],"about":[{"href":"http:\/\/klubmamgdynia.pl\/index.php\/wp-json\/wp\/v2\/types\/product"}],"replies":[{"embeddable":true,"href":"http:\/\/klubmamgdynia.pl\/index.php\/wp-json\/wp\/v2\/comments?post=2970"}],"wp:featuredmedia":[{"embeddable":true,"href":"http:\/\/klubmamgdynia.pl\/index.php\/wp-json\/wp\/v2\/media\/2971"}],"wp:attachment":[{"href":"http:\/\/klubmamgdynia.pl\/index.php\/wp-json\/wp\/v2\/media?parent=2970"}],"wp:term":[{"taxonomy":"product_cat","embeddable":true,"href":"http:\/\/klubmamgdynia.pl\/index.php\/wp-json\/wp\/v2\/product_cat?post=2970"},{"taxonomy":"product_tag","embeddable":true,"href":"http:\/\/klubmamgdynia.pl\/index.php\/wp-json\/wp\/v2\/product_tag?post=2970"}],"curies":[{"name":"wp","href":"https:\/\/api.w.org\/{rel}","templated":true}]}}