{"id":2972,"date":"2023-11-21T18:15:08","date_gmt":"2023-11-21T17:15:08","guid":{"rendered":"http:\/\/klubmamgdynia.pl\/?post_type=product&#038;p=2972"},"modified":"2026-04-29T11:39:04","modified_gmt":"2026-04-29T09:39:04","slug":"pudelko-2-szt-metalowe-little-bear","status":"publish","type":"product","link":"http:\/\/klubmamgdynia.pl\/index.php\/produkt\/pudelko-2-szt-metalowe-little-bear\/","title":{"rendered":"Pude\u0142ko 2 Szt. Metalowe Little Bear"},"content":{"rendered":"<p>Komplet dw\u00f3ch metalowych pude\u0142ek do przechowywania. Idealne na skarby dziewczynki jak i ch\u0142opca. Wykonane z metalu.<\/p>\n<h2>Pude\u0142ko 2 Szt. Metalowe Little Bear <\/h2>\n<p>mapa europy do druku, zagadka, kucyki pony kolorowanka, zaproszenie na urodziny do druku, cytaty dzie\u0144 nauczyciela, prezenty urodzinowe dla nastolatk\u00f3w, stare piosenki dla dzieci teksty, wroc\u0142aw atrakcje dla dzieci, pola imi\u0119, cytat na dzie\u0144 matki<\/p>\n<p>yyyyy<\/p>\n<p>&nbsp;<\/p>\n","protected":false},"excerpt":{"rendered":"<p>Komplet dw\u00f3ch metalowych pude\u0142ek do przechowywania. Idealne na skarby dziewczynki jak i ch\u0142opca. Wykonane z metalu. Pude\u0142ko 2 Szt. Metalowe Little Bear mapa europy do druku, zagadka, kucyki pony kolorowanka, zaproszenie na urodziny do druku, cytaty dzie\u0144 nauczyciela, prezenty urodzinowe dla nastolatk\u00f3w, stare piosenki dla dzieci teksty, wroc\u0142aw atrakcje dla dzieci, pola imi\u0119, cytat na [&hellip;]<\/p>\n","protected":false},"featured_media":2973,"comment_status":"closed","ping_status":"open","template":"","meta":[],"product_cat":[990],"product_tag":[578,852,818,860],"class_list":["post-2972","product","type-product","status-publish","has-post-thumbnail","hentry","product_cat-skrzynie-i-pojemniki-na-zabawki","product_tag-fajne-zarty-na-prima-aprilis","product_tag-jak-zrobic-samolot-z-papieru","product_tag-oliwier","product_tag-zagadki-logiczne-dla-doroslych"],"_links":{"self":[{"href":"http:\/\/klubmamgdynia.pl\/index.php\/wp-json\/wp\/v2\/product\/2972","targetHints":{"allow":["GET"]}}],"collection":[{"href":"http:\/\/klubmamgdynia.pl\/index.php\/wp-json\/wp\/v2\/product"}],"about":[{"href":"http:\/\/klubmamgdynia.pl\/index.php\/wp-json\/wp\/v2\/types\/product"}],"replies":[{"embeddable":true,"href":"http:\/\/klubmamgdynia.pl\/index.php\/wp-json\/wp\/v2\/comments?post=2972"}],"wp:featuredmedia":[{"embeddable":true,"href":"http:\/\/klubmamgdynia.pl\/index.php\/wp-json\/wp\/v2\/media\/2973"}],"wp:attachment":[{"href":"http:\/\/klubmamgdynia.pl\/index.php\/wp-json\/wp\/v2\/media?parent=2972"}],"wp:term":[{"taxonomy":"product_cat","embeddable":true,"href":"http:\/\/klubmamgdynia.pl\/index.php\/wp-json\/wp\/v2\/product_cat?post=2972"},{"taxonomy":"product_tag","embeddable":true,"href":"http:\/\/klubmamgdynia.pl\/index.php\/wp-json\/wp\/v2\/product_tag?post=2972"}],"curies":[{"name":"wp","href":"https:\/\/api.w.org\/{rel}","templated":true}]}}