{"id":2974,"date":"2020-03-13T17:06:20","date_gmt":"2020-03-13T16:06:20","guid":{"rendered":"http:\/\/klubmamgdynia.pl\/index.php\/produkt\/playmobil-70439-family-fun-wakacje-rodzinne-z-bankomatem\/"},"modified":"2026-04-29T20:38:02","modified_gmt":"2026-04-29T18:38:02","slug":"playmobil-70439-family-fun-wakacje-rodzinne-z-bankomatem","status":"publish","type":"product","link":"http:\/\/klubmamgdynia.pl\/index.php\/produkt\/playmobil-70439-family-fun-wakacje-rodzinne-z-bankomatem\/","title":{"rendered":"Playmobil 70439 Family Fun Wakacje Rodzinne Z Bankomatem"},"content":{"rendered":"<p>W odleg\u0142ych krajach chodzenie do bankomatu jest szczeg\u00f3lnie ekscytuj\u0105ce, poniewa\u017c do odkrycia s\u0105 zupe\u0142nie inne, interesuj\u0105ce banknoty. Po przybyciu na wakacje matka i syn najpierw id\u0105 do bankomatu po troch\u0119 got\u00f3wki. To bardzo proste: wsu\u0144 kart\u0119 bankow\u0105 do otworu, wprowad\u017a kod PIN, a pieni\u0105dze wyjd\u0105 z otworu. Ma\u0142y ch\u0142opiec bardzo uwa\u017cnie przygl\u0105da si\u0119 tej dziwnej czynno\u015bci.Do zbadania jest wiele interesuj\u0105cych szczeg\u00f3\u0142\u00f3w. Zestaw zawiera dwie figurki PLAYMOBIL, pieska Chihuahua, bankomat, banknoty, klucz i inne dodatki. Bankomat mo\u017cna otworzy\u0107 za pomoc\u0105 klucza, aby uzupe\u0142ni\u0107 banknoty.Informacje o produkcieNr katalogowy70439Marka Family FunSeria Family FunWariant ZestawLiczba element\u00f3w 29Wymagania wiekowe od 4 latP\u0142e\u0107 DziewczynkiCh\u0142opcyProdukt na baterie NieBaterie w zestawie NieZasilanie Nie dotyczy<\/p>\n<h2>Playmobil 70439 Family Fun Wakacje Rodzinne Z Bankomatem Playmobil<\/h2>\n<p>zagadka matematyczna, \u0142ama\u0144ce j\u0119zykowe dla dzieci, dziewczynka z parku pytania i odpowiedzi, mini zoo mazowieckie, test z dzieci z bullerbyn, wiersz na dobranoc dla dzieci, dyplom do druku, prezenty dla nastolatk\u00f3w na dzie\u0144 dziecka, zagadki przyrodnicze, pia, teksty ko\u0142ysanek, atrakcje wroc\u0142aw i okolice, mariola<\/p>\n<p>yyyyy<\/p>\n<p>&nbsp;<\/p>\n","protected":false},"excerpt":{"rendered":"<p>W odleg\u0142ych krajach chodzenie do bankomatu jest szczeg\u00f3lnie ekscytuj\u0105ce, poniewa\u017c do odkrycia s\u0105 zupe\u0142nie inne, interesuj\u0105ce banknoty. Po przybyciu na wakacje matka i syn najpierw id\u0105 do bankomatu po troch\u0119 got\u00f3wki. To bardzo proste: wsu\u0144 kart\u0119 bankow\u0105 do otworu, wprowad\u017a kod PIN, a pieni\u0105dze wyjd\u0105 z otworu. Ma\u0142y ch\u0142opiec bardzo uwa\u017cnie przygl\u0105da si\u0119 tej dziwnej [&hellip;]<\/p>\n","protected":false},"featured_media":2975,"comment_status":"closed","ping_status":"open","template":"","meta":[],"product_cat":[113,466],"product_tag":[650,667,717],"class_list":["post-2974","product","type-product","status-publish","has-post-thumbnail","hentry","product_cat-klocki","product_cat-playmobil","product_tag-choinka-z-bibuly","product_tag-kolorowanka-lol","product_tag-prezent-roczek"],"_links":{"self":[{"href":"http:\/\/klubmamgdynia.pl\/index.php\/wp-json\/wp\/v2\/product\/2974","targetHints":{"allow":["GET"]}}],"collection":[{"href":"http:\/\/klubmamgdynia.pl\/index.php\/wp-json\/wp\/v2\/product"}],"about":[{"href":"http:\/\/klubmamgdynia.pl\/index.php\/wp-json\/wp\/v2\/types\/product"}],"replies":[{"embeddable":true,"href":"http:\/\/klubmamgdynia.pl\/index.php\/wp-json\/wp\/v2\/comments?post=2974"}],"wp:featuredmedia":[{"embeddable":true,"href":"http:\/\/klubmamgdynia.pl\/index.php\/wp-json\/wp\/v2\/media\/2975"}],"wp:attachment":[{"href":"http:\/\/klubmamgdynia.pl\/index.php\/wp-json\/wp\/v2\/media?parent=2974"}],"wp:term":[{"taxonomy":"product_cat","embeddable":true,"href":"http:\/\/klubmamgdynia.pl\/index.php\/wp-json\/wp\/v2\/product_cat?post=2974"},{"taxonomy":"product_tag","embeddable":true,"href":"http:\/\/klubmamgdynia.pl\/index.php\/wp-json\/wp\/v2\/product_tag?post=2974"}],"curies":[{"name":"wp","href":"https:\/\/api.w.org\/{rel}","templated":true}]}}