{"id":2976,"date":"2016-06-28T16:18:13","date_gmt":"2016-06-28T14:18:13","guid":{"rendered":"http:\/\/klubmamgdynia.pl\/index.php\/produkt\/cada-zestaw-klockow-konstrukcyjnych-biala-mazda-rx-7\/"},"modified":"2026-04-06T03:08:59","modified_gmt":"2026-04-06T01:08:59","slug":"cada-zestaw-klockow-konstrukcyjnych-biala-mazda-rx-7","status":"publish","type":"product","link":"http:\/\/klubmamgdynia.pl\/index.php\/produkt\/cada-zestaw-klockow-konstrukcyjnych-biala-mazda-rx-7\/","title":{"rendered":"Cada Zestaw Klock\u00f3w Konstrukcyjnych Bia\u0142a Mazda Rx-7"},"content":{"rendered":"<p>Cada C61022W Klocki RC racing car bia\u0142yZestaw klock\u00f3w konstrukcyjnych pozwalaj\u0105cych na z\u0142o\u017cenie pojazdu z nap\u0119dem RC.Ilo\u015b\u0107 klock\u00f3w w zestawie: 1552<\/p>\n<h2>Cada Zestaw Klock\u00f3w Konstrukcyjnych Bia\u0142a Mazda Rx-7 Cada<\/h2>\n<p>co kupi\u0107 nastolatce na urodziny, lato, bal halloween dla dzieci 2021, co\u015b dla nastolatk\u00f3w, niech \u017cyj\u0105 wakacje tekst<\/p>\n<p>yyyyy<\/p>\n<p>&nbsp;<\/p>\n","protected":false},"excerpt":{"rendered":"<p>Cada C61022W Klocki RC racing car bia\u0142yZestaw klock\u00f3w konstrukcyjnych pozwalaj\u0105cych na z\u0142o\u017cenie pojazdu z nap\u0119dem RC.Ilo\u015b\u0107 klock\u00f3w w zestawie: 1552 Cada Zestaw Klock\u00f3w Konstrukcyjnych Bia\u0142a Mazda Rx-7 Cada co kupi\u0107 nastolatce na urodziny, lato, bal halloween dla dzieci 2021, co\u015b dla nastolatk\u00f3w, niech \u017cyj\u0105 wakacje tekst yyyyy &nbsp;<\/p>\n","protected":false},"featured_media":2977,"comment_status":"closed","ping_status":"open","template":"","meta":[],"product_cat":[460,113],"product_tag":[801,785,608],"class_list":["post-2976","product","type-product","status-publish","has-post-thumbnail","hentry","product_cat-cada","product_cat-klocki","product_tag-bajki-terapeutyczne-o-emocjach","product_tag-prezent-dla-nastolatkow","product_tag-zagadki-i-odpowiedzi"],"_links":{"self":[{"href":"http:\/\/klubmamgdynia.pl\/index.php\/wp-json\/wp\/v2\/product\/2976","targetHints":{"allow":["GET"]}}],"collection":[{"href":"http:\/\/klubmamgdynia.pl\/index.php\/wp-json\/wp\/v2\/product"}],"about":[{"href":"http:\/\/klubmamgdynia.pl\/index.php\/wp-json\/wp\/v2\/types\/product"}],"replies":[{"embeddable":true,"href":"http:\/\/klubmamgdynia.pl\/index.php\/wp-json\/wp\/v2\/comments?post=2976"}],"wp:featuredmedia":[{"embeddable":true,"href":"http:\/\/klubmamgdynia.pl\/index.php\/wp-json\/wp\/v2\/media\/2977"}],"wp:attachment":[{"href":"http:\/\/klubmamgdynia.pl\/index.php\/wp-json\/wp\/v2\/media?parent=2976"}],"wp:term":[{"taxonomy":"product_cat","embeddable":true,"href":"http:\/\/klubmamgdynia.pl\/index.php\/wp-json\/wp\/v2\/product_cat?post=2976"},{"taxonomy":"product_tag","embeddable":true,"href":"http:\/\/klubmamgdynia.pl\/index.php\/wp-json\/wp\/v2\/product_tag?post=2976"}],"curies":[{"name":"wp","href":"https:\/\/api.w.org\/{rel}","templated":true}]}}