{"id":2978,"date":"2021-03-07T18:09:40","date_gmt":"2021-03-07T17:09:40","guid":{"rendered":"http:\/\/klubmamgdynia.pl\/index.php\/produkt\/tajemniczy-ogrod-maskotka-mis-handmade-rozowy\/"},"modified":"2026-05-17T22:40:08","modified_gmt":"2026-05-17T20:40:08","slug":"tajemniczy-ogrod-maskotka-mis-handmade-rozowy","status":"publish","type":"product","link":"http:\/\/klubmamgdynia.pl\/index.php\/produkt\/tajemniczy-ogrod-maskotka-mis-handmade-rozowy\/","title":{"rendered":"Tajemniczy Ogr\u00f3d Maskotka Mi\u015b Handmade R\u00f3\u017cowy"},"content":{"rendered":"<p>Mi\u015b maskotka handmade cacao 27cm &#8211; Rekomendacja WellSupplyMi\u015b zosta\u0142 r\u0119cznie wykonany, wyko\u0144czony pi\u0119kn\u0105 nici\u0105, z ruchomymi \u0142apkami.Nasz mi\u015b stworzony jest z wysokiej jako\u015bci tkaniny w delikatnej kolorystyce.Wyj\u0105tkowy mi\u015b &#8211; wygl\u0105da jak wyci\u0105gni\u0119ty z babcinego kufra znalezionego na strychu.Ozdobi nie jedno wn\u0119trze lub pos\u0142u\u017cy jako ulubiona przytulanka.Uwaga! Wysoko\u015b\u0107 maskotki to wymiar misia w pozycji siedz\u0105cejCechy produktu:handmademaskotkaozdobaSPECYFIKACJA TECHNICZNA:Wysoko\u015b\u0107 : 30 cm Szeroko\u015b\u0107 : 20 cmKolor: Cacao &#8211; brudny r\u00f3\u017cKod producenta: 4823093416055Kod Produktu: 4823093416055EAN: 4823093416055<\/p>\n<h2>Tajemniczy Ogr\u00f3d Maskotka Mi\u015b Handmade R\u00f3\u017cowy Nici<\/h2>\n<p>piosenka dla mamy tekst, fajne zagadki, zagadki z odpowiedziami, celina, cytat z kubusia puchatka o mi\u0142o\u015bci, nauka zegara do druku, zabawy ruchowe dla dzieci w przedszkolu, sentencje o przyja\u017ani, niech \u017cyj\u0105 wakacje tekst, dinozaury kolorowanki, podchwytliwe zagadki z odpowiedziami, esmeralda, mapa polski do druku, bajka psi patrol do czytania, zagadki logiczne dla dzieci, prezent dla 1 latka<\/p>\n<p>yyyyy<\/p>\n<p>&nbsp;<\/p>\n","protected":false},"excerpt":{"rendered":"<p>Mi\u015b maskotka handmade cacao 27cm &#8211; Rekomendacja WellSupplyMi\u015b zosta\u0142 r\u0119cznie wykonany, wyko\u0144czony pi\u0119kn\u0105 nici\u0105, z ruchomymi \u0142apkami.Nasz mi\u015b stworzony jest z wysokiej jako\u015bci tkaniny w delikatnej kolorystyce.Wyj\u0105tkowy mi\u015b &#8211; wygl\u0105da jak wyci\u0105gni\u0119ty z babcinego kufra znalezionego na strychu.Ozdobi nie jedno wn\u0119trze lub pos\u0142u\u017cy jako ulubiona przytulanka.Uwaga! Wysoko\u015b\u0107 maskotki to wymiar misia w pozycji siedz\u0105cejCechy produktu:handmademaskotkaozdobaSPECYFIKACJA [&hellip;]<\/p>\n","protected":false},"featured_media":2979,"comment_status":"closed","ping_status":"open","template":"","meta":[],"product_cat":[42,961],"product_tag":[719,640,726,587,712],"class_list":["post-2978","product","type-product","status-publish","has-post-thumbnail","hentry","product_cat-maskotki","product_cat-nici","product_tag-dziecko-cytaty-zlote-mysli","product_tag-prezent-dla-rocznej-dziewczynki","product_tag-quiz-zemsta","product_tag-skalne-miasto","product_tag-zagadki-o-zwierzetach"],"_links":{"self":[{"href":"http:\/\/klubmamgdynia.pl\/index.php\/wp-json\/wp\/v2\/product\/2978","targetHints":{"allow":["GET"]}}],"collection":[{"href":"http:\/\/klubmamgdynia.pl\/index.php\/wp-json\/wp\/v2\/product"}],"about":[{"href":"http:\/\/klubmamgdynia.pl\/index.php\/wp-json\/wp\/v2\/types\/product"}],"replies":[{"embeddable":true,"href":"http:\/\/klubmamgdynia.pl\/index.php\/wp-json\/wp\/v2\/comments?post=2978"}],"wp:featuredmedia":[{"embeddable":true,"href":"http:\/\/klubmamgdynia.pl\/index.php\/wp-json\/wp\/v2\/media\/2979"}],"wp:attachment":[{"href":"http:\/\/klubmamgdynia.pl\/index.php\/wp-json\/wp\/v2\/media?parent=2978"}],"wp:term":[{"taxonomy":"product_cat","embeddable":true,"href":"http:\/\/klubmamgdynia.pl\/index.php\/wp-json\/wp\/v2\/product_cat?post=2978"},{"taxonomy":"product_tag","embeddable":true,"href":"http:\/\/klubmamgdynia.pl\/index.php\/wp-json\/wp\/v2\/product_tag?post=2978"}],"curies":[{"name":"wp","href":"https:\/\/api.w.org\/{rel}","templated":true}]}}