{"id":2984,"date":"2025-05-15T18:48:03","date_gmt":"2025-05-15T16:48:03","guid":{"rendered":"http:\/\/klubmamgdynia.pl\/?post_type=product&#038;p=2984"},"modified":"2026-04-04T20:06:14","modified_gmt":"2026-04-04T18:06:14","slug":"marioinex-mini-zwierzyniec-klocki-konstrukcyjne","status":"publish","type":"product","link":"http:\/\/klubmamgdynia.pl\/index.php\/produkt\/marioinex-mini-zwierzyniec-klocki-konstrukcyjne\/","title":{"rendered":"Marioinex Mini Zwierzyniec Klocki Konstrukcyjne"},"content":{"rendered":"<p>POLSKIE, PRZESTRZENNE KLOCKI WAFFLE MINI ZWIERZYNIEC, ZOO oraz podstawa do budowania &#8211; 1 szt.(znane w przedszkolach m.in. jako: klocki waflowe, wafle, gofry)ZAWARTO\u015a\u0106:1 x du\u017ca kratka-podstawa13 figurek zwierz\u0105tekPodstawa pozwala zachowa\u0107 kszta\u0142t budowli, u\u0142atwia uk\u0142adanie klock\u00f3w.R\u00f3\u017cne kolory &#8211; wysy\u0142ka wg dost\u0119pno\u015bci.Ten zestaw klock\u00f3w konstrukcyjnych zosta\u0142 opracowany z my\u015bl\u0105 o inspirowaniu wyobra\u017ani ma\u0142ych budowniczych i zach\u0119caniu ich do nieograniczonej zabawy w budowanie. Prosta konstrukcja i \u0142atwo\u015b\u0107 \u0142\u0105czenia oferuj\u0105 niesko\u0144czenie wiele mo\u017cliwo\u015bci kreatywnego konstruowania przestrzennych budowli. Klocki s\u0105 tak pomy\u015blane, by mo\u017cna by\u0142o \u0142\u0105czy\u0107 je w ca\u0142o\u015b\u0107 z innymi zestawami lub rozbudowywa\u0107 i uzupe\u0142nia\u0107 ju\u017c posiadane. Twoje dziecko mo\u017ce &#8211; pobudzaj\u0105c wyobra\u017ani\u0119 &#8211; zbudowa\u0107 co tylko zechce i stworzy\u0107 sw\u00f3j w\u0142asny pi\u0119kny \u015bwiat.Funkcje klock\u00f3w:- ucz\u0105 kojarzenia kszta\u0142t\u00f3w i kolor\u00f3w (dziecko poznaje pierwsze figury geometryczne, barwy, przedmioty)- rozwijaj\u0105 logiczne my\u015blenie- doskonal\u0105 ruchy precyzyjne i postrzeganie przestrzenne dziecka- rozwijaj\u0105 sprawno\u015b\u0107 manualn\u0105 ma\u0142ych r\u0105czek- dopasowywanie klock\u00f3w do siebie oraz pr\u00f3by pi\u0119trzenia ich w budowle \u0107wicz\u0105 koordynacj\u0119 wzrokowo-ruchow\u0105- ciekawa i bogata kolorystyka rozwija percepcj\u0119 wzrokow\u0105Opakowanie: foliaWymiary:podstawy do budowania: 36,5 x 36,5 cmopakowania: 36,5 x 36,5 x 3 cmWiek: 2+EAN:  5906737901298G\u0142\u0119boko\u015b\u0107:  70.000000ISBN:  5906737901298Rodzaj:  Zabawkiseria:  WAFFLESzeroko\u015b\u0107:  390Wydawnictwo:  MarioinexWysoko\u015b\u0107:  390<\/p>\n<h2>Marioinex Mini Zwierzyniec Klocki Konstrukcyjne Marioinex<\/h2>\n<p>zagadki dla dzieci 6-7 lat, zagadki o bo\u017cym narodzeniu, czasdzieci krak\u00f3w, quiz o wio\u015bnie, kolorowanki dla dziewczyn, zabawy na bal karnawa\u0142owy w przedszkolu, prezent dla 16 latki, co kupi\u0107 na roczek, gry edukacyjne dla dzieci online za darmo, jednoro\u017cec kolorowanka do druku, cytaty korczak, zaproszenia urodzinowe do druku<\/p>\n<p>yyyyy<\/p>\n<p>&nbsp;<\/p>\n","protected":false},"excerpt":{"rendered":"<p>POLSKIE, PRZESTRZENNE KLOCKI WAFFLE MINI ZWIERZYNIEC, ZOO oraz podstawa do budowania &#8211; 1 szt.(znane w przedszkolach m.in. jako: klocki waflowe, wafle, gofry)ZAWARTO\u015a\u0106:1 x du\u017ca kratka-podstawa13 figurek zwierz\u0105tekPodstawa pozwala zachowa\u0107 kszta\u0142t budowli, u\u0142atwia uk\u0142adanie klock\u00f3w.R\u00f3\u017cne kolory &#8211; wysy\u0142ka wg dost\u0119pno\u015bci.Ten zestaw klock\u00f3w konstrukcyjnych zosta\u0142 opracowany z my\u015bl\u0105 o inspirowaniu wyobra\u017ani ma\u0142ych budowniczych i zach\u0119caniu ich do [&hellip;]<\/p>\n","protected":false},"featured_media":2985,"comment_status":"closed","ping_status":"open","template":"","meta":[],"product_cat":[113,328],"product_tag":[801,650,865,703,579,628],"class_list":["post-2984","product","type-product","status-publish","has-post-thumbnail","hentry","product_cat-klocki","product_cat-marioinex","product_tag-bajki-terapeutyczne-o-emocjach","product_tag-choinka-z-bibuly","product_tag-cytaty-o-dzieciach","product_tag-prezent-dla-nastolatki","product_tag-quiz-opowiesci-z-narnii-lew-czarownica-i-stara-szafa","product_tag-zagadka"],"_links":{"self":[{"href":"http:\/\/klubmamgdynia.pl\/index.php\/wp-json\/wp\/v2\/product\/2984","targetHints":{"allow":["GET"]}}],"collection":[{"href":"http:\/\/klubmamgdynia.pl\/index.php\/wp-json\/wp\/v2\/product"}],"about":[{"href":"http:\/\/klubmamgdynia.pl\/index.php\/wp-json\/wp\/v2\/types\/product"}],"replies":[{"embeddable":true,"href":"http:\/\/klubmamgdynia.pl\/index.php\/wp-json\/wp\/v2\/comments?post=2984"}],"wp:featuredmedia":[{"embeddable":true,"href":"http:\/\/klubmamgdynia.pl\/index.php\/wp-json\/wp\/v2\/media\/2985"}],"wp:attachment":[{"href":"http:\/\/klubmamgdynia.pl\/index.php\/wp-json\/wp\/v2\/media?parent=2984"}],"wp:term":[{"taxonomy":"product_cat","embeddable":true,"href":"http:\/\/klubmamgdynia.pl\/index.php\/wp-json\/wp\/v2\/product_cat?post=2984"},{"taxonomy":"product_tag","embeddable":true,"href":"http:\/\/klubmamgdynia.pl\/index.php\/wp-json\/wp\/v2\/product_tag?post=2984"}],"curies":[{"name":"wp","href":"https:\/\/api.w.org\/{rel}","templated":true}]}}