{"id":2986,"date":"2019-09-22T06:03:56","date_gmt":"2019-09-22T04:03:56","guid":{"rendered":"http:\/\/klubmamgdynia.pl\/index.php\/produkt\/nici-jednorozec-wingfried-w-wings-10cm\/"},"modified":"2026-04-04T20:03:30","modified_gmt":"2026-04-04T18:03:30","slug":"nici-jednorozec-wingfried-w-wings-10cm","status":"publish","type":"product","link":"http:\/\/klubmamgdynia.pl\/index.php\/produkt\/nici-jednorozec-wingfried-w-wings-10cm\/","title":{"rendered":"Nici Jednoro\u017cec Wingfried W. Wings 10Cm"},"content":{"rendered":"<p>Jednoro\u017cec Wingfried w. wings 10 cm bb khOpisStan produktuProdukt ORYGINALNY. Zupe\u0142nie nowy.Dzia\u0142: ZABAWKABohater: innyWiek: od 3 latDla kogo?: dla ch\u0142opc\u00f3w i dziewczynekLiczba no\u015bnik\u00f3w: [1xZABAWKA]Wysoko\u015b\u0107 produktu (po rozpakowaniu) (cm): 10SKU: 924469<\/p>\n<h2>Nici Jednoro\u017cec Wingfried W. Wings 10Cm Nici<\/h2>\n<p>\u015bmigus dyngus wiersz dla dzieci, imiona postaci z bajek, test z lektury dynastia mizio\u0142k\u00f3w, zagadki na myslenie, ko\u0142ysanki teksty, malowanki dla dzieci do druku, sta\u0142a pod \u015bniegiem<\/p>\n<p>yyyyy<\/p>\n<p>&nbsp;<\/p>\n","protected":false},"excerpt":{"rendered":"<p>Jednoro\u017cec Wingfried w. wings 10 cm bb khOpisStan produktuProdukt ORYGINALNY. Zupe\u0142nie nowy.Dzia\u0142: ZABAWKABohater: innyWiek: od 3 latDla kogo?: dla ch\u0142opc\u00f3w i dziewczynekLiczba no\u015bnik\u00f3w: [1xZABAWKA]Wysoko\u015b\u0107 produktu (po rozpakowaniu) (cm): 10SKU: 924469 Nici Jednoro\u017cec Wingfried W. Wings 10Cm Nici \u015bmigus dyngus wiersz dla dzieci, imiona postaci z bajek, test z lektury dynastia mizio\u0142k\u00f3w, zagadki na myslenie, ko\u0142ysanki [&hellip;]<\/p>\n","protected":false},"featured_media":2987,"comment_status":"closed","ping_status":"open","template":"","meta":[],"product_cat":[42,961],"product_tag":[851,876,771,661,713],"class_list":["post-2986","product","type-product","status-publish","has-post-thumbnail","hentry","product_cat-maskotki","product_cat-nici","product_tag-jak-narysowac-kota","product_tag-przyjazn","product_tag-stolice-europy-quiz","product_tag-swinka-peppa-kolorowanka","product_tag-zagadki-logiczne-z-odpowiedziami"],"_links":{"self":[{"href":"http:\/\/klubmamgdynia.pl\/index.php\/wp-json\/wp\/v2\/product\/2986","targetHints":{"allow":["GET"]}}],"collection":[{"href":"http:\/\/klubmamgdynia.pl\/index.php\/wp-json\/wp\/v2\/product"}],"about":[{"href":"http:\/\/klubmamgdynia.pl\/index.php\/wp-json\/wp\/v2\/types\/product"}],"replies":[{"embeddable":true,"href":"http:\/\/klubmamgdynia.pl\/index.php\/wp-json\/wp\/v2\/comments?post=2986"}],"wp:featuredmedia":[{"embeddable":true,"href":"http:\/\/klubmamgdynia.pl\/index.php\/wp-json\/wp\/v2\/media\/2987"}],"wp:attachment":[{"href":"http:\/\/klubmamgdynia.pl\/index.php\/wp-json\/wp\/v2\/media?parent=2986"}],"wp:term":[{"taxonomy":"product_cat","embeddable":true,"href":"http:\/\/klubmamgdynia.pl\/index.php\/wp-json\/wp\/v2\/product_cat?post=2986"},{"taxonomy":"product_tag","embeddable":true,"href":"http:\/\/klubmamgdynia.pl\/index.php\/wp-json\/wp\/v2\/product_tag?post=2986"}],"curies":[{"name":"wp","href":"https:\/\/api.w.org\/{rel}","templated":true}]}}