{"id":2988,"date":"2010-10-26T01:53:00","date_gmt":"2010-10-25T23:53:00","guid":{"rendered":"http:\/\/klubmamgdynia.pl\/index.php\/produkt\/ekspozytor-na-ludziki-lego-z-usmiechem-prestige\/"},"modified":"2026-04-06T10:51:33","modified_gmt":"2026-04-06T08:51:33","slug":"ekspozytor-na-ludziki-lego-z-usmiechem-prestige","status":"publish","type":"product","link":"http:\/\/klubmamgdynia.pl\/index.php\/produkt\/ekspozytor-na-ludziki-lego-z-usmiechem-prestige\/","title":{"rendered":"Ekspozytor Na Ludziki Lego Z U\u015bmiechem Prestige"},"content":{"rendered":"<p>Rega\u0142 \/ ekspozytor na ludziki LEGOmodel: klasyczny ludzik z u\u015bmiechemkolor: bia\u0142y front i obrze\u017ca, klocki r\u00f3\u017cnokolorowewymiary:- wysoko\u015b\u0107: 50 cm;- szeroko\u015b\u0107: 32 cm;<\/p>\n<h2>Ekspozytor Na Ludziki Lego Z U\u015bmiechem Prestige <\/h2>\n<p>co na roczek, kolorowanka pokemon, quiz z bajek, najlepsze place zabaw warszawa, miriam imi\u0119, jak narysowac kota, kr\u00f3tkie zagadki logiczne, zagadki matematyczne dla dzieci 7 lat, pytania do lektury asiunia, prezent dla 7 latka<\/p>\n<p>yyyyy<\/p>\n<p>&nbsp;<\/p>\n","protected":false},"excerpt":{"rendered":"<p>Rega\u0142 \/ ekspozytor na ludziki LEGOmodel: klasyczny ludzik z u\u015bmiechemkolor: bia\u0142y front i obrze\u017ca, klocki r\u00f3\u017cnokolorowewymiary:- wysoko\u015b\u0107: 50 cm;- szeroko\u015b\u0107: 32 cm; Ekspozytor Na Ludziki Lego Z U\u015bmiechem Prestige co na roczek, kolorowanka pokemon, quiz z bajek, najlepsze place zabaw warszawa, miriam imi\u0119, jak narysowac kota, kr\u00f3tkie zagadki logiczne, zagadki matematyczne dla dzieci 7 lat, [&hellip;]<\/p>\n","protected":false},"featured_media":2989,"comment_status":"closed","ping_status":"open","template":"","meta":[],"product_cat":[990],"product_tag":[844,594,627],"class_list":["post-2988","product","type-product","status-publish","has-post-thumbnail","hentry","product_cat-skrzynie-i-pojemniki-na-zabawki","product_tag-co-kupic-na-roczek","product_tag-podchwytliwe-zagadki-dla-dzieci","product_tag-quiz-dzieci-z-bullerbyn"],"_links":{"self":[{"href":"http:\/\/klubmamgdynia.pl\/index.php\/wp-json\/wp\/v2\/product\/2988","targetHints":{"allow":["GET"]}}],"collection":[{"href":"http:\/\/klubmamgdynia.pl\/index.php\/wp-json\/wp\/v2\/product"}],"about":[{"href":"http:\/\/klubmamgdynia.pl\/index.php\/wp-json\/wp\/v2\/types\/product"}],"replies":[{"embeddable":true,"href":"http:\/\/klubmamgdynia.pl\/index.php\/wp-json\/wp\/v2\/comments?post=2988"}],"wp:featuredmedia":[{"embeddable":true,"href":"http:\/\/klubmamgdynia.pl\/index.php\/wp-json\/wp\/v2\/media\/2989"}],"wp:attachment":[{"href":"http:\/\/klubmamgdynia.pl\/index.php\/wp-json\/wp\/v2\/media?parent=2988"}],"wp:term":[{"taxonomy":"product_cat","embeddable":true,"href":"http:\/\/klubmamgdynia.pl\/index.php\/wp-json\/wp\/v2\/product_cat?post=2988"},{"taxonomy":"product_tag","embeddable":true,"href":"http:\/\/klubmamgdynia.pl\/index.php\/wp-json\/wp\/v2\/product_tag?post=2988"}],"curies":[{"name":"wp","href":"https:\/\/api.w.org\/{rel}","templated":true}]}}