{"id":299,"date":"2019-02-01T09:14:39","date_gmt":"2019-02-01T08:14:39","guid":{"rendered":"http:\/\/klubmamgdynia.pl\/index.php\/produkt\/trefl-puzzle-20el-zabawy-swinki-peppy-1-21001\/"},"modified":"2026-04-04T15:58:05","modified_gmt":"2026-04-04T13:58:05","slug":"trefl-puzzle-20el-zabawy-swinki-peppy-1-21001","status":"publish","type":"product","link":"http:\/\/klubmamgdynia.pl\/index.php\/produkt\/trefl-puzzle-20el-zabawy-swinki-peppy-1-21001\/","title":{"rendered":"Trefl Puzzle 20el. Zabawy \u015awinki Peppy 1 21001"},"content":{"rendered":"<p>Trefl Puzzle 20el. Zabawy \u015awinki Peppy 1 21001Uk\u0142adanka dla najm\u0142odszych w ma\u0142ym, wygodnym pude\u0142eczku, kt\u00f3re swobodnie zmie\u015bci si\u0119 w dzieci\u0119cym plecaczku i na p\u00f3\u0142ce z zabawkami. Uk\u0142adanka to obrazek z\u0142o\u017cony z 20 element\u00f3w. Po u\u0142o\u017ceniu dzieci otrzymaj\u0105 pi\u0119kne obrazki przedstawiaj\u0105ce \u015awink\u0119 Pepp\u0119. To w\u0142a\u015bnie kolorowa grafika i mo\u017cliwo\u015b\u0107 tworzenia sprawiaj\u0105, \u017ce uk\u0142adanie puzzli to dla dzieci wiele rado\u015bci.                            <\/p>\n<p>Wiemy, jak wa\u017cne jest bezpiecze\u0144stwo Twojego dziecka. Dok\u0142adamy wszelkich stara\u0144, aby nasze puzzle by\u0142y nie tylko atrakcyjne i stymuluj\u0105ce rozw\u00f3j na ka\u017cdym etapie jego edukacji, lecz tak\u017ce spe\u0142nia\u0142y najwy\u017csze normy bezpiecze\u0144stwa.\u00a0                            <\/p>\n<p>Uk\u0142adanie puzzli niesie za sob\u0105 wiele korzy\u015bci. To skuteczny spos\u00f3b na \u0107wiczenie pami\u0119ci, koncentracji, a tak\u017ce logicznego my\u015blenia. Puzzle ucz\u0105 r\u00f3wnie\u017c cierpliwo\u015bci, rozwijaj\u0105c tym samym kreatywno\u015b\u0107 i wyobra\u017ani\u0119 przestrzenn\u0105. Wspieraj\u0105 dodatkowo rozw\u00f3j zdolno\u015bci manualnych dziecka. Uk\u0142adaj\u0105c poszczeg\u00f3lne elementy, trenuje precyzj\u0119 ruch\u00f3w i koordynacj\u0119 oko-r\u0119ka.\u00a0                            <\/p>\n<p>                    Sprawd\u017a inne puzzle Trefl:<\/p>\n<p>            Trefl Puzzle 20el. Pojazdy 21069<\/p>\n<p>                        od<br \/>\n                            4,79<br \/>\n                            z\u0142<\/p>\n<p>                    Zobacz<\/p>\n<p>            Trefl Puzzle Mini Maxi 20el. Kicia Kocia Bawi Si\u0119 Klockami 21110<\/p>\n<p>                        od<br \/>\n                            3,39<br \/>\n                            z\u0142<\/p>\n<p>                    Zobacz<\/p>\n<p>            Trefl Puzzle miniMaxi 20el. Beztroski dzie\u0144 Peppy 1 11245<\/p>\n<p>                        od<br \/>\n                            3,97<br \/>\n                            z\u0142<\/p>\n<p>                    Zobacz<\/p>\n<p>            Trefl Puzzle 20el. Psi Patrol 21068<\/p>\n<p>                        od<br \/>\n                            4,44<br \/>\n                            z\u0142<\/p>\n<p>                    Zobacz<\/p>\n<p>            Trefl Puzzle 20el. Stra\u017cak Sam Zawsze Na S\u0142u\u017cbie 1 21006<\/p>\n<p>                        od<br \/>\n                            4,19<br \/>\n                            z\u0142<\/p>\n<p>                    Zobacz<\/p>\n<p>            Trefl Puzzle 20el. Psi Patrol Marshall Pojazd 21070<\/p>\n<p>                        od<br \/>\n                            4,44<br \/>\n                            z\u0142<\/p>\n<p>                    Zobacz<\/p>\n<p>            Trefl Puzzle 20el. Zabawy \u015awinki Peppy 4 21003<\/p>\n<p>                        od<br \/>\n                            2,99<br \/>\n                            z\u0142<\/p>\n<p>                    Zobacz<\/p>\n<p>            Trefl Puzzle 20el. Rodzina Treflik\u00f3w Dzie\u0144 Z Cioci\u0105 21064<\/p>\n<p>                        od<br \/>\n                            4,83<br \/>\n                            z\u0142<\/p>\n<p>                    Zobacz<\/p>\n<p>            Trefl Puzzle 20el. Psi Patrol Chase pojazd 21071<\/p>\n<p>                        od<br \/>\n                            4,44<br \/>\n                            z\u0142<\/p>\n<p>                    Zobacz<\/p>\n<p>            Trefl Puzzle 20el. Kicia Kocia w kosmosie 21108<\/p>\n<p>                        od<br \/>\n                            5,39<br \/>\n                            z\u0142<\/p>\n<p>                    Zobacz<\/p>\n<p>            Trefl Puzzle 20el. Zabawy \u015awinki Peppy 2 21002<\/p>\n<p>                        od<br \/>\n                            5,99<br \/>\n                            z\u0142<\/p>\n<p>                    Zobacz<\/p>\n<p>            Trefl Puzzle 20el. miniMaxi Niesamowity Spidey 1 21132<\/p>\n<p>                        od<br \/>\n                            3,97<br \/>\n                            z\u0142<\/p>\n<p>                    Zobacz<\/p>\n<p>            Trefl Puzzle 20el. Zabawy \u015awinki Peppy 1 21001<\/p>\n<p>                        od<br \/>\n                            4,00<br \/>\n                            z\u0142<\/p>\n<p>                    Zobacz<\/p>\n<p>            Trefl Puzzle 20el. miniMaxi Niesamowity Spidey 4 21133<\/p>\n<p>                        od<br \/>\n                            3,97<br \/>\n                            z\u0142<\/p>\n<p>                    Zobacz<\/p>\n<p>            Trefl Puzzle 20el. Pid\u017camersi 21040<\/p>\n<p>                        od<br \/>\n                            4,40<br \/>\n                            z\u0142<\/p>\n<p>                    Zobacz<\/p>\n<p>            Trefl Puzzle 20el. W Krainie Lodu 1 56002<\/p>\n<p>                        od<br \/>\n                            3,97<br \/>\n                            z\u0142<\/p>\n<p>                    Zobacz<\/p>\n<p>            Trefl Puzzle 20el. Przyja\u017a\u0144 W Krainie Lodu 21082<\/p>\n<p>                        od<br \/>\n                            3,97<br \/>\n                            z\u0142<\/p>\n<p>                    Zobacz<\/p>\n<p>            Trefl Puzzle 20el. Zabawy \u015awinki Peppy 3 21000<\/p>\n<p>                        od<br \/>\n                            4,90<br \/>\n                            z\u0142<\/p>\n<p>                    Zobacz<\/p>\n<p>            Trefl Puzzle 20el. miniMaxi Niesamowity Spidey 3 21135<\/p>\n<p>                        od<br \/>\n                            3,97<br \/>\n                            z\u0142<\/p>\n<p>                    Zobacz<\/p>\n<p>            Trefl Puzzle 20el. Pid\u017camersi Gekson 21042<\/p>\n<p>                        od<br \/>\n                            4,40<br \/>\n                            z\u0142<\/p>\n<p>                    Zobacz<\/p>\n<p>            Trefl Puzzle 20el. Przyja\u017a\u0144 W Krainie Lodu 4<\/p>\n<p>                        od<br \/>\n                            3,97<br \/>\n                            z\u0142<\/p>\n<p>                    Zobacz<\/p>\n<p>            Trefl Puzzle 20el. Przyja\u017a\u0144 W Krainie Lodu 21083<\/p>\n<p>                        od<br \/>\n                            3,97<br \/>\n                            z\u0142<\/p>\n<p>                    Zobacz<\/p>\n<p>            Trefl Puzzle 20el. Minimaxi Przyjaciele Binga 4 11306<\/p>\n<p>                        od<br \/>\n                            3,97<br \/>\n                            z\u0142<\/p>\n<p>                    Zobacz<\/p>\n<p>            Trefl Puzzle miniMaxi 20el. Beztroski dzie\u0144 Peppy 2 11252<\/p>\n<p>                        od<br \/>\n                            3,97<br \/>\n                            z\u0142<\/p>\n<p>                    Zobacz<\/p>\n<p>            Trefl Puzzle miniMaxi 20el. Beztroski dzie\u0144 Peppy 4 11276<\/p>\n<p>                        od<br \/>\n                            3,97<br \/>\n                            z\u0142<\/p>\n<p>                    Zobacz<\/p>\n<p>            Trefl Puzzle 20el. Disney Kraina Lodu Anna 56022<\/p>\n<p>                        od<br \/>\n                            3,39<br \/>\n                            z\u0142<\/p>\n<p>                    Zobacz<\/p>\n<p>            Trefl Puzzle miniMaxi 20el. Beztroski dzie\u0144 Peppy 3 11269<\/p>\n<p>                        od<br \/>\n                            3,97<br \/>\n                            z\u0142<\/p>\n<p>                    Zobacz<\/p>\n<p>            Trefl Puzzle 20el. Minimaxi Przyjaciele Binga 2 11313<\/p>\n<p>                        od<br \/>\n                            3,97<br \/>\n                            z\u0142<\/p>\n<p>                    Zobacz<\/p>\n<p>            Trefl Puzzle 20el. Minimaxi Przyjaciele Binga 1 11290<\/p>\n<p>                        od<br \/>\n                            5,41<br \/>\n                            z\u0142<\/p>\n<p>                    Zobacz<\/p>\n<p>            Trefl Puzzle 20el. miniMaxi Niesamowity Spidey 2 21134<\/p>\n<p>                        od<br \/>\n                            3,97<br \/>\n                            z\u0142<\/p>\n<p>                    Zobacz<\/p>\n<h2>Trefl Puzzle 20el. Zabawy \u015awinki Peppy 1 21001 Trefl<\/h2>\n<p>cytat o dziecku, filmy rodzinne na halloween, zagadki dla dzieci 9 10 lat z odpowiedziami, kr\u00f3tkie bajki na dobranoc do czytania, ja\u015bmina, pytania logiczne, maski na twarz dla dzieci do wydruku, prezent dla roczniaka, piosenka dla mamy tekst, opis rodzina<\/p>\n<p>yyyyy<\/p>\n<p>&nbsp;<\/p>\n","protected":false},"excerpt":{"rendered":"<p>Trefl Puzzle 20el. Zabawy \u015awinki Peppy 1 21001Uk\u0142adanka dla najm\u0142odszych w ma\u0142ym, wygodnym pude\u0142eczku, kt\u00f3re swobodnie zmie\u015bci si\u0119 w dzieci\u0119cym plecaczku i na p\u00f3\u0142ce z zabawkami. Uk\u0142adanka to obrazek z\u0142o\u017cony z 20 element\u00f3w. Po u\u0142o\u017ceniu dzieci otrzymaj\u0105 pi\u0119kne obrazki przedstawiaj\u0105ce \u015awink\u0119 Pepp\u0119. To w\u0142a\u015bnie kolorowa grafika i mo\u017cliwo\u015b\u0107 tworzenia sprawiaj\u0105, \u017ce uk\u0142adanie puzzli to dla [&hellip;]<\/p>\n","protected":false},"featured_media":300,"comment_status":"closed","ping_status":"open","template":"","meta":[],"product_cat":[90,104],"product_tag":[612,804,636,773],"class_list":["post-299","product","type-product","status-publish","has-post-thumbnail","hentry","product_cat-puzzle","product_cat-trefl","product_tag-kolorowanki-do-druku","product_tag-ryz-z-owocami","product_tag-teksty-kolysanek","product_tag-test-z-lektury-opowiesci-z-narnii-lew-czarownica-i-stara-szafa"],"_links":{"self":[{"href":"http:\/\/klubmamgdynia.pl\/index.php\/wp-json\/wp\/v2\/product\/299","targetHints":{"allow":["GET"]}}],"collection":[{"href":"http:\/\/klubmamgdynia.pl\/index.php\/wp-json\/wp\/v2\/product"}],"about":[{"href":"http:\/\/klubmamgdynia.pl\/index.php\/wp-json\/wp\/v2\/types\/product"}],"replies":[{"embeddable":true,"href":"http:\/\/klubmamgdynia.pl\/index.php\/wp-json\/wp\/v2\/comments?post=299"}],"wp:featuredmedia":[{"embeddable":true,"href":"http:\/\/klubmamgdynia.pl\/index.php\/wp-json\/wp\/v2\/media\/300"}],"wp:attachment":[{"href":"http:\/\/klubmamgdynia.pl\/index.php\/wp-json\/wp\/v2\/media?parent=299"}],"wp:term":[{"taxonomy":"product_cat","embeddable":true,"href":"http:\/\/klubmamgdynia.pl\/index.php\/wp-json\/wp\/v2\/product_cat?post=299"},{"taxonomy":"product_tag","embeddable":true,"href":"http:\/\/klubmamgdynia.pl\/index.php\/wp-json\/wp\/v2\/product_tag?post=299"}],"curies":[{"name":"wp","href":"https:\/\/api.w.org\/{rel}","templated":true}]}}