{"id":2992,"date":"2016-09-01T22:11:33","date_gmt":"2016-09-01T20:11:33","guid":{"rendered":"http:\/\/klubmamgdynia.pl\/index.php\/produkt\/marioinex-mini-waffle-strazak-zestaw-sredni-903-797\/"},"modified":"2026-04-30T20:08:12","modified_gmt":"2026-04-30T18:08:12","slug":"marioinex-mini-waffle-strazak-zestaw-sredni-903-797","status":"publish","type":"product","link":"http:\/\/klubmamgdynia.pl\/index.php\/produkt\/marioinex-mini-waffle-strazak-zestaw-sredni-903-797\/","title":{"rendered":"Marioinex Mini Waffle Stra\u017cak Zestaw \u015aredni (903 797)"},"content":{"rendered":"<p>Wciel si\u0119 w rol\u0119 dzielnego stra\u017caka z Mini Wafflami i uga\u015b po\u017car, ratuj\u0105c pieska, albo lataj helikopterem, obserwuj\u0105c czy nikomu nie zagra\u017ca niebezpiecze\u0144stwo! Dzi\u0119ki prostemu instrukta\u017cowi, Twoje dziecko b\u0119dzie mog\u0142o szybko cieszy\u0107 si\u0119 odgrywaniem roli superbohatera, jakim jest zaw\u00f3d stra\u017caka. Niewielkie pojazdy idealnie dopasowuj\u0105 si\u0119 do ma\u0142ych r\u0105czek, a r\u00f3\u017cnorodno\u015b\u0107 element\u00f3w i kolekcjonowanie zestaw\u00f3w z linii Marioinex zestawy tematyczne, pozwala na komponowanie w\u0142asnych budowli.W zestawie znajdziesz 90 element\u00f3w.<\/p>\n<h2>Marioinex Mini Waffle Stra\u017cak Zestaw \u015aredni (903 797) Marioinex<\/h2>\n<p>afryka\u0144skie imiona, praktyczny prezent dla rocznego dziecka, kolorowanki uk\u0142ad s\u0142oneczny, miko\u0142ajek &#8211; test z odpowiedziami, julian znaczenie imienia, zdania do pisania dla dzieci do wydruku, sentencja rodzina, asiunia pytania do lektury, koty kolorowanka<\/p>\n<p>yyyyy<\/p>\n<p>&nbsp;<\/p>\n","protected":false},"excerpt":{"rendered":"<p>Wciel si\u0119 w rol\u0119 dzielnego stra\u017caka z Mini Wafflami i uga\u015b po\u017car, ratuj\u0105c pieska, albo lataj helikopterem, obserwuj\u0105c czy nikomu nie zagra\u017ca niebezpiecze\u0144stwo! Dzi\u0119ki prostemu instrukta\u017cowi, Twoje dziecko b\u0119dzie mog\u0142o szybko cieszy\u0107 si\u0119 odgrywaniem roli superbohatera, jakim jest zaw\u00f3d stra\u017caka. Niewielkie pojazdy idealnie dopasowuj\u0105 si\u0119 do ma\u0142ych r\u0105czek, a r\u00f3\u017cnorodno\u015b\u0107 element\u00f3w i kolekcjonowanie zestaw\u00f3w z [&hellip;]<\/p>\n","protected":false},"featured_media":2993,"comment_status":"closed","ping_status":"open","template":"","meta":[],"product_cat":[113,328],"product_tag":[845,693,796,615],"class_list":["post-2992","product","type-product","status-publish","has-post-thumbnail","hentry","product_cat-klocki","product_cat-marioinex","product_tag-ach-spij-kochanie-tekst","product_tag-zagadki-dla-doroslych","product_tag-zagatki","product_tag-znane-misie-z-filmow-animowanych"],"_links":{"self":[{"href":"http:\/\/klubmamgdynia.pl\/index.php\/wp-json\/wp\/v2\/product\/2992","targetHints":{"allow":["GET"]}}],"collection":[{"href":"http:\/\/klubmamgdynia.pl\/index.php\/wp-json\/wp\/v2\/product"}],"about":[{"href":"http:\/\/klubmamgdynia.pl\/index.php\/wp-json\/wp\/v2\/types\/product"}],"replies":[{"embeddable":true,"href":"http:\/\/klubmamgdynia.pl\/index.php\/wp-json\/wp\/v2\/comments?post=2992"}],"wp:featuredmedia":[{"embeddable":true,"href":"http:\/\/klubmamgdynia.pl\/index.php\/wp-json\/wp\/v2\/media\/2993"}],"wp:attachment":[{"href":"http:\/\/klubmamgdynia.pl\/index.php\/wp-json\/wp\/v2\/media?parent=2992"}],"wp:term":[{"taxonomy":"product_cat","embeddable":true,"href":"http:\/\/klubmamgdynia.pl\/index.php\/wp-json\/wp\/v2\/product_cat?post=2992"},{"taxonomy":"product_tag","embeddable":true,"href":"http:\/\/klubmamgdynia.pl\/index.php\/wp-json\/wp\/v2\/product_tag?post=2992"}],"curies":[{"name":"wp","href":"https:\/\/api.w.org\/{rel}","templated":true}]}}