{"id":2994,"date":"2017-05-02T20:48:14","date_gmt":"2017-05-02T18:48:14","guid":{"rendered":"http:\/\/klubmamgdynia.pl\/index.php\/produkt\/innogio-silikonowa-lampka-nocna-lama-gio-105\/"},"modified":"2026-04-24T07:05:43","modified_gmt":"2026-04-24T05:05:43","slug":"innogio-silikonowa-lampka-nocna-lama-gio-105","status":"publish","type":"product","link":"http:\/\/klubmamgdynia.pl\/index.php\/produkt\/innogio-silikonowa-lampka-nocna-lama-gio-105\/","title":{"rendered":"Innogio Silikonowa Lampka Nocna Lama Gio-105"},"content":{"rendered":"<p>Opis Specyfikacja: U\u017cycie na jednym na\u0142adowaniu: do 10 godzin Zasilanie: przew\u00f3d USB Napi\u0119cie \u0142adowania: 220-240V Bateria: litowo-jonowa Pojemno\u015b\u0107 baterii: 1200 mAh Materia\u0142: bezpieczny silikon Rodzaj \u015bwiat\u0142a: LED Max moc: 0,5 W Typ w\u0142\u0105cznika: przycisk u podstawy lampki Ilo\u015b\u0107 kolor\u00f3w: 8- zmienia kolor stopniowo co 3 sekundy Gwarancja: 24 miesi\u0105ce Kod produktu: 19012 Magiczne \u015bwiat\u0142o lampki nocnej, kt\u00f3re b\u0119dzie towarzyszy\u0107 dziecku w krainie sn\u00f3w! Doskona\u0142a do pokoju dzieci\u0119cego jak i idealnie sprawdzi si\u0119 tak\u017ce w podr\u00f3\u017cy. GIOlama b\u0119dzie doskona\u0142ym kompanem dla Twojego dziecka podczas dorastania. Przyjazny i weso\u0142y design lampki sprawi, \u017ce Twoje dziecko od razu j\u0105 pokocha. A mi\u0119kki i uspakajaj\u0105cy blask \u015bwiat\u0142a wprowadzi odpowiedni\u0105 atmosfer\u0119 do pokoju dziecka. Zmieniaj\u0105ce si\u0119 kolory \u015bwiate\u0142 pomog\u0105 bez trudu zasn\u0105\u0107 Twojemu dziecku, pokonuj\u0105c wszelkie koszmary ciemno\u015bci. Mi\u0119kki materia\u0142 z jakiego wykonana zosta\u0142a lampeczka zapewnia bezpiecze\u0144stwo u\u017cytkowania nawet najmniejszych dzieci. Natomiast zmiana kolor\u00f3w za pomoc\u0105 dotkni\u0119cia lampki r\u0119k\u0105 zapewni \u015bwietn\u0105 zabaw\u0119 nie tylko podczas wieczornego rytua\u0142u zasypiania. Cechy produktu: Idealna do pokoju noworodka, niemowlaka, niezast\u0105piona podczas nocnego przewijania i karmienia. R\u00f3wnie\u017c dla starszych dzieci b\u0119dzie najlepszym przyjacielem, zapewniaj\u0105c spokojny sen i chroni\u0105c przed strachem zwi\u0105zanym z ciemno\u015bciami. Wykonana z mi\u0119kkiego i bezpiecznego silikonu o zaokr\u0105glonych kszta\u0142tach i g\u0142adkich kraw\u0119dziach, kt\u00f3re pozwol\u0105 dziecku na bezpieczn\u0105 zabaw\u0119. Bardzo przyjemne w dotyku tworzywo sprawi, \u017ce lampka stanie si\u0119 r\u00f3wnie\u017c ulubion\u0105 przytulank\u0105. Lampka doskonale sprawdzi si\u0119 jako prezent, z pewno\u015bci\u0105 wywo\u0142a u\u015bmiech na twarzy ka\u017cdego dziecka. Lampka \u0142adnie opakowana w oryginalny kartonik Zasilanie bezprzewodowe umo\u017cliwi dziecku zabranie swojej ulubionej lampki na ka\u017cd\u0105 wypraw\u0119. Wbudowany akumulator (\u0142adowany przez USB) zapewni nawet 10 godzin nieprzerwanej zabawy. Lampka po w\u0142\u0105czeniu \u015bwieci \u201eciep\u0142ym\u201d, stonowanym \u015bwiat\u0142em, kt\u00f3re po dotkni\u0119ciu r\u0119k\u0105 zaczyna zmienia\u0107 si\u0119 przechodz\u0105c p\u0142ynnie przez 8 kolor\u00f3w. Kolejne dotkni\u0119cie lampki powoduje zatrzymanie wybranego koloru. W zestawie Lampka InnoGIO GIO Lama Kabel micro USB<\/p>\n<h2>Innogio Silikonowa Lampka Nocna Lama Gio-105 Marioinex<\/h2>\n<p>nauka pisania literek do wydruku pdf, minecraft kolorowanki, wiosna kolorowanka do druku, paloma, pia, nasza zima z\u0142a tekst, maska misia do druku<\/p>\n<p>yyyyy<\/p>\n<p>&nbsp;<\/p>\n","protected":false},"excerpt":{"rendered":"<p>Opis Specyfikacja: U\u017cycie na jednym na\u0142adowaniu: do 10 godzin Zasilanie: przew\u00f3d USB Napi\u0119cie \u0142adowania: 220-240V Bateria: litowo-jonowa Pojemno\u015b\u0107 baterii: 1200 mAh Materia\u0142: bezpieczny silikon Rodzaj \u015bwiat\u0142a: LED Max moc: 0,5 W Typ w\u0142\u0105cznika: przycisk u podstawy lampki Ilo\u015b\u0107 kolor\u00f3w: 8- zmienia kolor stopniowo co 3 sekundy Gwarancja: 24 miesi\u0105ce Kod produktu: 19012 Magiczne \u015bwiat\u0142o lampki [&hellip;]<\/p>\n","protected":false},"featured_media":2995,"comment_status":"closed","ping_status":"open","template":"","meta":[],"product_cat":[138,328],"product_tag":[845,836,770,805],"class_list":["post-2994","product","type-product","status-publish","has-post-thumbnail","hentry","product_cat-lampki-dzieciece","product_cat-marioinex","product_tag-ach-spij-kochanie-tekst","product_tag-co-kupic-dziecku-na-roczek","product_tag-samolot-z-papieru","product_tag-znaczenie-imienia-alan"],"_links":{"self":[{"href":"http:\/\/klubmamgdynia.pl\/index.php\/wp-json\/wp\/v2\/product\/2994","targetHints":{"allow":["GET"]}}],"collection":[{"href":"http:\/\/klubmamgdynia.pl\/index.php\/wp-json\/wp\/v2\/product"}],"about":[{"href":"http:\/\/klubmamgdynia.pl\/index.php\/wp-json\/wp\/v2\/types\/product"}],"replies":[{"embeddable":true,"href":"http:\/\/klubmamgdynia.pl\/index.php\/wp-json\/wp\/v2\/comments?post=2994"}],"wp:featuredmedia":[{"embeddable":true,"href":"http:\/\/klubmamgdynia.pl\/index.php\/wp-json\/wp\/v2\/media\/2995"}],"wp:attachment":[{"href":"http:\/\/klubmamgdynia.pl\/index.php\/wp-json\/wp\/v2\/media?parent=2994"}],"wp:term":[{"taxonomy":"product_cat","embeddable":true,"href":"http:\/\/klubmamgdynia.pl\/index.php\/wp-json\/wp\/v2\/product_cat?post=2994"},{"taxonomy":"product_tag","embeddable":true,"href":"http:\/\/klubmamgdynia.pl\/index.php\/wp-json\/wp\/v2\/product_tag?post=2994"}],"curies":[{"name":"wp","href":"https:\/\/api.w.org\/{rel}","templated":true}]}}