{"id":2996,"date":"2025-10-09T20:21:26","date_gmt":"2025-10-09T18:21:26","guid":{"rendered":"http:\/\/klubmamgdynia.pl\/?post_type=product&#038;p=2996"},"modified":"2026-04-05T22:59:50","modified_gmt":"2026-04-05T20:59:50","slug":"platki-kosmetyczne-bella-cotton-x-50szt","status":"publish","type":"product","link":"http:\/\/klubmamgdynia.pl\/index.php\/produkt\/platki-kosmetyczne-bella-cotton-x-50szt\/","title":{"rendered":"P\u0141ATKI kosmetyczne BELLA COTTON x 50szt."},"content":{"rendered":"<p>Producent: TORU\u0143SKIE ZAK\u0141.MAT.OPAT.Dzia\u0142anie: Du\u017ce p\u0142atki owalne charakteryzuj\u0105 si\u0119 wysok\u0105 ch\u0142onno\u015bci\u0105 i powierzchni\u0105 pozwalaj\u0105c\u0105 precyzyjnie usun\u0105\u0107 makija\u017c ca\u0142ej twarzy, szyi i dekoltu. Zastosowanie: Okr\u0105g\u0142e, wyt\u0142aczane, zrobione ca\u0142kowicie z naturalnych w\u0142\u00f3kien bawe\u0142nianych. Szczeg\u00f3lnie mi\u0119kkie i delikatne, idealne nawet do najbardziej wymagaj\u0105cej sk\u00f3ry. Z powodzeniem mo\u017cesz je stosowa\u0107 do demakija\u017cu twarzy, szyi i dekoltu, do ok\u0142ad\u00f3w i maseczek na oczy, a tak\u017ce do zmywania paznokci. Ze sznureczkiem umo\u017cliwiaj\u0105cym zawieszenie np. w \u0142azience.<\/p>\n<h2>P\u0141ATKI kosmetyczne BELLA COTTON x 50szt. TZMO<\/h2>\n<p>quiz pi\u0142karski, zagadki dla dzieci 7-8 lat, nauka zegara do druku, \u015bwi\u0119ty przemys\u0142aw, kolorowanka wr\u00f3\u017cka, cytaty o wychowaniu i nauczaniu, cytaty rodzina, prezent dla nastolatk\u00f3w na \u015bwi\u0119ta, bajki do czytania dla ch\u0142opc\u00f3w<\/p>\n<p>yyyyy<\/p>\n<p>&nbsp;<\/p>\n","protected":false},"excerpt":{"rendered":"<p>Producent: TORU\u0143SKIE ZAK\u0141.MAT.OPAT.Dzia\u0142anie: Du\u017ce p\u0142atki owalne charakteryzuj\u0105 si\u0119 wysok\u0105 ch\u0142onno\u015bci\u0105 i powierzchni\u0105 pozwalaj\u0105c\u0105 precyzyjnie usun\u0105\u0107 makija\u017c ca\u0142ej twarzy, szyi i dekoltu. Zastosowanie: Okr\u0105g\u0142e, wyt\u0142aczane, zrobione ca\u0142kowicie z naturalnych w\u0142\u00f3kien bawe\u0142nianych. Szczeg\u00f3lnie mi\u0119kkie i delikatne, idealne nawet do najbardziej wymagaj\u0105cej sk\u00f3ry. Z powodzeniem mo\u017cesz je stosowa\u0107 do demakija\u017cu twarzy, szyi i dekoltu, do ok\u0142ad\u00f3w i maseczek [&hellip;]<\/p>\n","protected":false},"featured_media":2997,"comment_status":"closed","ping_status":"open","template":"","meta":[],"product_cat":[1002,388],"product_tag":[611,848,731,714,805],"class_list":["post-2996","product","type-product","status-publish","has-post-thumbnail","hentry","product_cat-platki-kosmetyczne","product_cat-tzmo","product_tag-bajki-do-czytania-psi-patrol","product_tag-cytat-o-rodzinie","product_tag-maly-ksiaze-cytaty","product_tag-zagadki-logiczne","product_tag-znaczenie-imienia-alan"],"_links":{"self":[{"href":"http:\/\/klubmamgdynia.pl\/index.php\/wp-json\/wp\/v2\/product\/2996","targetHints":{"allow":["GET"]}}],"collection":[{"href":"http:\/\/klubmamgdynia.pl\/index.php\/wp-json\/wp\/v2\/product"}],"about":[{"href":"http:\/\/klubmamgdynia.pl\/index.php\/wp-json\/wp\/v2\/types\/product"}],"replies":[{"embeddable":true,"href":"http:\/\/klubmamgdynia.pl\/index.php\/wp-json\/wp\/v2\/comments?post=2996"}],"wp:featuredmedia":[{"embeddable":true,"href":"http:\/\/klubmamgdynia.pl\/index.php\/wp-json\/wp\/v2\/media\/2997"}],"wp:attachment":[{"href":"http:\/\/klubmamgdynia.pl\/index.php\/wp-json\/wp\/v2\/media?parent=2996"}],"wp:term":[{"taxonomy":"product_cat","embeddable":true,"href":"http:\/\/klubmamgdynia.pl\/index.php\/wp-json\/wp\/v2\/product_cat?post=2996"},{"taxonomy":"product_tag","embeddable":true,"href":"http:\/\/klubmamgdynia.pl\/index.php\/wp-json\/wp\/v2\/product_tag?post=2996"}],"curies":[{"name":"wp","href":"https:\/\/api.w.org\/{rel}","templated":true}]}}