{"id":2998,"date":"2017-09-21T16:57:24","date_gmt":"2017-09-21T14:57:24","guid":{"rendered":"http:\/\/klubmamgdynia.pl\/index.php\/produkt\/cobi-cars-maserati-garage-24568\/"},"modified":"2026-05-01T17:16:25","modified_gmt":"2026-05-01T15:16:25","slug":"cobi-cars-maserati-garage-24568","status":"publish","type":"product","link":"http:\/\/klubmamgdynia.pl\/index.php\/produkt\/cobi-cars-maserati-garage-24568\/","title":{"rendered":"Cobi Cars Maserati Garage (24568)"},"content":{"rendered":"<p>Gara\u017c Maserati Model ekskluzywnego gara\u017cu Maserati zbudowany z klock\u00f3w konstrukcyjnych COBI w skali 1:35. Wyprodukowany zosta\u0142 na licencji s\u0142ynnej w\u0142oskiej marki motoryzacyjnej &#8211; Maserati. Zestaw idealnie nadaje si\u0119 zar\u00f3wno jako prezent dla ka\u017cdego fana motoryzacji jak i do zabawy dla najm\u0142odszych. Komplet zawiera budynek gara\u017cu z wyposa\u017ceniem, figurk\u0119 mechanika i kierowcy oraz dwa samochody: czerwone Maserati GranCabrio Sport i granatowe Maserati Levante.Dzi\u0119ki specjalnie zaprojektowanym klockom wiernie oddaj\u0105cym kszta\u0142ty nadwozia oraz trwa\u0142ym, kolorowym nadrukom, pojazdy stworzone przez COBI wiernie odwzorowuj\u0105 bry\u0142\u0119 i karoseri\u0119 rzeczywistych pojazd\u00f3w. Dzi\u0119ki solidnej konstrukcji i ruchomym ko\u0142om na specjalnych, gumowych oponach, auta sprawdz\u0105 si\u0119 idealnie jako zabawka.500 wysokiej jako\u015bci element\u00f3wWyprodukowane w UE przez firm\u0119 z ponad 20-letni\u0105 tradycj\u0105Klocki spe\u0142niaj\u0105 normy bezpiecze\u0144stwa dotycz\u0105ce produkt\u00f3w dla dzieciW pe\u0142ni kompatybilne z innymi markami klock\u00f3w konstrukcyjnychKlocki z nadrukami nie odkszta\u0142caj\u0105 si\u0119 i nie bledn\u0105 w czasie zabawy czy pod wp\u0142ywem temperaturyCzytelna i intuicyjna instrukcja oparta na rysunkach i ikonachWydane na oryginalnej licencji MaseratiRuchome ko\u0142a pozwalaj\u0105 na \u015bwietn\u0105 zabaw\u0119 modelemDwie figurki: mechanik i kierowcaModele aut: Maserati GranCabrio Sport i Maserati LevanteEAN:  5902251245689Gwarancja:  24 miesi\u0105ceKod dostawcy:  24568Nr katalogowy:  24568seria:  MaseratiMarka:  BrakWymagania wiekowe:  od 6 latP\u0142e\u0107:  Dziewczynki i ch\u0142opcyLiczba element\u00f3w:  500Akcesoria w zestawie:  2 figurkiPozosta\u0142e parametry:  Wymiary opakowania: 45 x 6 x 30,5 cm<\/p>\n<h2>Cobi Cars Maserati Garage (24568) Cobi<\/h2>\n<p>laurka dla babci, literki do nauki pisania do druku, test z opowie\u015bci z narnii, test wiedzy zemsta, nauka zegara, myszka minnie kolorowanka, najpi\u0119kniejsze cytaty dziecko cytaty, kr\u00f3tkie cytaty o mamie, zabawy dla dzieci 9-12 lat, prezenty dla nastolatek, wobies, kolorowanka kotki do druku, maski do druku kolorowe, jak zrobi\u0107 samolot z papieru, prezent dla nastolatk\u00f3w, kolorowanki do druku dla dzieci<\/p>\n<p>yyyyy<\/p>\n<p>&nbsp;<\/p>\n","protected":false},"excerpt":{"rendered":"<p>Gara\u017c Maserati Model ekskluzywnego gara\u017cu Maserati zbudowany z klock\u00f3w konstrukcyjnych COBI w skali 1:35. Wyprodukowany zosta\u0142 na licencji s\u0142ynnej w\u0142oskiej marki motoryzacyjnej &#8211; Maserati. Zestaw idealnie nadaje si\u0119 zar\u00f3wno jako prezent dla ka\u017cdego fana motoryzacji jak i do zabawy dla najm\u0142odszych. Komplet zawiera budynek gara\u017cu z wyposa\u017ceniem, figurk\u0119 mechanika i kierowcy oraz dwa samochody: czerwone [&hellip;]<\/p>\n","protected":false},"featured_media":2999,"comment_status":"closed","ping_status":"open","template":"","meta":[],"product_cat":[484,113],"product_tag":[848,621,835,595,791],"class_list":["post-2998","product","type-product","status-publish","has-post-thumbnail","hentry","product_cat-cobi","product_cat-klocki","product_tag-cytat-o-rodzinie","product_tag-prezenty-roczek","product_tag-radosc-dziecka-cytaty","product_tag-zagadki-dla-6-latka","product_tag-zagadki-na-myslenie"],"_links":{"self":[{"href":"http:\/\/klubmamgdynia.pl\/index.php\/wp-json\/wp\/v2\/product\/2998","targetHints":{"allow":["GET"]}}],"collection":[{"href":"http:\/\/klubmamgdynia.pl\/index.php\/wp-json\/wp\/v2\/product"}],"about":[{"href":"http:\/\/klubmamgdynia.pl\/index.php\/wp-json\/wp\/v2\/types\/product"}],"replies":[{"embeddable":true,"href":"http:\/\/klubmamgdynia.pl\/index.php\/wp-json\/wp\/v2\/comments?post=2998"}],"wp:featuredmedia":[{"embeddable":true,"href":"http:\/\/klubmamgdynia.pl\/index.php\/wp-json\/wp\/v2\/media\/2999"}],"wp:attachment":[{"href":"http:\/\/klubmamgdynia.pl\/index.php\/wp-json\/wp\/v2\/media?parent=2998"}],"wp:term":[{"taxonomy":"product_cat","embeddable":true,"href":"http:\/\/klubmamgdynia.pl\/index.php\/wp-json\/wp\/v2\/product_cat?post=2998"},{"taxonomy":"product_tag","embeddable":true,"href":"http:\/\/klubmamgdynia.pl\/index.php\/wp-json\/wp\/v2\/product_tag?post=2998"}],"curies":[{"name":"wp","href":"https:\/\/api.w.org\/{rel}","templated":true}]}}