{"id":30,"date":"2023-04-17T19:34:59","date_gmt":"2023-04-17T17:34:59","guid":{"rendered":"http:\/\/klubmamgdynia.pl\/?post_type=product&#038;p=30"},"modified":"2026-05-17T23:12:22","modified_gmt":"2026-05-17T21:12:22","slug":"hi-little-one-recznik-z-kapturkiem-100-x-mouse-hooded-bath-towel-white","status":"publish","type":"product","link":"http:\/\/klubmamgdynia.pl\/index.php\/produkt\/hi-little-one-recznik-z-kapturkiem-100-x-mouse-hooded-bath-towel-white\/","title":{"rendered":"Hi Little One R\u0119cznik Z Kapturkiem 100 X Mouse Hooded Bath Towel White"},"content":{"rendered":"<p>Niezwykle ch\u0142onny, gruby bawe\u0142niany r\u0119cznik frotte z kapturkiem, dla Niemowlaka od dnia narodzin.Idealny do szybkiego otulenia i osuszenia Niemowlaka po k\u0105pieli.R\u0119cznik HLO idealnie sprawdza si\u0119 w domu, na pla\u017cy czy na basenie.Obowi\u0105zkowa pozycja w wyprawce dla Noworodka.Zalety r\u0119cznik\u00f3w HLOSuperch\u0142onneProstota u\u017cytkowania100% funkcjonalno\u015bciWysoka jako\u015b\u0107 wykonaniaR\u0119cznik zosta\u0142 tak zaprojektowany aby m\u00f3c intuicyjnie jak najszybciej otuli\u0107 Maluszka po k\u0105pieli, zapewniaj\u0105c mu optymalny komfort cieplny. Kapturek chroni g\u0142\u00f3wk\u0119 przed gwa\u0142townym wych\u0142odzeniem po kapieli, a tr\u00f3jk\u0105tne po\u0142y boczne dok\u0142adnie otul\u0105 ca\u0142e cia\u0142o i szybko je osusz\u0105, zapobiegaj\u0105c przed wych\u0142odzeniem.Dzi\u0119ki zastosowanie figury rombu r\u00f3wnok\u0105tnego uzyskali\u015bmy produkt, kt\u00f3ry ro\u015bnie wraz z Wasz\u0105 Pociech\u0105.D\u0142ugo\u015b\u0107 i szeroko\u015b\u0107 przek\u0105tna r\u0119cznik\u00f3w HLO to a\u017c 141,50 cm dzi\u0119ki temu w pierwszych miesi\u0105cach \u017cycia, r\u0119cznik mo\u017ce s\u0142u\u017cy\u0107 jako ciep\u0142y otulacz do karmienia po k\u0105pieli, za\u015b w kolejnych, kiedy Maluszek podro\u015bnie, jako r\u0119cznik k\u0105pielowy lub basenowy.Stosuj\u0105c r\u0119czniki HLO Maluszek po k\u0105pieli nie zmarznie, poniewa\u017c ma szybko otulone i osuszone ca\u0142e cia\u0142o.Weso\u0142e uszy kr\u00f3liczka doszyte na kapturze r\u0119cznika pomog\u0105 ka\u017cdej Mamie wyci\u0105gn\u0105\u0107 z wody rozbawionego Niemowlaka, dzi\u0119ki czemu zapobiegniemy zmarzni\u0119cia i przesuszenia sk\u00f3ry Niemowlaka.R\u0119czniki HLO s\u0105 idealnym rozwi\u0105zaniem dla niemowl\u0105t i dzieci do 3 roku \u017cycia, a nawet starszak\u00f3w w wieku przedszkolnym.Zalety r\u0119cznik\u00f3w k\u0105pielowych HLOSuperch\u0142onny od pierwszego u\u017cycia! ( przed pierwszym u\u017cyciem r\u0119cznik nale\u017cy wypra\u0107! )1,5 x wi\u0119kszy ni\u017c wi\u0119kszo\u015b\u0107 dost\u0119pnych na rynku standardowych r\u0119cznik\u00f3w dla Niemowl\u0105t !Kapturek z weso\u0142ymi uszkami kr\u00f3lika, mi\u0119ciutko otula g\u0142\u00f3wk\u0119 MaluszkaZASTOSOWANIE:ciep\u0142y otulacz do karmienia po k\u0105pielinaturalny mi\u0119ciutki podk\u0142ad na przewijakr\u0119czniczek po k\u0105pieli lub na pla\u017c\u0119 b\u0105d\u017a basenR\u0119cznik zapakowany jest w eleganckie ekologiczne tekturowe pude\u0142ko z okienkiem.MATERIA\u0141100% mi\u0119kka superch\u0142onna bawe\u0142na frotte100 % wysokojako\u015bciowa 2-warstwowa bawe\u0142na mu\u015blinowa OEKO-TEX 100WYMIARY100 x 100 cmPIEL\u0118GNACJA Wypra\u0107 przed pierwszym u\u017cyciemR\u0119cznik mo\u017cna pra\u0107 w w temp. 40 oCNie wirowa\u0107Nie wybiela\u0107Nie prasowa\u0107UWAGAR\u0119czniki HLO wykonane s\u0105 naturalnych w\u0142\u00f3kien bawe\u0142ny i w wyniku u\u017cytkowania i cz\u0119stego prania mog\u0105 ulega\u0107 zmechaceniu lub zaci\u0105ga\u0107 si\u0119. Jest to naturalne zachowanie w\u0142\u00f3kien bawe\u0142nianych i nie stanowi to podstawy do reklamacji.OEKO-TEX\u00ae jest niezale\u017cnym systemem testowania i certyfikacji surowc\u00f3w, p\u00f3\u0142produkt\u00f3w i gotowych wyrob\u00f3w tekstylnych na wszystkich poziomach przetwarzania oraz co nie jest bez znaczenia dla bezpiecze\u0144stwa u\u017cytkowania, tak\u017ce wykorzystanych materia\u0142\u00f3w pomocniczych.PRODUKT MADE IN POLANDAkcesoria niemowl\u0119ce polskiej marki Hi Little One nawi\u0105zuj\u0105 do natury i retro minimalistycznego designu zachowuj\u0105c maksimum funkcjonalno\u015bci dla Niemowl\u0105t i Mam.<\/p>\n<h2>Hi Little One R\u0119cznik Z Kapturkiem 100 X Mouse Hooded Bath Towel White Hi Little One<\/h2>\n<p>ksi\u0105\u017cka dla dzieci online, rysowanki, kaczuszka, koty do druku, kwiaty polne nazwy i zdj\u0119cia, kolorowanka robot, test z lektury spos\u00f3b na alcybiadesa, bajka o kreciku, zagadki logiczne matematyczne dla dzieci, molo w brze\u017anie<\/p>\n<p>yyyyy<\/p>\n<p>&nbsp;<\/p>\n","protected":false},"excerpt":{"rendered":"<p>Niezwykle ch\u0142onny, gruby bawe\u0142niany r\u0119cznik frotte z kapturkiem, dla Niemowlaka od dnia narodzin.Idealny do szybkiego otulenia i osuszenia Niemowlaka po k\u0105pieli.R\u0119cznik HLO idealnie sprawdza si\u0119 w domu, na pla\u017cy czy na basenie.Obowi\u0105zkowa pozycja w wyprawce dla Noworodka.Zalety r\u0119cznik\u00f3w HLOSuperch\u0142onneProstota u\u017cytkowania100% funkcjonalno\u015bciWysoka jako\u015b\u0107 wykonaniaR\u0119cznik zosta\u0142 tak zaprojektowany aby m\u00f3c intuicyjnie jak najszybciej otuli\u0107 Maluszka po k\u0105pieli, [&hellip;]<\/p>\n","protected":false},"featured_media":31,"comment_status":"closed","ping_status":"open","template":"","meta":[],"product_cat":[28,30],"product_tag":[784,729,736],"class_list":["post-30","product","type-product","status-publish","has-post-thumbnail","hentry","product_cat-hi-little-one","product_cat-reczniki-i-okrycia-kapielowe","product_tag-hymn-gorniczy","product_tag-madre-bajki-dla-dzieci-do-czytania","product_tag-zabawki-na-roczek"],"_links":{"self":[{"href":"http:\/\/klubmamgdynia.pl\/index.php\/wp-json\/wp\/v2\/product\/30","targetHints":{"allow":["GET"]}}],"collection":[{"href":"http:\/\/klubmamgdynia.pl\/index.php\/wp-json\/wp\/v2\/product"}],"about":[{"href":"http:\/\/klubmamgdynia.pl\/index.php\/wp-json\/wp\/v2\/types\/product"}],"replies":[{"embeddable":true,"href":"http:\/\/klubmamgdynia.pl\/index.php\/wp-json\/wp\/v2\/comments?post=30"}],"wp:featuredmedia":[{"embeddable":true,"href":"http:\/\/klubmamgdynia.pl\/index.php\/wp-json\/wp\/v2\/media\/31"}],"wp:attachment":[{"href":"http:\/\/klubmamgdynia.pl\/index.php\/wp-json\/wp\/v2\/media?parent=30"}],"wp:term":[{"taxonomy":"product_cat","embeddable":true,"href":"http:\/\/klubmamgdynia.pl\/index.php\/wp-json\/wp\/v2\/product_cat?post=30"},{"taxonomy":"product_tag","embeddable":true,"href":"http:\/\/klubmamgdynia.pl\/index.php\/wp-json\/wp\/v2\/product_tag?post=30"}],"curies":[{"name":"wp","href":"https:\/\/api.w.org\/{rel}","templated":true}]}}