{"id":3004,"date":"2012-08-23T00:24:29","date_gmt":"2012-08-22T22:24:29","guid":{"rendered":"http:\/\/klubmamgdynia.pl\/index.php\/produkt\/cobi-szalona-pulapka\/"},"modified":"2026-05-17T22:20:57","modified_gmt":"2026-05-17T20:20:57","slug":"cobi-szalona-pulapka","status":"publish","type":"product","link":"http:\/\/klubmamgdynia.pl\/index.php\/produkt\/cobi-szalona-pulapka\/","title":{"rendered":"COBI SZALONA PU\u0141APKA"},"content":{"rendered":"<p>Gra Cobi Szalona Pu\u0142apka. Uwa\u017caj na pu\u0142apk\u0119! Z\u0142ap jak najwi\u0119cej serowych kawa\u0142k\u00f3w, ale uwa\u017caj na zastawion\u0105 pu\u0142apk\u0119! Pi\u0119knie i starannie wydana &#8211; zachwyca dopracowanymi detalami Niezwykle rozwijaj\u0105ca gra dla ca\u0142ej rodziny Spr\u00f3buj swoich si\u0142! Sprawd\u017a, ile sera zdo\u0142asz z\u0142apa\u0107, ale uwa\u017caj na pu\u0142apk\u0119! Umie\u015b\u0107 karty w pu\u0142apce, nastaw j\u0105 i wyci\u0105gaj karty, ale uwa\u017caj! Je\u015bli utkniesz w pu\u0142apce stracisz kart\u0119! Sprawd\u017a sw\u00f3j refleks na trzech poziomach trudno\u015bci. Szalona Pu\u0142apka dla wszystkich odwa\u017cnych dzieci. Zawarto\u015b\u0107: pu\u0142apka, 30 serowych kart, instrukcja. Pi\u0119knie wydana! Gra Szalona Pu\u0142apka od wydawnictwa Cobi zosta\u0142a bardzo starannie zaprojektowana i przygotowana. Przypadnie do gustu ka\u017cdej osobie, kt\u00f3ra uwielbia gry edukacyjne. Ponadto gra z pewno\u015bci\u0105 zachwyci sw\u0105 oryginaln\u0105 grafik\u0105! Ka\u017cdy element zosta\u0142 wykonany ze szczeg\u00f3ln\u0105 dba\u0142o\u015bci\u0105 o detale, dlatego Szalona Pu\u0142apka musi znale\u017a\u0107 si\u0119 w Twojej kolekcji gier! Rozwijaj\u0105ca i kreatywna gra Gry planszowe i karciane s\u0105 \u015bwietnym sposobem na sp\u0119dzenie wsp\u00f3lnie czasu z rodzin\u0105 lub znajomymi. Umo\u017cliwiaj\u0105 one zacie\u015bnienie wi\u0119z\u00f3w rodzinnych lub przyja\u017ani. Idealnie nadaj\u0105 si\u0119 dla m\u0142odszych, jak i starszych. Ponadto pozwalaj\u0105 na rozwni\u0119cie swoich umiej\u0119tno\u015bci logicznego i strategicznego my\u015blenia, a tak\u017ce pozwalaj\u0105 na rozbudzenie kreatywnego my\u015blenia i wyobra\u017ani!<\/p>\n<h2>COBI SZALONA PU\u0141APKA Cobi<\/h2>\n<p>wielkanocne zagadki dla dzieci, bajki do czytania dla 6 latka, opisy do zdj\u0119\u0107 dziecka, proste dekoracje bo\u017conarodzeniowe dla dzieci, r\u00f3\u017cne zagadki, quiz z bajek, jeremi, straszne filmy dla dzieci, akademia pana kleksa test do druku, atrakcje dla dzieci tr\u00f3jmiasto, prezenty dla m\u0142odzie\u017cy, menu urodzinowe dla dzieci w wieku 8 10 lat, bajka dla niemowlaka, basen \u015bl\u0105sk<\/p>\n<p>yyyyy<\/p>\n<p>&nbsp;<\/p>\n","protected":false},"excerpt":{"rendered":"<p>Gra Cobi Szalona Pu\u0142apka. Uwa\u017caj na pu\u0142apk\u0119! Z\u0142ap jak najwi\u0119cej serowych kawa\u0142k\u00f3w, ale uwa\u017caj na zastawion\u0105 pu\u0142apk\u0119! Pi\u0119knie i starannie wydana &#8211; zachwyca dopracowanymi detalami Niezwykle rozwijaj\u0105ca gra dla ca\u0142ej rodziny Spr\u00f3buj swoich si\u0142! Sprawd\u017a, ile sera zdo\u0142asz z\u0142apa\u0107, ale uwa\u017caj na pu\u0142apk\u0119! Umie\u015b\u0107 karty w pu\u0142apce, nastaw j\u0105 i wyci\u0105gaj karty, ale uwa\u017caj! Je\u015bli [&hellip;]<\/p>\n","protected":false},"featured_media":3005,"comment_status":"closed","ping_status":"open","template":"","meta":[],"product_cat":[484,130],"product_tag":[871,580,843,724],"class_list":["post-3004","product","type-product","status-publish","has-post-thumbnail","hentry","product_cat-cobi","product_cat-gry-dzieciece","product_tag-bajka-o-smoku-wawelskim","product_tag-janusz","product_tag-smieszne-zagadki-dla-dzieci","product_tag-zagadki-podchwytliwe"],"_links":{"self":[{"href":"http:\/\/klubmamgdynia.pl\/index.php\/wp-json\/wp\/v2\/product\/3004","targetHints":{"allow":["GET"]}}],"collection":[{"href":"http:\/\/klubmamgdynia.pl\/index.php\/wp-json\/wp\/v2\/product"}],"about":[{"href":"http:\/\/klubmamgdynia.pl\/index.php\/wp-json\/wp\/v2\/types\/product"}],"replies":[{"embeddable":true,"href":"http:\/\/klubmamgdynia.pl\/index.php\/wp-json\/wp\/v2\/comments?post=3004"}],"wp:featuredmedia":[{"embeddable":true,"href":"http:\/\/klubmamgdynia.pl\/index.php\/wp-json\/wp\/v2\/media\/3005"}],"wp:attachment":[{"href":"http:\/\/klubmamgdynia.pl\/index.php\/wp-json\/wp\/v2\/media?parent=3004"}],"wp:term":[{"taxonomy":"product_cat","embeddable":true,"href":"http:\/\/klubmamgdynia.pl\/index.php\/wp-json\/wp\/v2\/product_cat?post=3004"},{"taxonomy":"product_tag","embeddable":true,"href":"http:\/\/klubmamgdynia.pl\/index.php\/wp-json\/wp\/v2\/product_tag?post=3004"}],"curies":[{"name":"wp","href":"https:\/\/api.w.org\/{rel}","templated":true}]}}