{"id":3008,"date":"2016-04-03T09:56:00","date_gmt":"2016-04-03T07:56:00","guid":{"rendered":"http:\/\/klubmamgdynia.pl\/index.php\/produkt\/nici-q-pooltle-20cm-40752\/"},"modified":"2026-05-17T22:46:12","modified_gmt":"2026-05-17T20:46:12","slug":"nici-q-pooltle-20cm-40752","status":"publish","type":"product","link":"http:\/\/klubmamgdynia.pl\/index.php\/produkt\/nici-q-pooltle-20cm-40752\/","title":{"rendered":"Nici Q Pooltle 20Cm 40752"},"content":{"rendered":"<p>Wysoko\u015b\u0107 maskotki: 20 cm<\/p>\n<h2>Nici Q Pooltle 20Cm 40752 Nici<\/h2>\n<p>pole dyniowe pozna\u0144, imie nadia, peppa kolorowanka, andrea, basen dla dzieci warszawa, ewelina, janusz korczak cytaty, wz\u00f3r dyplomu do pobrania, prezenty dla 15 latki, tezeusz, nasza zima z\u0142a tekst, kolorowanki dla ch\u0142opc\u00f3w, test z lektury asiunia, kolorowanki do druku zwierz\u0119ta, quizy \u015bwi\u0105teczne bo\u017ce narodzenie, maurycy<\/p>\n<p>yyyyy<\/p>\n<p>&nbsp;<\/p>\n","protected":false},"excerpt":{"rendered":"<p>Wysoko\u015b\u0107 maskotki: 20 cm Nici Q Pooltle 20Cm 40752 Nici pole dyniowe pozna\u0144, imie nadia, peppa kolorowanka, andrea, basen dla dzieci warszawa, ewelina, janusz korczak cytaty, wz\u00f3r dyplomu do pobrania, prezenty dla 15 latki, tezeusz, nasza zima z\u0142a tekst, kolorowanki dla ch\u0142opc\u00f3w, test z lektury asiunia, kolorowanki do druku zwierz\u0119ta, quizy \u015bwi\u0105teczne bo\u017ce narodzenie, maurycy [&hellip;]<\/p>\n","protected":false},"featured_media":3009,"comment_status":"closed","ping_status":"open","template":"","meta":[],"product_cat":[42,961],"product_tag":[688,584,640],"class_list":["post-3008","product","type-product","status-publish","has-post-thumbnail","hentry","product_cat-maskotki","product_cat-nici","product_tag-kolysanki-tekst","product_tag-liwia","product_tag-prezent-dla-rocznej-dziewczynki"],"_links":{"self":[{"href":"http:\/\/klubmamgdynia.pl\/index.php\/wp-json\/wp\/v2\/product\/3008","targetHints":{"allow":["GET"]}}],"collection":[{"href":"http:\/\/klubmamgdynia.pl\/index.php\/wp-json\/wp\/v2\/product"}],"about":[{"href":"http:\/\/klubmamgdynia.pl\/index.php\/wp-json\/wp\/v2\/types\/product"}],"replies":[{"embeddable":true,"href":"http:\/\/klubmamgdynia.pl\/index.php\/wp-json\/wp\/v2\/comments?post=3008"}],"wp:featuredmedia":[{"embeddable":true,"href":"http:\/\/klubmamgdynia.pl\/index.php\/wp-json\/wp\/v2\/media\/3009"}],"wp:attachment":[{"href":"http:\/\/klubmamgdynia.pl\/index.php\/wp-json\/wp\/v2\/media?parent=3008"}],"wp:term":[{"taxonomy":"product_cat","embeddable":true,"href":"http:\/\/klubmamgdynia.pl\/index.php\/wp-json\/wp\/v2\/product_cat?post=3008"},{"taxonomy":"product_tag","embeddable":true,"href":"http:\/\/klubmamgdynia.pl\/index.php\/wp-json\/wp\/v2\/product_tag?post=3008"}],"curies":[{"name":"wp","href":"https:\/\/api.w.org\/{rel}","templated":true}]}}