{"id":301,"date":"2019-12-09T13:19:18","date_gmt":"2019-12-09T12:19:18","guid":{"rendered":"http:\/\/klubmamgdynia.pl\/index.php\/produkt\/mushie-pieluszki-muslinowe-3szt-bloom\/"},"modified":"2026-04-24T05:13:08","modified_gmt":"2026-04-24T03:13:08","slug":"mushie-pieluszki-muslinowe-3szt-bloom","status":"publish","type":"product","link":"http:\/\/klubmamgdynia.pl\/index.php\/produkt\/mushie-pieluszki-muslinowe-3szt-bloom\/","title":{"rendered":"Mushie Pieluszki Mu\u015blinowe 3Szt. Bloom"},"content":{"rendered":"<p>Must have ka\u017cdej wyprawki.Pieluszki s\u0105 wielozadaniowe, przydaj\u0105 si\u0119 przy karmieniu, na spacerze, w podr\u00f3\u017cy, mog\u0105 te\u017c by\u0107 pierwszym przytulaczkiem dla maluszka.To \u015bwietny pomys\u0142 na prezent dla przysz\u0142ej mamy lub z okazji narodzin dziecka.Wiek: 0m+Rozmiar: 58.42cm x 59.69cmSk\u0142ad: 100% bawe\u0142na organicznaW zestawie: 3 pieluszki<\/p>\n<h2>Mushie Pieluszki Mu\u015blinowe 3Szt. Bloom Mushie<\/h2>\n<p>dzie\u0144 mamy sentencje, zagadki o psach, bajka o emocjach, kolorowanki dla dziewczynek do druku, jeziora blisko warszawy, kolorowanka lego ninjago, gda\u0144sk atrakcje dla m\u0142odzie\u017cy, zagadki o bo\u017cym narodzeniu, test opowie\u015b\u0107 wigilijna, halloween warszawa 2021 dzieci, mi\u0142o\u015b\u0107 do dziecka cytaty, imi\u0119 kostek, ko\u0142ysanka dla dzieci tekst, imie kuba, zagadki dla 3 latka, henryk, quizy i zagadki wielkanocne, imi\u0119 nadia<\/p>\n<p>yyyyy<\/p>\n<p>&nbsp;<\/p>\n","protected":false},"excerpt":{"rendered":"<p>Must have ka\u017cdej wyprawki.Pieluszki s\u0105 wielozadaniowe, przydaj\u0105 si\u0119 przy karmieniu, na spacerze, w podr\u00f3\u017cy, mog\u0105 te\u017c by\u0107 pierwszym przytulaczkiem dla maluszka.To \u015bwietny pomys\u0142 na prezent dla przysz\u0142ej mamy lub z okazji narodzin dziecka.Wiek: 0m+Rozmiar: 58.42cm x 59.69cmSk\u0142ad: 100% bawe\u0142na organicznaW zestawie: 3 pieluszki Mushie Pieluszki Mu\u015blinowe 3Szt. Bloom Mushie dzie\u0144 mamy sentencje, zagadki o psach, [&hellip;]<\/p>\n","protected":false},"featured_media":302,"comment_status":"closed","ping_status":"open","template":"","meta":[],"product_cat":[132,17],"product_tag":[664,837,638,632,809,820],"class_list":["post-301","product","type-product","status-publish","has-post-thumbnail","hentry","product_cat-mushie","product_cat-pieluchy","product_tag-atrakcje-dla-dzieci-trojmiasto","product_tag-cicha-noc-po-angielsku","product_tag-miastodzieci","product_tag-warszawa-atrakcje-dla-mlodziezy","product_tag-zagadki","product_tag-ziemia-wyspa-zielona-tekst"],"_links":{"self":[{"href":"http:\/\/klubmamgdynia.pl\/index.php\/wp-json\/wp\/v2\/product\/301","targetHints":{"allow":["GET"]}}],"collection":[{"href":"http:\/\/klubmamgdynia.pl\/index.php\/wp-json\/wp\/v2\/product"}],"about":[{"href":"http:\/\/klubmamgdynia.pl\/index.php\/wp-json\/wp\/v2\/types\/product"}],"replies":[{"embeddable":true,"href":"http:\/\/klubmamgdynia.pl\/index.php\/wp-json\/wp\/v2\/comments?post=301"}],"wp:featuredmedia":[{"embeddable":true,"href":"http:\/\/klubmamgdynia.pl\/index.php\/wp-json\/wp\/v2\/media\/302"}],"wp:attachment":[{"href":"http:\/\/klubmamgdynia.pl\/index.php\/wp-json\/wp\/v2\/media?parent=301"}],"wp:term":[{"taxonomy":"product_cat","embeddable":true,"href":"http:\/\/klubmamgdynia.pl\/index.php\/wp-json\/wp\/v2\/product_cat?post=301"},{"taxonomy":"product_tag","embeddable":true,"href":"http:\/\/klubmamgdynia.pl\/index.php\/wp-json\/wp\/v2\/product_tag?post=301"}],"curies":[{"name":"wp","href":"https:\/\/api.w.org\/{rel}","templated":true}]}}