{"id":3010,"date":"2011-09-13T23:50:55","date_gmt":"2011-09-13T21:50:55","guid":{"rendered":"http:\/\/klubmamgdynia.pl\/index.php\/produkt\/marioinex-klocki-budowlane-cegla-junior-110el\/"},"modified":"2026-05-17T22:05:19","modified_gmt":"2026-05-17T20:05:19","slug":"marioinex-klocki-budowlane-cegla-junior-110el","status":"publish","type":"product","link":"http:\/\/klubmamgdynia.pl\/index.php\/produkt\/marioinex-klocki-budowlane-cegla-junior-110el\/","title":{"rendered":"Marioinex Klocki budowlane Ceg\u0142a Junior 110El."},"content":{"rendered":"<p>Klocki budowlane Mario-Inex Ceg\u0142a Junior 110 element\u00f3w. Poczuj si\u0119 jak prawdziwy konstruktor A\u017c 110 klock\u00f3w w zestawie &#8211; pozw\u00f3l dziecku na kreatywne budowanie. Trwa\u0142e materia\u0142y &#8211; podaruj dziecku nieograniczone mo\u017cliwo\u015bci zabawy. Interesuj\u0105ce opakowanie &#8211; zr\u00f3b komu\u015b \u015bwietny prezent Buduj bez ogranicze\u0144! Zestaw zawiera a\u017c 110 element\u00f3w, z kt\u00f3rych dzieko mo\u017ce stworzy\u0107 ka\u017cd\u0105 budowl\u0119, jaka tylko mu si\u0119 zamarzy. Je\u015bli chcesz by zabawa Twojego dziecka \u0142\u0105czy\u0142a w sobie doskona\u0142\u0105 rozrywk\u0119 z kreatywnym my\u015bleniem i rozwojem wyobra\u017ani, to wypr\u00f3buj koniecznie te kolorowe klocki. Wielokolorowe elementy zach\u0119c\u0105 malucha do d\u0142ugiego budowania przer\u00f3\u017cnych budowli i tworzenia historyjek z nimi zwi\u0105zanych. Zalet\u0105 klock\u00f3w jest ich lekko\u015b\u0107, kt\u00f3ra uprzyjemnia i u\u0142atwia zabaw\u0119. Dodatkowym atutem s\u0105 zaokr\u0105glone rogi klock\u00f3w, dzi\u0119ki czemu budowanie staje si\u0119 bezpieczne. Ju\u017c teraz spraw swojemu dziecku zabawk\u0119 o kt\u00f3rej marzy ka\u017cdy maluch! Zadbaj o bezpiecze\u0144stwo dziecka Zdj\u0119cie nie przedstawia oferowanego produktu. Zdj\u0119cie produktu znajduje si\u0119 w galerii. Klocki wyr\u00f3\u017cniaj\u0105 si\u0119 wyj\u0105tkowo trwa\u0142ym materia\u0142em, co sprawia, \u017ce s\u0105 one bezpieczne dla dziecka i gwarantuj\u0105 d\u0142ug\u0105 zabaw\u0119. Zalet\u0105 klock\u00f3w s\u0105 r\u00f3wnie\u017c idealne, niewielkie wymiary i zaokr\u0105glone kraw\u0119dzie, dzi\u0119ki kt\u00f3rym dziecko w \u0142atwy spos\u00f3b mo\u017ce z\u0142apa\u0107 klocki w d\u0142o\u0144 i tworzy\u0107 fantazyjne budowle. Klocki swobodnie \u0142\u0105cz\u0105 si\u0119 ze sob\u0105, co pozwala stworzy\u0107 wytrzyma\u0142\u0105, kolorow\u0105 budowl\u0119. Podaruj dziecku worek pe\u0142en klock\u00f3w! Zdj\u0119cie nie przedstawia oferowanego produktu. Zdj\u0119cie produktu znajduje si\u0119 w galerii. Proste opakowanie, w kt\u00f3rym umieszczone s\u0105 klocki, pozytywnie wp\u0142ywa na wyobra\u017ani\u0119 dziecka. Klocki znajduj\u0105 si\u0119 w worku, kt\u00f3ry od razu nasuwa dobre skojarzenia z Miko\u0142ajem i \u015awi\u0119tami, dzi\u0119ki temu dziecko od razu b\u0119dzie chcia\u0142o zajrze\u0107 do \u015brodka. Opakowanie jest przezroczyste, wi\u0119c du\u017ca ilo\u015b\u0107 klock\u00f3w jest widoczna bez otwierania go. Je\u015bli chcesz sprawi\u0107 rado\u015b\u0107 maluchowi i zapewni\u0107 mu ciekaw\u0105 zabaw\u0119, koniecznie si\u0119gnij po klocki budowlane w worku.<\/p>\n<h2>Marioinex Klocki budowlane Ceg\u0142a Junior 110El. Marioinex<\/h2>\n<p>planety uk\u0142ad s\u0142oneczny dla dzieci do druku, quizy flagi, test z opowie\u015bci z narnii, iwo imie, prezent dla trzynastolatki, fajne \u017carty na prima aprilis, julian znaczenie imienia, kr\u00f3tkie bajki do czytania na dobranoc, maski na twarz dla dzieci do wydruku, \u0142amig\u0142\u00f3wki dla dzieci do wydruku<\/p>\n<p>yyyyy<\/p>\n<p>&nbsp;<\/p>\n","protected":false},"excerpt":{"rendered":"<p>Klocki budowlane Mario-Inex Ceg\u0142a Junior 110 element\u00f3w. Poczuj si\u0119 jak prawdziwy konstruktor A\u017c 110 klock\u00f3w w zestawie &#8211; pozw\u00f3l dziecku na kreatywne budowanie. Trwa\u0142e materia\u0142y &#8211; podaruj dziecku nieograniczone mo\u017cliwo\u015bci zabawy. Interesuj\u0105ce opakowanie &#8211; zr\u00f3b komu\u015b \u015bwietny prezent Buduj bez ogranicze\u0144! Zestaw zawiera a\u017c 110 element\u00f3w, z kt\u00f3rych dzieko mo\u017ce stworzy\u0107 ka\u017cd\u0105 budowl\u0119, jaka tylko [&hellip;]<\/p>\n","protected":false},"featured_media":3011,"comment_status":"closed","ping_status":"open","template":"","meta":[],"product_cat":[113,328],"product_tag":[671,618,714,701],"class_list":["post-3010","product","type-product","status-publish","has-post-thumbnail","hentry","product_cat-klocki","product_cat-marioinex","product_tag-cicha-noc-po-angielsku-tekst","product_tag-lato-lato-lato-czeka-tekst","product_tag-zagadki-logiczne","product_tag-zgadywanki-dla-dzieci"],"_links":{"self":[{"href":"http:\/\/klubmamgdynia.pl\/index.php\/wp-json\/wp\/v2\/product\/3010","targetHints":{"allow":["GET"]}}],"collection":[{"href":"http:\/\/klubmamgdynia.pl\/index.php\/wp-json\/wp\/v2\/product"}],"about":[{"href":"http:\/\/klubmamgdynia.pl\/index.php\/wp-json\/wp\/v2\/types\/product"}],"replies":[{"embeddable":true,"href":"http:\/\/klubmamgdynia.pl\/index.php\/wp-json\/wp\/v2\/comments?post=3010"}],"wp:featuredmedia":[{"embeddable":true,"href":"http:\/\/klubmamgdynia.pl\/index.php\/wp-json\/wp\/v2\/media\/3011"}],"wp:attachment":[{"href":"http:\/\/klubmamgdynia.pl\/index.php\/wp-json\/wp\/v2\/media?parent=3010"}],"wp:term":[{"taxonomy":"product_cat","embeddable":true,"href":"http:\/\/klubmamgdynia.pl\/index.php\/wp-json\/wp\/v2\/product_cat?post=3010"},{"taxonomy":"product_tag","embeddable":true,"href":"http:\/\/klubmamgdynia.pl\/index.php\/wp-json\/wp\/v2\/product_tag?post=3010"}],"curies":[{"name":"wp","href":"https:\/\/api.w.org\/{rel}","templated":true}]}}