{"id":3012,"date":"2022-10-16T03:03:15","date_gmt":"2022-10-16T01:03:15","guid":{"rendered":"http:\/\/klubmamgdynia.pl\/index.php\/produkt\/ekoala-nocnik-anatomiczny-100-bioplastik-fioletowy\/"},"modified":"2026-04-28T11:33:48","modified_gmt":"2026-04-28T09:33:48","slug":"ekoala-nocnik-anatomiczny-100-bioplastik-fioletowy","status":"publish","type":"product","link":"http:\/\/klubmamgdynia.pl\/index.php\/produkt\/ekoala-nocnik-anatomiczny-100-bioplastik-fioletowy\/","title":{"rendered":"eKoala Nocnik Anatomiczny 100% BIOplastik Fioletowy"},"content":{"rendered":"<p>Bardzo wygodny i praktyczny nocnik anatomiczny zapewniaj\u0105cy dziecku maksymalny komfort podczas u\u017cytkowania i nauki siusiania. Nocnik w 100% wykonany jest z BIOplastiku &#8211; materia\u0142u bezpiecznego i dla dziecka i dla \u015brodowiska. Jest ma\u0142y, lekki i stabilny. Idealnie sprawdzi si\u0119 w domu, podczas wyjazdu do dziadk\u00f3w b\u0105d\u017a na wakacjach. Pod etykiet\u0105 ka\u017cdego nocnika znajduj\u0105 si\u0119 nasiona kwiatk\u00f3w. Baw si\u0119 z dzieckiem odkrywaj\u0105c, kt\u00f3ry kwiat jest ukryty pod etykiet\u0105 Twojego eKinga. Posad\u017a nasiona, podlej je, i poczekaj kiedy wyrosn\u0105:) Cechy: wygodny i por\u0119czny posiada komfortowe siedzisko bezpieczny dla dziecka i dla \u015brodowiska nie zawiera BPA, PVC i ftalan\u00f3w 100% biodegradowalny wyprodukowany we W\u0142oszech Szczeg\u00f3\u0142y: wiek: 10m+ waga produktu [kg]: 0.733 wymiary produktu [cm]: 25 x 32 x 17 sk\u0142ad: 100% BIOplastik pochodz\u0105cy z kukurydzy Mater-Bi Produkt w\u0142oskiej markieKoala, kt\u00f3ra do produkcji produkt\u00f3w dla dzieci wykorzystuje innowacyjny BIOplastik, ekologiczny materia\u0142 biodegradowalny, pozyskany z surowca ro\u015blinnego oraz unikatowy ro\u015blinny kaszmir pozyskany z w\u0142\u00f3kien drewna sosny bia\u0142ej. Produkt wyprodukowany we W\u0142oszech, pocz\u0105wszy od pozyskania surowca, a\u017c do zapakowania gotowego produktu, z zachowaniem szczeg\u00f3lnej uwagi na bezpiecze\u0144stwo i komfort u\u017cytkowania.<\/p>\n<h2>eKoala Nocnik Anatomiczny 100% BIOplastik Fioletowy Inny<\/h2>\n<p>zaproszenia na urodziny dla dzieci do druku, mia, prima aprilis w szkole, co kupi\u0107 dziecku na roczek, estera, walentynka kolorowanka, zagadki na logiczne my\u015blenie, cytaty o rodzicach, zagadki dla dziewczyny, opisy do zdj dziecka, quizy online, zagadki dla doros\u0142ych, bajka o \u017cabie, quizy psi patrol, dziecko cytaty z\u0142ote my\u015bli, quiz zemsta, co kupi\u0107 na roczek dla dziewczynki, zagadki na inteligencje, zabawy ruchowe dla dzieci w przedszkolu<\/p>\n<p>yyyyy<\/p>\n<p>&nbsp;<\/p>\n","protected":false},"excerpt":{"rendered":"<p>Bardzo wygodny i praktyczny nocnik anatomiczny zapewniaj\u0105cy dziecku maksymalny komfort podczas u\u017cytkowania i nauki siusiania. Nocnik w 100% wykonany jest z BIOplastiku &#8211; materia\u0142u bezpiecznego i dla dziecka i dla \u015brodowiska. Jest ma\u0142y, lekki i stabilny. Idealnie sprawdzi si\u0119 w domu, podczas wyjazdu do dziadk\u00f3w b\u0105d\u017a na wakacjach. Pod etykiet\u0105 ka\u017cdego nocnika znajduj\u0105 si\u0119 nasiona [&hellip;]<\/p>\n","protected":false},"featured_media":3013,"comment_status":"closed","ping_status":"open","template":"","meta":[],"product_cat":[169,354],"product_tag":[838,822,793],"class_list":["post-3012","product","type-product","status-publish","has-post-thumbnail","hentry","product_cat-inny","product_cat-nocniki-nakladki-na-wc-i-podesty","product_tag-bajki-dla-dzieci-na-dobranoc","product_tag-wierszyki-o-wakacjach-krotkie","product_tag-zagadki-smieszne-podchwytliwe"],"_links":{"self":[{"href":"http:\/\/klubmamgdynia.pl\/index.php\/wp-json\/wp\/v2\/product\/3012","targetHints":{"allow":["GET"]}}],"collection":[{"href":"http:\/\/klubmamgdynia.pl\/index.php\/wp-json\/wp\/v2\/product"}],"about":[{"href":"http:\/\/klubmamgdynia.pl\/index.php\/wp-json\/wp\/v2\/types\/product"}],"replies":[{"embeddable":true,"href":"http:\/\/klubmamgdynia.pl\/index.php\/wp-json\/wp\/v2\/comments?post=3012"}],"wp:featuredmedia":[{"embeddable":true,"href":"http:\/\/klubmamgdynia.pl\/index.php\/wp-json\/wp\/v2\/media\/3013"}],"wp:attachment":[{"href":"http:\/\/klubmamgdynia.pl\/index.php\/wp-json\/wp\/v2\/media?parent=3012"}],"wp:term":[{"taxonomy":"product_cat","embeddable":true,"href":"http:\/\/klubmamgdynia.pl\/index.php\/wp-json\/wp\/v2\/product_cat?post=3012"},{"taxonomy":"product_tag","embeddable":true,"href":"http:\/\/klubmamgdynia.pl\/index.php\/wp-json\/wp\/v2\/product_tag?post=3012"}],"curies":[{"name":"wp","href":"https:\/\/api.w.org\/{rel}","templated":true}]}}