{"id":3014,"date":"2012-11-02T23:09:20","date_gmt":"2012-11-02T22:09:20","guid":{"rendered":"http:\/\/klubmamgdynia.pl\/index.php\/produkt\/zwierzeta-zagrodowe-edukacyjne-14szt-akcesoria\/"},"modified":"2026-04-29T00:15:52","modified_gmt":"2026-04-28T22:15:52","slug":"zwierzeta-zagrodowe-edukacyjne-14szt-akcesoria","status":"publish","type":"product","link":"http:\/\/klubmamgdynia.pl\/index.php\/produkt\/zwierzeta-zagrodowe-edukacyjne-14szt-akcesoria\/","title":{"rendered":"Zwierz\u0119ta zagrodowe edukacyjne 14szt + akcesoria"},"content":{"rendered":"<p>ZWIERZ\u0118TA ZAGRODOWE FIGURKI EDUKACYJNE 14 SZT. + AKCESORIAWyj\u0105tkowy zestaw figurek przedstawiaj\u0105cy 12 r\u00f3\u017cnych zwierz\u0105t zagrodowych przeniesie m\u0142odego pasjonata przyrody wprost na farm\u0119. Dodatkowe akcesoria w postaci zagrody i drzew u\u0142atwi\u0105 dziecku stworzenia prawdziwego gospodarstwa rolnego, kt\u00f3rego stanie si\u0119 w\u0142a\u015bcicielem.Twoje dziecko interesuje si\u0119 biologi\u0105? Kocha wszystkie wiejskie zwierz\u0119ta? A mo\u017ce po prostu kolekcjonuje figurki? Ten zestaw z pewno\u015bci\u0105 skradnie serce Twojej pociechy i dostarczy mn\u00f3stwo nieko\u0144cz\u0105cej si\u0119 zabawy.Wybierz si\u0119 w magiczn\u0105 podr\u00f3\u017c pe\u0142n\u0105 niezapomnianych wra\u017ce\u0144 po wyj\u0105tkowym gospodarstwie agroturystycznym. Podziwiaj galopuj\u0105cego konia, \u015bwink\u0119 taplaj\u0105c\u0105 si\u0119 w b\u0142ocie lub koz\u0119 skubi\u0105c\u0105 zielon\u0105 trawk\u0119.Zestaw figurek to propozycja doskona\u0142ej zabawy wspieraj\u0105cej prawid\u0142owy rozw\u00f3j dziecka. Pobudza wyobra\u017ani\u0119 malucha i zach\u0119ca do kreatywnej zabawy. Co wi\u0119cej b\u0119d\u0105 doskona\u0142\u0105 motywacj\u0105 do poznania historii, zwyczaj\u00f3w czy miejsc wyst\u0119powania poszczeg\u00f3lnych zwierz\u0105t.Wspania\u0142y pomys\u0142 na wyj\u0105tkowy prezent dla ma\u0142ego odkrywcy.Zwierz\u0105tka zachwycaj\u0105 szczeg\u00f3\u0142ami. Wierne odwzorowanie detali zachwyci nawet najbardziej wymagaj\u0105cego kolekcjonera. B\u0119d\u0105 doskona\u0142ym uzupe\u0142nieniem dotychczas zgromadzonej kolekcji.Zawarto\u015b\u0107 zestawu: Ko\u0144, 2 kozy, Krowa, \u015awinia, 2 psy, Kogut, Kura, Osio\u0142, Kaczka, G\u0119\u015b, Byk Baran, 4 palmy, 12 prz\u0119se\u0142 ogrodowych. Wymiary: Ko\u0144: 20cm x 4,5cm x 14cm Krowa: 12cm x 4cm x 6cm Prz\u0119s\u0142a p\u0142otu: ok. 7cm x 3,8cm x 0,3cm Opakowania: 21cm x 19cm x 25cm&#8230;<\/p>\n<h2>Zwierz\u0119ta zagrodowe edukacyjne 14szt + akcesoria Kik<\/h2>\n<p>zagadki dla ma\u0142ych dzieci, bajka o \u017cabie, zagadki o przyborach szkolnych, dzieci.pl, bajki do czytania psi patrol, prima aprilis zarty, zagadki na inteligencje, jak si\u0119 rysuje psa, czapka g\u00f3rnika szablon chomikuj, przyja\u017a\u0144, kolorowanka do druku super zings, ozdoby wielkanocne kt\u00f3re mog\u0105 zrobi\u0107 dzieci<\/p>\n<p>yyyyy<\/p>\n<p>&nbsp;<\/p>\n","protected":false},"excerpt":{"rendered":"<p>ZWIERZ\u0118TA ZAGRODOWE FIGURKI EDUKACYJNE 14 SZT. + AKCESORIAWyj\u0105tkowy zestaw figurek przedstawiaj\u0105cy 12 r\u00f3\u017cnych zwierz\u0105t zagrodowych przeniesie m\u0142odego pasjonata przyrody wprost na farm\u0119. Dodatkowe akcesoria w postaci zagrody i drzew u\u0142atwi\u0105 dziecku stworzenia prawdziwego gospodarstwa rolnego, kt\u00f3rego stanie si\u0119 w\u0142a\u015bcicielem.Twoje dziecko interesuje si\u0119 biologi\u0105? Kocha wszystkie wiejskie zwierz\u0119ta? A mo\u017ce po prostu kolekcjonuje figurki? Ten zestaw [&hellip;]<\/p>\n","protected":false},"featured_media":3015,"comment_status":"closed","ping_status":"open","template":"","meta":[],"product_cat":[95,165],"product_tag":[610,696,729,858,773,809,633],"class_list":["post-3014","product","type-product","status-publish","has-post-thumbnail","hentry","product_cat-figurki-makiety-i-zestawy","product_cat-kik","product_tag-co-na-prezent-dla-nastolatkow","product_tag-film-rodzinny-o-swietach","product_tag-madre-bajki-dla-dzieci-do-czytania","product_tag-podchwytliwe-zagadki","product_tag-test-z-lektury-opowiesci-z-narnii-lew-czarownica-i-stara-szafa","product_tag-zagadki","product_tag-zagadki-z-odpowiedziami"],"_links":{"self":[{"href":"http:\/\/klubmamgdynia.pl\/index.php\/wp-json\/wp\/v2\/product\/3014","targetHints":{"allow":["GET"]}}],"collection":[{"href":"http:\/\/klubmamgdynia.pl\/index.php\/wp-json\/wp\/v2\/product"}],"about":[{"href":"http:\/\/klubmamgdynia.pl\/index.php\/wp-json\/wp\/v2\/types\/product"}],"replies":[{"embeddable":true,"href":"http:\/\/klubmamgdynia.pl\/index.php\/wp-json\/wp\/v2\/comments?post=3014"}],"wp:featuredmedia":[{"embeddable":true,"href":"http:\/\/klubmamgdynia.pl\/index.php\/wp-json\/wp\/v2\/media\/3015"}],"wp:attachment":[{"href":"http:\/\/klubmamgdynia.pl\/index.php\/wp-json\/wp\/v2\/media?parent=3014"}],"wp:term":[{"taxonomy":"product_cat","embeddable":true,"href":"http:\/\/klubmamgdynia.pl\/index.php\/wp-json\/wp\/v2\/product_cat?post=3014"},{"taxonomy":"product_tag","embeddable":true,"href":"http:\/\/klubmamgdynia.pl\/index.php\/wp-json\/wp\/v2\/product_tag?post=3014"}],"curies":[{"name":"wp","href":"https:\/\/api.w.org\/{rel}","templated":true}]}}