{"id":3018,"date":"2020-09-06T11:28:30","date_gmt":"2020-09-06T09:28:30","guid":{"rendered":"http:\/\/klubmamgdynia.pl\/index.php\/produkt\/doris-drewniane-rybki-na-magnesach-lowienie-006544-1514\/"},"modified":"2026-04-24T12:04:54","modified_gmt":"2026-04-24T10:04:54","slug":"doris-drewniane-rybki-na-magnesach-lowienie-006544-1514","status":"publish","type":"product","link":"http:\/\/klubmamgdynia.pl\/index.php\/produkt\/doris-drewniane-rybki-na-magnesach-lowienie-006544-1514\/","title":{"rendered":"Doris Drewniane Rybki Na Magnesach \u0141owienie 006544\/1514"},"content":{"rendered":"<p>Wybierz si\u0119 w podr\u00f3\u017c po podwodnym \u015bwiecie pe\u0142nym morskich, kolorowych zwierz\u0105tek. Gra \u0142owienie to znakomita zabawka pozwalaj\u0105ca Twojemu dziecku rozwin\u0105\u0107 koordynacj\u0119 ma\u0142ych r\u0105czek. Dwie w\u0119dki wchodz\u0105ce w sk\u0142ad zestawu umo\u017cliwiaj\u0105 wsp\u00f3ln\u0105 zabaw\u0119 ze swoja pociech\u0105, co gwarantuje jeszcze wi\u0119cej atrakcji i u\u015bmiechu. Zestaw posiada r\u00f3\u017cnokolorowe drewniane elementy o zaokr\u0105glonych kszta\u0142tach w trosce o bezpiecze\u0144stwo podczas zabawy oraz ciekaw\u0105 podk\u0142adk\u0119 w postaci puzzli przedstawiaj\u0105cych morskie g\u0142\u0119biny. Dodatkow\u0105 atrakcj\u0105 jest mo\u017cliwo\u015b\u0107 nauki nazw poszczeg\u00f3lnych zwierz\u0105tek w j\u0119zyki angielskim oraz chi\u0144skim. W sk\u0142ad zestawu wchodz\u0105: &#8211; 20 kolorowych zwierz\u0105tek morskich &#8211; dwie w\u0119dki &#8211; podk\u0142adka- puzzle Wszystko pakowane w por\u0119czny okr\u0105g\u0142y kuferek z uchwytem. Wymiary: \u015arednica opakowania: 18,5cm, wysoko\u015b\u0107 11cm. Zabawka przeznaczona dla dzieci powy\u017cej 3 lat.<\/p>\n<h2>Doris Drewniane Rybki Na Magnesach \u0141owienie 006544\/1514 Doris<\/h2>\n<p>kolorowanki pokemon, szlaczki dla dzieci do druku, kolysanki tekst, zabawy dla 7 latki, cytaty dla mamy, miko\u0142ajki dla dzieci warszawa 2021, kolorowanka lol, w\u0142ochy, bajki dla dzieci online, kolorowanki kotki do druku, urodziny dziecka pomys\u0142y, kolorowanki do druku dla dziewczynek, imie gaja, test opowie\u015bci z narnii lew czarownica i stara szafa do druku, po\u0142\u0105cz kropki do druku \u0142atwe, znaczenie imienia gabriel, uk\u0142ad s\u0142oneczny do druku<\/p>\n<p>yyyyy<\/p>\n<p>&nbsp;<\/p>\n","protected":false},"excerpt":{"rendered":"<p>Wybierz si\u0119 w podr\u00f3\u017c po podwodnym \u015bwiecie pe\u0142nym morskich, kolorowych zwierz\u0105tek. Gra \u0142owienie to znakomita zabawka pozwalaj\u0105ca Twojemu dziecku rozwin\u0105\u0107 koordynacj\u0119 ma\u0142ych r\u0105czek. Dwie w\u0119dki wchodz\u0105ce w sk\u0142ad zestawu umo\u017cliwiaj\u0105 wsp\u00f3ln\u0105 zabaw\u0119 ze swoja pociech\u0105, co gwarantuje jeszcze wi\u0119cej atrakcji i u\u015bmiechu. Zestaw posiada r\u00f3\u017cnokolorowe drewniane elementy o zaokr\u0105glonych kszta\u0142tach w trosce o bezpiecze\u0144stwo podczas [&hellip;]<\/p>\n","protected":false},"featured_media":3019,"comment_status":"closed","ping_status":"open","template":"","meta":[],"product_cat":[338,537],"product_tag":[852,674,687,606,823],"class_list":["post-3018","product","type-product","status-publish","has-post-thumbnail","hentry","product_cat-doris","product_cat-pozostale-zabawki-edukacyjne","product_tag-jak-zrobic-samolot-z-papieru","product_tag-miasto-dzieci","product_tag-podchwytliwe-zagadki-matematyczne","product_tag-stala-pod-sniegiem","product_tag-zagadki-dla-dzieci-7-lat"],"_links":{"self":[{"href":"http:\/\/klubmamgdynia.pl\/index.php\/wp-json\/wp\/v2\/product\/3018","targetHints":{"allow":["GET"]}}],"collection":[{"href":"http:\/\/klubmamgdynia.pl\/index.php\/wp-json\/wp\/v2\/product"}],"about":[{"href":"http:\/\/klubmamgdynia.pl\/index.php\/wp-json\/wp\/v2\/types\/product"}],"replies":[{"embeddable":true,"href":"http:\/\/klubmamgdynia.pl\/index.php\/wp-json\/wp\/v2\/comments?post=3018"}],"wp:featuredmedia":[{"embeddable":true,"href":"http:\/\/klubmamgdynia.pl\/index.php\/wp-json\/wp\/v2\/media\/3019"}],"wp:attachment":[{"href":"http:\/\/klubmamgdynia.pl\/index.php\/wp-json\/wp\/v2\/media?parent=3018"}],"wp:term":[{"taxonomy":"product_cat","embeddable":true,"href":"http:\/\/klubmamgdynia.pl\/index.php\/wp-json\/wp\/v2\/product_cat?post=3018"},{"taxonomy":"product_tag","embeddable":true,"href":"http:\/\/klubmamgdynia.pl\/index.php\/wp-json\/wp\/v2\/product_tag?post=3018"}],"curies":[{"name":"wp","href":"https:\/\/api.w.org\/{rel}","templated":true}]}}