{"id":3022,"date":"2014-09-01T07:16:11","date_gmt":"2014-09-01T05:16:11","guid":{"rendered":"http:\/\/klubmamgdynia.pl\/index.php\/produkt\/lena-szablony-ksiezniczki-i-baletnice\/"},"modified":"2026-04-07T00:03:44","modified_gmt":"2026-04-06T22:03:44","slug":"lena-szablony-ksiezniczki-i-baletnice","status":"publish","type":"product","link":"http:\/\/klubmamgdynia.pl\/index.php\/produkt\/lena-szablony-ksiezniczki-i-baletnice\/","title":{"rendered":"Lena Szablony Ksi\u0119\u017cniczki I Baletnice"},"content":{"rendered":"<p>Szablony &#8211; Ksi\u0119\u017cniczki i baletniceSzablony rysunkowe z motywem ksi\u0119\u017cniczek i baletnic. Opakowanie zawiera 2 szablony o wymiarach 27 x 23 cm.Informacje o produkcieNr katalogowy65766Obszar PlastyczneRodzaj Szablony i malowankiWymagania wiekowe od 3 latP\u0142e\u0107 Ch\u0142opcyDziewczynkiProdukt na baterie NieBaterie w zestawie NieZasilanie Nie dotyczyWymiary27 x 23 cmAkcesoria w zestawie2 x Szablon<\/p>\n<h2>Lena Szablony Ksi\u0119\u017cniczki I Baletnice Lena<\/h2>\n<p>lukrecja imie, bajki dla niemowl\u0105t do czytania, zagadki na logiczne my\u015blenie, laurka dla mamy rysunek, zagadki dla 5 latka, imie kuba, imi\u0119 pola<\/p>\n<p>yyyyy<\/p>\n<p>&nbsp;<\/p>\n","protected":false},"excerpt":{"rendered":"<p>Szablony &#8211; Ksi\u0119\u017cniczki i baletniceSzablony rysunkowe z motywem ksi\u0119\u017cniczek i baletnic. Opakowanie zawiera 2 szablony o wymiarach 27 x 23 cm.Informacje o produkcieNr katalogowy65766Obszar PlastyczneRodzaj Szablony i malowankiWymagania wiekowe od 3 latP\u0142e\u0107 Ch\u0142opcyDziewczynkiProdukt na baterie NieBaterie w zestawie NieZasilanie Nie dotyczyWymiary27 x 23 cmAkcesoria w zestawie2 x Szablon Lena Szablony Ksi\u0119\u017cniczki I Baletnice Lena lukrecja [&hellip;]<\/p>\n","protected":false},"featured_media":3023,"comment_status":"closed","ping_status":"open","template":"","meta":[],"product_cat":[531,21],"product_tag":[660,629,675,736,633],"class_list":["post-3022","product","type-product","status-publish","has-post-thumbnail","hentry","product_cat-lena","product_cat-zabawki-plastyczne","product_tag-bianka","product_tag-smieszne-zagadki-z-odpowiedziami","product_tag-test-z-lektury-kajko-i-kokosz-szkola-latania","product_tag-zabawki-na-roczek","product_tag-zagadki-z-odpowiedziami"],"_links":{"self":[{"href":"http:\/\/klubmamgdynia.pl\/index.php\/wp-json\/wp\/v2\/product\/3022","targetHints":{"allow":["GET"]}}],"collection":[{"href":"http:\/\/klubmamgdynia.pl\/index.php\/wp-json\/wp\/v2\/product"}],"about":[{"href":"http:\/\/klubmamgdynia.pl\/index.php\/wp-json\/wp\/v2\/types\/product"}],"replies":[{"embeddable":true,"href":"http:\/\/klubmamgdynia.pl\/index.php\/wp-json\/wp\/v2\/comments?post=3022"}],"wp:featuredmedia":[{"embeddable":true,"href":"http:\/\/klubmamgdynia.pl\/index.php\/wp-json\/wp\/v2\/media\/3023"}],"wp:attachment":[{"href":"http:\/\/klubmamgdynia.pl\/index.php\/wp-json\/wp\/v2\/media?parent=3022"}],"wp:term":[{"taxonomy":"product_cat","embeddable":true,"href":"http:\/\/klubmamgdynia.pl\/index.php\/wp-json\/wp\/v2\/product_cat?post=3022"},{"taxonomy":"product_tag","embeddable":true,"href":"http:\/\/klubmamgdynia.pl\/index.php\/wp-json\/wp\/v2\/product_tag?post=3022"}],"curies":[{"name":"wp","href":"https:\/\/api.w.org\/{rel}","templated":true}]}}