{"id":3024,"date":"2019-01-27T03:19:33","date_gmt":"2019-01-27T02:19:33","guid":{"rendered":"http:\/\/klubmamgdynia.pl\/index.php\/produkt\/nici-cuddly-zabawka-kolyszacy-sie-smok-dragilu-23-cm\/"},"modified":"2026-04-28T07:30:35","modified_gmt":"2026-04-28T05:30:35","slug":"nici-cuddly-zabawka-kolyszacy-sie-smok-dragilu-23-cm","status":"publish","type":"product","link":"http:\/\/klubmamgdynia.pl\/index.php\/produkt\/nici-cuddly-zabawka-kolyszacy-sie-smok-dragilu-23-cm\/","title":{"rendered":"NICI Cuddly zabawka ko\u0142ysz\u0105cy si\u0119 smok Dragilu, 23 cm"},"content":{"rendered":"<p>Smok Dragilu z kolekcji My First NICI to \u015bwietny przyjaciel i obro\u0144ca, szczeg\u00f3lnie dla niemowl\u0105t i ma\u0142ych dzieci od urodzenia. Przytulanka, wykonana z wysokiej jako\u015bci, super mi\u0119kkiego pluszu, posiada typowy smoczy grzebie\u0144, skrzyde\u0142ka, zabawny nos w kolorze orange i wyhaftowane oczy z guzikami NICI . szczeg\u00f3\u0142y dotycz\u0105ce produktu: Wymiary: (d\u0142ugo\u015b\u0107 x szeroko\u015b\u0107 x wysoko\u015b\u0107) 16 x 16 x 23 cm Materia\u0142: plusz\/poliester Czyszczenie: delikatny cykl mycia w temperaturze 30\u00b0C. Wiek: od 0 miesi\u0119cy<\/p>\n<h2>NICI Cuddly zabawka ko\u0142ysz\u0105cy si\u0119 smok Dragilu, 23 cm Nici<\/h2>\n<p>kolorowanka sky, mi\u0142o\u015b\u0107 do dziecka cytaty, zawiedziona przyja\u017a\u0144 cytaty, zabawy dla 6 latk\u00f3w, nadia imie, prezent na urodziny dla nastolatk\u00f3w, milan imi\u0119<\/p>\n<p>yyyyy<\/p>\n<p>&nbsp;<\/p>\n","protected":false},"excerpt":{"rendered":"<p>Smok Dragilu z kolekcji My First NICI to \u015bwietny przyjaciel i obro\u0144ca, szczeg\u00f3lnie dla niemowl\u0105t i ma\u0142ych dzieci od urodzenia. Przytulanka, wykonana z wysokiej jako\u015bci, super mi\u0119kkiego pluszu, posiada typowy smoczy grzebie\u0144, skrzyde\u0142ka, zabawny nos w kolorze orange i wyhaftowane oczy z guzikami NICI . szczeg\u00f3\u0142y dotycz\u0105ce produktu: Wymiary: (d\u0142ugo\u015b\u0107 x szeroko\u015b\u0107 x wysoko\u015b\u0107) 16 [&hellip;]<\/p>\n","protected":false},"featured_media":3025,"comment_status":"closed","ping_status":"open","template":"","meta":[],"product_cat":[42,961],"product_tag":[728,764,713],"class_list":["post-3024","product","type-product","status-publish","has-post-thumbnail","hentry","product_cat-maskotki","product_cat-nici","product_tag-bezwarunkowa-milosc-do-dziecka-cytaty","product_tag-prezenty-na-roczek-dla-dziewczynki","product_tag-zagadki-logiczne-z-odpowiedziami"],"_links":{"self":[{"href":"http:\/\/klubmamgdynia.pl\/index.php\/wp-json\/wp\/v2\/product\/3024","targetHints":{"allow":["GET"]}}],"collection":[{"href":"http:\/\/klubmamgdynia.pl\/index.php\/wp-json\/wp\/v2\/product"}],"about":[{"href":"http:\/\/klubmamgdynia.pl\/index.php\/wp-json\/wp\/v2\/types\/product"}],"replies":[{"embeddable":true,"href":"http:\/\/klubmamgdynia.pl\/index.php\/wp-json\/wp\/v2\/comments?post=3024"}],"wp:featuredmedia":[{"embeddable":true,"href":"http:\/\/klubmamgdynia.pl\/index.php\/wp-json\/wp\/v2\/media\/3025"}],"wp:attachment":[{"href":"http:\/\/klubmamgdynia.pl\/index.php\/wp-json\/wp\/v2\/media?parent=3024"}],"wp:term":[{"taxonomy":"product_cat","embeddable":true,"href":"http:\/\/klubmamgdynia.pl\/index.php\/wp-json\/wp\/v2\/product_cat?post=3024"},{"taxonomy":"product_tag","embeddable":true,"href":"http:\/\/klubmamgdynia.pl\/index.php\/wp-json\/wp\/v2\/product_tag?post=3024"}],"curies":[{"name":"wp","href":"https:\/\/api.w.org\/{rel}","templated":true}]}}