{"id":3026,"date":"2018-09-28T09:36:38","date_gmt":"2018-09-28T07:36:38","guid":{"rendered":"http:\/\/klubmamgdynia.pl\/index.php\/produkt\/nici-jezozwierz-chris-z-wiszacymi-nogami-35-cm\/"},"modified":"2026-04-26T20:59:01","modified_gmt":"2026-04-26T18:59:01","slug":"nici-jezozwierz-chris-z-wiszacymi-nogami-35-cm","status":"publish","type":"product","link":"http:\/\/klubmamgdynia.pl\/index.php\/produkt\/nici-jezozwierz-chris-z-wiszacymi-nogami-35-cm\/","title":{"rendered":"Nici Je\u017cozwierz Chris Z Wisz\u0105cymi Nogami 35 cm"},"content":{"rendered":"<p>Pluszowy Je\u017cozwierz Chris to bohater najnowszej kolekcji marki NICI. \u015awietnie sprawdzi si\u0119 jako ozdoba pokoju jak i kompan do zabawy.<\/p>\n<h2>Nici Je\u017cozwierz Chris Z Wisz\u0105cymi Nogami 35 cm Nici<\/h2>\n<p>opis na dzie\u0144 mamy, bajka o dinozaurach do czytania, ale kino program, kolorowanki kotki, pieski ma\u0142e dwa tekst, wierszyki na \u015bmigus dyngus, wobies, imi\u0119 mia<\/p>\n<p>yyyyy<\/p>\n<p>&nbsp;<\/p>\n","protected":false},"excerpt":{"rendered":"<p>Pluszowy Je\u017cozwierz Chris to bohater najnowszej kolekcji marki NICI. \u015awietnie sprawdzi si\u0119 jako ozdoba pokoju jak i kompan do zabawy. Nici Je\u017cozwierz Chris Z Wisz\u0105cymi Nogami 35 cm Nici opis na dzie\u0144 mamy, bajka o dinozaurach do czytania, ale kino program, kolorowanki kotki, pieski ma\u0142e dwa tekst, wierszyki na \u015bmigus dyngus, wobies, imi\u0119 mia yyyyy [&hellip;]<\/p>\n","protected":false},"featured_media":3027,"comment_status":"closed","ping_status":"open","template":"","meta":[],"product_cat":[42,961],"product_tag":[842,616,698,633],"class_list":["post-3026","product","type-product","status-publish","has-post-thumbnail","hentry","product_cat-maskotki","product_cat-nici","product_tag-plac-zabaw-poznan","product_tag-test-mikolajek-25-pytan","product_tag-zagadki-dla-przedszkolakow","product_tag-zagadki-z-odpowiedziami"],"_links":{"self":[{"href":"http:\/\/klubmamgdynia.pl\/index.php\/wp-json\/wp\/v2\/product\/3026","targetHints":{"allow":["GET"]}}],"collection":[{"href":"http:\/\/klubmamgdynia.pl\/index.php\/wp-json\/wp\/v2\/product"}],"about":[{"href":"http:\/\/klubmamgdynia.pl\/index.php\/wp-json\/wp\/v2\/types\/product"}],"replies":[{"embeddable":true,"href":"http:\/\/klubmamgdynia.pl\/index.php\/wp-json\/wp\/v2\/comments?post=3026"}],"wp:featuredmedia":[{"embeddable":true,"href":"http:\/\/klubmamgdynia.pl\/index.php\/wp-json\/wp\/v2\/media\/3027"}],"wp:attachment":[{"href":"http:\/\/klubmamgdynia.pl\/index.php\/wp-json\/wp\/v2\/media?parent=3026"}],"wp:term":[{"taxonomy":"product_cat","embeddable":true,"href":"http:\/\/klubmamgdynia.pl\/index.php\/wp-json\/wp\/v2\/product_cat?post=3026"},{"taxonomy":"product_tag","embeddable":true,"href":"http:\/\/klubmamgdynia.pl\/index.php\/wp-json\/wp\/v2\/product_tag?post=3026"}],"curies":[{"name":"wp","href":"https:\/\/api.w.org\/{rel}","templated":true}]}}