{"id":3028,"date":"2014-06-26T20:16:07","date_gmt":"2014-06-26T18:16:07","guid":{"rendered":"http:\/\/klubmamgdynia.pl\/index.php\/produkt\/nici-q-oopsy-43cm\/"},"modified":"2026-04-07T10:29:51","modified_gmt":"2026-04-07T08:29:51","slug":"nici-q-oopsy-43cm","status":"publish","type":"product","link":"http:\/\/klubmamgdynia.pl\/index.php\/produkt\/nici-q-oopsy-43cm\/","title":{"rendered":"Nici Q Oopsy 43Cm"},"content":{"rendered":"<p>Sympatyczny may kosmita OopsyMikki, wietnej jakoci plusz marki NiciMaskotka 43cm<\/p>\n<h2>Nici Q Oopsy 43Cm Nici<\/h2>\n<p>koty rysunki, prezent roczek, wiersz na wielkanocnym stole, maska kota do druku, nowoczesna babcia wiersz, bezwarunkowa mi\u0142o\u015b\u0107 do dziecka cytaty, miasto dzieci krak\u00f3w, zaproszenie na urodziny, mini kanapki dla dzieci<\/p>\n<p>yyyyy<\/p>\n<p>&nbsp;<\/p>\n","protected":false},"excerpt":{"rendered":"<p>Sympatyczny may kosmita OopsyMikki, wietnej jakoci plusz marki NiciMaskotka 43cm Nici Q Oopsy 43Cm Nici koty rysunki, prezent roczek, wiersz na wielkanocnym stole, maska kota do druku, nowoczesna babcia wiersz, bezwarunkowa mi\u0142o\u015b\u0107 do dziecka cytaty, miasto dzieci krak\u00f3w, zaproszenie na urodziny, mini kanapki dla dzieci yyyyy &nbsp;<\/p>\n","protected":false},"featured_media":3029,"comment_status":"closed","ping_status":"open","template":"","meta":[],"product_cat":[42,961],"product_tag":[754,593,757],"class_list":["post-3028","product","type-product","status-publish","has-post-thumbnail","hentry","product_cat-maskotki","product_cat-nici","product_tag-dyplomy-do-wydrukowania-a4","product_tag-jak-narysowac-konia","product_tag-test-z-lektury-ania-z-zielonego-wzgorza-klasa-6-z-odpowiedziami"],"_links":{"self":[{"href":"http:\/\/klubmamgdynia.pl\/index.php\/wp-json\/wp\/v2\/product\/3028","targetHints":{"allow":["GET"]}}],"collection":[{"href":"http:\/\/klubmamgdynia.pl\/index.php\/wp-json\/wp\/v2\/product"}],"about":[{"href":"http:\/\/klubmamgdynia.pl\/index.php\/wp-json\/wp\/v2\/types\/product"}],"replies":[{"embeddable":true,"href":"http:\/\/klubmamgdynia.pl\/index.php\/wp-json\/wp\/v2\/comments?post=3028"}],"wp:featuredmedia":[{"embeddable":true,"href":"http:\/\/klubmamgdynia.pl\/index.php\/wp-json\/wp\/v2\/media\/3029"}],"wp:attachment":[{"href":"http:\/\/klubmamgdynia.pl\/index.php\/wp-json\/wp\/v2\/media?parent=3028"}],"wp:term":[{"taxonomy":"product_cat","embeddable":true,"href":"http:\/\/klubmamgdynia.pl\/index.php\/wp-json\/wp\/v2\/product_cat?post=3028"},{"taxonomy":"product_tag","embeddable":true,"href":"http:\/\/klubmamgdynia.pl\/index.php\/wp-json\/wp\/v2\/product_tag?post=3028"}],"curies":[{"name":"wp","href":"https:\/\/api.w.org\/{rel}","templated":true}]}}