{"id":303,"date":"2019-05-29T09:54:43","date_gmt":"2019-05-29T07:54:43","guid":{"rendered":"http:\/\/klubmamgdynia.pl\/index.php\/produkt\/bioderma-pigmentbio-h2o-plyn-micelarny-250ml\/"},"modified":"2026-04-29T04:49:29","modified_gmt":"2026-04-29T02:49:29","slug":"bioderma-pigmentbio-h2o-plyn-micelarny-250ml","status":"publish","type":"product","link":"http:\/\/klubmamgdynia.pl\/index.php\/produkt\/bioderma-pigmentbio-h2o-plyn-micelarny-250ml\/","title":{"rendered":"BIODERMA PIGMENTBIO H2O P\u0142yn micelarny 250ml"},"content":{"rendered":"<p>Rozja\u015bniaj\u0105cy p\u0142yn micelarny wspomagaj\u0105cy redukcj\u0119 przebarwie\u0144.<\/p>\n<h2>BIODERMA PIGMENTBIO H2O P\u0142yn micelarny 250ml Bioderma<\/h2>\n<p>wiosenna kolorowanka, hymn g\u00f3rniczy, krotkie zagadki, koty rysunki, pozytywne cytaty mama cytaty, imie iwo, niech \u017cyj\u0105 wakacje tekst, milena, z\u0142ote my\u015bli kubu\u015b puchatek cytaty, spiderman kolorowanka, darmowe bajki dla dzieci, wierszyki na lany poniedzia\u0142ek, koty do druku, bajka terapeutyczna o emocjach, mira imie, roczek prezenty, kr\u00f3tkie czytanki dla dzieci do wydruku, list do gwiazdora, dinozaur bajka, szlaczki dla dzieci, ewelina<\/p>\n<p>yyyyy<\/p>\n<p>&nbsp;<\/p>\n","protected":false},"excerpt":{"rendered":"<p>Rozja\u015bniaj\u0105cy p\u0142yn micelarny wspomagaj\u0105cy redukcj\u0119 przebarwie\u0144. BIODERMA PIGMENTBIO H2O P\u0142yn micelarny 250ml Bioderma wiosenna kolorowanka, hymn g\u00f3rniczy, krotkie zagadki, koty rysunki, pozytywne cytaty mama cytaty, imie iwo, niech \u017cyj\u0105 wakacje tekst, milena, z\u0142ote my\u015bli kubu\u015b puchatek cytaty, spiderman kolorowanka, darmowe bajki dla dzieci, wierszyki na lany poniedzia\u0142ek, koty do druku, bajka terapeutyczna o emocjach, mira [&hellip;]<\/p>\n","protected":false},"featured_media":304,"comment_status":"closed","ping_status":"open","template":"","meta":[],"product_cat":[133,134],"product_tag":[776,648,622,672],"class_list":["post-303","product","type-product","status-publish","has-post-thumbnail","hentry","product_cat-bioderma","product_cat-dermokosmetyki","product_tag-dobrej-nocy","product_tag-dobrej-nocy-i-sza","product_tag-fajne-zagadki","product_tag-trudne-zagadki-z-odpowiedziami"],"_links":{"self":[{"href":"http:\/\/klubmamgdynia.pl\/index.php\/wp-json\/wp\/v2\/product\/303","targetHints":{"allow":["GET"]}}],"collection":[{"href":"http:\/\/klubmamgdynia.pl\/index.php\/wp-json\/wp\/v2\/product"}],"about":[{"href":"http:\/\/klubmamgdynia.pl\/index.php\/wp-json\/wp\/v2\/types\/product"}],"replies":[{"embeddable":true,"href":"http:\/\/klubmamgdynia.pl\/index.php\/wp-json\/wp\/v2\/comments?post=303"}],"wp:featuredmedia":[{"embeddable":true,"href":"http:\/\/klubmamgdynia.pl\/index.php\/wp-json\/wp\/v2\/media\/304"}],"wp:attachment":[{"href":"http:\/\/klubmamgdynia.pl\/index.php\/wp-json\/wp\/v2\/media?parent=303"}],"wp:term":[{"taxonomy":"product_cat","embeddable":true,"href":"http:\/\/klubmamgdynia.pl\/index.php\/wp-json\/wp\/v2\/product_cat?post=303"},{"taxonomy":"product_tag","embeddable":true,"href":"http:\/\/klubmamgdynia.pl\/index.php\/wp-json\/wp\/v2\/product_tag?post=303"}],"curies":[{"name":"wp","href":"https:\/\/api.w.org\/{rel}","templated":true}]}}